{"id":102,"date":"2023-02-20T20:25:36","date_gmt":"2023-02-20T19:25:36","guid":{"rendered":"https:\/\/inventozen.com\/?page_id=102"},"modified":"2025-07-21T14:10:58","modified_gmt":"2025-07-21T12:10:58","slug":"contact","status":"publish","type":"page","link":"https:\/\/inventozen.com\/index.php\/contact\/","title":{"rendered":"Contact"},"content":{"rendered":"<div class=\"wpb-content-wrapper\"><p>[vc_row css_animation=\u00a0\u00bb\u00a0\u00bb row_type=\u00a0\u00bbrow\u00a0\u00bb use_row_as_full_screen_section=\u00a0\u00bbno\u00a0\u00bb type=\u00a0\u00bbgrid\u00a0\u00bb angled_section=\u00a0\u00bbno\u00a0\u00bb text_align=\u00a0\u00bbleft\u00a0\u00bb background_image_as_pattern=\u00a0\u00bbwithout_pattern\u00a0\u00bb z_index=\u00a0\u00bb\u00a0\u00bb css=\u00a0\u00bb.vc_custom_1725962007653{background-color: #F8FAFC !important;}\u00a0\u00bb][vc_column width=\u00a0\u00bb2\/3&Prime;][vc_empty_space][vc_column_text css=\u00a0\u00bb\u00a0\u00bb]<\/p>\n<h1 style=\"color: #006eab; text-transform: uppercase; font-weight: 500; font-size: 14px; line-height: 18px;\">Nous contacter<\/h1>\n<p>[\/vc_column_text][vc_empty_space height=\u00a0\u00bb4px\u00a0\u00bb][vc_column_text css=\u00a0\u00bb\u00a0\u00bb]<\/p>\n<h2>\u00c0 votre \u00e9coute<\/h2>\n<p>[\/vc_column_text][vc_empty_space height=\u00a0\u00bb8px\u00a0\u00bb][\/vc_column][vc_column width=\u00a0\u00bb1\/3&Prime;][\/vc_column][\/vc_row][vc_row css_animation=\u00a0\u00bb\u00a0\u00bb row_type=\u00a0\u00bbrow\u00a0\u00bb use_row_as_full_screen_section=\u00a0\u00bbno\u00a0\u00bb type=\u00a0\u00bbgrid\u00a0\u00bb angled_section=\u00a0\u00bbno\u00a0\u00bb text_align=\u00a0\u00bbleft\u00a0\u00bb background_image_as_pattern=\u00a0\u00bbwithout_pattern\u00a0\u00bb z_index=\u00a0\u00bb\u00a0\u00bb css=\u00a0\u00bb.vc_custom_1725962019222{background-color: #F8FAFC !important;}\u00a0\u00bb][vc_column][vc_row_inner row_type=\u00a0\u00bbrow\u00a0\u00bb type=\u00a0\u00bbfull_width\u00a0\u00bb text_align=\u00a0\u00bbleft\u00a0\u00bb css_animation=\u00a0\u00bb\u00a0\u00bb][vc_column_inner width=\u00a0\u00bb1\/2&Prime;][vc_column_text css=\u00a0\u00bb\u00a0\u00bb]Vous avez des questions ?<\/p>\n<p>Toute l\u2019\u00e9quipe InventoZen est \u00e0 votre disposition.<\/p>\n<p>Merci d\u2019indiquer le num\u00e9ro de t\u00e9l\u00e9phone sur lequel vous souhaitez que l\u2019on vous rappelle.[\/vc_column_text][vc_empty_space][\/vc_column_inner][vc_column_inner el_class=\u00a0\u00bbmobile_align_left_withicon\u00a0\u00bb width=\u00a0\u00bb1\/2&Prime;][\/vc_column_inner][\/vc_row_inner][\/vc_column][\/vc_row][vc_row css_animation=\u00a0\u00bb\u00a0\u00bb row_type=\u00a0\u00bbrow\u00a0\u00bb use_row_as_full_screen_section=\u00a0\u00bbno\u00a0\u00bb type=\u00a0\u00bbgrid\u00a0\u00bb angled_section=\u00a0\u00bbno\u00a0\u00bb text_align=\u00a0\u00bbleft\u00a0\u00bb background_image_as_pattern=\u00a0\u00bbwithout_pattern\u00a0\u00bb z_index=\u00a0\u00bb\u00a0\u00bb css=\u00a0\u00bb.vc_custom_1750938903713{background-color: #F8FAFC !important;}\u00a0\u00bb][vc_column width=\u00a0\u00bb1\/4&Prime;][vc_column_text css=\u00a0\u00bb\u00a0\u00bb]<\/p>\n<h3>Service commercial<\/h3>\n<p>[\/vc_column_text][vc_column_text css=\u00a0\u00bb\u00a0\u00bb]<\/p>\n<p style=\"text-align: left; line-height: 28px;\">+ 33 (0) 6 14 74 77 05<br \/>\n<a style=\"color: #006eab;\" href=\"mailto:contact@inventozen.com\">contact [@] inventozen.com<\/a><\/p>\n<p>[\/vc_column_text][vc_empty_space][\/vc_column][vc_column width=\u00a0\u00bb1\/4&Prime;][\/vc_column][vc_column width=\u00a0\u00bb1\/4&Prime;][\/vc_column][vc_column width=\u00a0\u00bb1\/4&Prime;][\/vc_column][\/vc_row][vc_row css_animation=\u00a0\u00bb\u00a0\u00bb row_type=\u00a0\u00bbrow\u00a0\u00bb use_row_as_full_screen_section=\u00a0\u00bbno\u00a0\u00bb type=\u00a0\u00bbgrid\u00a0\u00bb angled_section=\u00a0\u00bbno\u00a0\u00bb text_align=\u00a0\u00bbleft\u00a0\u00bb background_image_as_pattern=\u00a0\u00bbwithout_pattern\u00a0\u00bb z_index=\u00a0\u00bb\u00a0\u00bb css=\u00a0\u00bb.vc_custom_1750938914904{background-color: #F8FAFC !important;}\u00a0\u00bb][vc_column][vc_row_inner row_type=\u00a0\u00bbrow\u00a0\u00bb type=\u00a0\u00bbfull_width\u00a0\u00bb text_align=\u00a0\u00bbleft\u00a0\u00bb css_animation=\u00a0\u00bb\u00a0\u00bb][vc_column_inner width=\u00a0\u00bb2\/3&Prime;][vc_column_text css=\u00a0\u00bb\u00a0\u00bb]<\/p>\n<h3 style=\"text-align: left;\">PRESSE<\/h3>\n<p>[\/vc_column_text][vc_empty_space height=\u00a0\u00bb12px\u00a0\u00bb][vc_column_text css=\u00a0\u00bb\u00a0\u00bb]<\/p>\n<p style=\"text-align: left;\">Pour toutes informations au sujet d\u2019InventoZen, n\u2019h\u00e9sitez pas nous contacter \u00e0 l\u2019adresse : contact@inventozen.com.<\/p>\n<p style=\"text-align: left;\">Nous sommes \u00e0 votre disposition pour r\u00e9pondre \u00e0 toutes vos questions.<\/p>\n<p>[\/vc_column_text][\/vc_column_inner][vc_column_inner width=\u00a0\u00bb1\/3&Prime;][\/vc_column_inner][\/vc_row_inner][vc_empty_space][\/vc_column][\/vc_row][vc_row css_animation=\u00a0\u00bb\u00a0\u00bb row_type=\u00a0\u00bbrow\u00a0\u00bb use_row_as_full_screen_section=\u00a0\u00bbno\u00a0\u00bb type=\u00a0\u00bbgrid\u00a0\u00bb angled_section=\u00a0\u00bbno\u00a0\u00bb text_align=\u00a0\u00bbleft\u00a0\u00bb background_image_as_pattern=\u00a0\u00bbwithout_pattern\u00a0\u00bb z_index=\u00a0\u00bb\u00a0\u00bb css=\u00a0\u00bb.vc_custom_1750938920561{background-color: #FFFFFF00 !important;}\u00a0\u00bb el_class=\u00a0\u00bbimage_repeat_230_gris\u00a0\u00bb][vc_column][vc_row_inner row_type=\u00a0\u00bbrow\u00a0\u00bb type=\u00a0\u00bbfull_width\u00a0\u00bb text_align=\u00a0\u00bbleft\u00a0\u00bb css_animation=\u00a0\u00bb\u00a0\u00bb][vc_column_inner][vc_single_image image=\u00a0\u00bb4341&Prime; img_size=\u00a0\u00bbfull\u00a0\u00bb css=\u00a0\u00bb\u00a0\u00bb qode_css_animation=\u00a0\u00bb\u00a0\u00bb][\/vc_column_inner][\/vc_row_inner][\/vc_column][\/vc_row][vc_row css_animation=\u00a0\u00bb\u00a0\u00bb row_type=\u00a0\u00bbrow\u00a0\u00bb use_row_as_full_screen_section=\u00a0\u00bbno\u00a0\u00bb type=\u00a0\u00bbgrid\u00a0\u00bb angled_section=\u00a0\u00bbno\u00a0\u00bb text_align=\u00a0\u00bbleft\u00a0\u00bb background_image_as_pattern=\u00a0\u00bbwithout_pattern\u00a0\u00bb z_index=\u00a0\u00bb\u00a0\u00bb][vc_column][vc_empty_space][vc_column_text css=\u00a0\u00bb\u00a0\u00bb]<\/p>\n<h6 style=\"text-align: left;\"><span><span><a href=\"https:\/\/inventozen.com\/\">Accueil<\/a><\/span><\/span><\/h6>\n<p>[\/vc_column_text][vc_empty_space height=\u00a0\u00bb22px\u00a0\u00bb][\/vc_column][\/vc_row][vc_row css_animation=\u00a0\u00bb\u00a0\u00bb row_type=\u00a0\u00bbrow\u00a0\u00bb use_row_as_full_screen_section=\u00a0\u00bbno\u00a0\u00bb type=\u00a0\u00bbfull_width\u00a0\u00bb angled_section=\u00a0\u00bbno\u00a0\u00bb text_align=\u00a0\u00bbleft\u00a0\u00bb background_image_as_pattern=\u00a0\u00bbwithout_pattern\u00a0\u00bb z_index=\u00a0\u00bb\u00a0\u00bb css=\u00a0\u00bb.vc_custom_1725713227228{background-color: #F8FAFC !important;}\u00a0\u00bb][vc_column][vc_empty_space height=\u00a0\u00bb62px\u00a0\u00bb][vc_row_inner row_type=\u00a0\u00bbrow\u00a0\u00bb type=\u00a0\u00bbgrid\u00a0\u00bb text_align=\u00a0\u00bbleft\u00a0\u00bb css_animation=\u00a0\u00bb\u00a0\u00bb][vc_column_inner][vc_column_text css=\u00a0\u00bb\u00a0\u00bb]<\/p>\n<p style=\"text-align: center; color: #0f172a; font-family: 'Raleway', sans-serif; font-size: 28px; line-height: 28px; font-style: normal; font-weight: bold; letter-spacing: 0px; text-transform: none;\">S&rsquo;inscrire \u00e0 notre newsletter<\/p>\n<p>[\/vc_column_text][vc_empty_space height=\u00a0\u00bb6px\u00a0\u00bb][vc_column_text css=\u00a0\u00bb\u00a0\u00bb]<\/p>\n<p style=\"text-align: center;\">Pour rester au courant de toute notre actualit\u00e9 et de nos promotions.<\/p>\n<p>[\/vc_column_text][vc_empty_space height=\u00a0\u00bb12px\u00a0\u00bb][\/vc_column_inner][\/vc_row_inner][vc_row_inner row_type=\u00a0\u00bbrow\u00a0\u00bb type=\u00a0\u00bbgrid\u00a0\u00bb text_align=\u00a0\u00bbleft\u00a0\u00bb css_animation=\u00a0\u00bb\u00a0\u00bb el_class=\u00a0\u00bbmobileShow_news\u00a0\u00bb][vc_column_inner width=\u00a0\u00bb1\/4&Prime;][\/vc_column_inner][vc_column_inner width=\u00a0\u00bb1\/2&Prime;][vc_column_text css=\u00a0\u00bb\u00a0\u00bb]<script>(function() {\n\twindow.mc4wp = window.mc4wp || {\n\t\tlisteners: [],\n\t\tforms: {\n\t\t\ton: function(evt, cb) {\n\t\t\t\twindow.mc4wp.listeners.push(\n\t\t\t\t\t{\n\t\t\t\t\t\tevent   : evt,\n\t\t\t\t\t\tcallback: cb\n\t\t\t\t\t}\n\t\t\t\t);\n\t\t\t}\n\t\t}\n\t}\n})();\n<\/script><!-- Mailchimp for WordPress v4.11.1 - https:\/\/wordpress.org\/plugins\/mailchimp-for-wp\/ --><form id=\"mc4wp-form-1\" class=\"mc4wp-form mc4wp-form-2994 mc4wp-form-theme mc4wp-form-theme-light mc4wp-ajax\" method=\"post\" data-id=\"2994\" data-name=\"MC-SITE-ZEN-FR-mobile\" ><div class=\"mc4wp-form-fields\"><div style=\"\">\r\n  <div style=\"margin-right:10px; margin-bottom: 20px;\">\r\n     <input style=\" width: 100%; border-radius: 8px;  padding: 12px 12px\" type=\"text\" name=\"LNAME\" placeholder=\"Nom\" required >\r\n  <\/div> \r\n  <div style=\"margin-right:10px;margin-bottom: 20px;\">\r\n    <input style=\"width: 100%; border-radius: 8px;  padding: 12px 12px\" type=\"text\" name=\"MMERGE6\" placeholder=\"Soci\u00e9t\u00e9\" required>\r\n<\/div><\/div>\r\n\r\n\r\n<div style=\"\">\r\n  <div style=\"margin-right:10px; margin-bottom: 20px;\">\r\n<input style=\"width: 100%; border-radius: 8px;  padding: 12px 12px\" type=\"email\" name=\"EMAIL\" placeholder=\"Votre adresse e-mail\" required \/>\r\n<\/div>\r\n\r\n <div style=\"margin-right:10px; margin-bottom: 20px;\">\r\n\t<input style=\"width: 100%; background-color: #008bd4 !important; border-radius: 8px; border-color: #008bd4 !important; color: #ffffff !important; font-family: Raleway; font-weight: 600; padding: 12px 22px; font-size: 13px;\" type=\"submit\" value=\"S'inscrire\" \/>\r\n<\/div>\r\n<\/div>\r\n<\/div><label style=\"display: none !important;\">Laissez ce champ vide si vous \u00eates humain\u00a0: <input type=\"text\" name=\"_mc4wp_honeypot\" value=\"\" tabindex=\"-1\" autocomplete=\"off\" \/><\/label><input type=\"hidden\" name=\"_mc4wp_timestamp\" value=\"1775512629\" \/><input type=\"hidden\" name=\"_mc4wp_form_id\" value=\"2994\" \/><input type=\"hidden\" name=\"_mc4wp_form_element_id\" value=\"mc4wp-form-1\" \/><div class=\"mc4wp-response\"><\/div><\/form><!-- \/ Mailchimp for WordPress Plugin -->[\/vc_column_text][\/vc_column_inner][vc_column_inner width=\u00a0\u00bb1\/4&Prime;][\/vc_column_inner][\/vc_row_inner][vc_row_inner row_type=\u00a0\u00bbrow\u00a0\u00bb type=\u00a0\u00bbgrid\u00a0\u00bb text_align=\u00a0\u00bbleft\u00a0\u00bb css_animation=\u00a0\u00bb\u00a0\u00bb el_class=\u00a0\u00bbmobileHide_news\u00a0\u00bb][vc_column_inner width=\u00a0\u00bb1\/4&Prime;][\/vc_column_inner][vc_column_inner width=\u00a0\u00bb1\/2&Prime;][vc_column_text css=\u00a0\u00bb\u00a0\u00bb]<script>(function() {\n\twindow.mc4wp = window.mc4wp || {\n\t\tlisteners: [],\n\t\tforms: {\n\t\t\ton: function(evt, cb) {\n\t\t\t\twindow.mc4wp.listeners.push(\n\t\t\t\t\t{\n\t\t\t\t\t\tevent   : evt,\n\t\t\t\t\t\tcallback: cb\n\t\t\t\t\t}\n\t\t\t\t);\n\t\t\t}\n\t\t}\n\t}\n})();\n<\/script><!-- Mailchimp for WordPress v4.11.1 - https:\/\/wordpress.org\/plugins\/mailchimp-for-wp\/ --><form id=\"mc4wp-form-2\" class=\"mc4wp-form mc4wp-form-2991 mc4wp-form-theme mc4wp-form-theme-light mc4wp-ajax\" method=\"post\" data-id=\"2991\" data-name=\"MC-SITE-ZEN-FR-ecran\" ><div class=\"mc4wp-form-fields\"><div style=\"display: flex;\r\n  align-items: center;\r\n  justify-content: center;\">\r\n  <div style=\"float:left !important; margin-right:10px; width: 50% !important; margin-bottom: 20px;\">\r\n     <input style=\"border-radius: 8px;  padding: 12px 12px\" type=\"text\" name=\"LNAME\" placeholder=\"Nom\" required >\r\n  <\/div> \r\n  <div style=\"float:left !important; margin-right:10px; width: 50% !important; margin-bottom: 20px;\">\r\n    <input style=\"border-radius: 8px;  padding: 12px 12px\" type=\"text\" name=\"MMERGE6\" placeholder=\"Soci\u00e9t\u00e9\" required>\r\n<\/div><\/div>\r\n\r\n\r\n<div style=\"display: flex;\r\n  align-items: center;\r\n  justify-content: center;\">\r\n  <div style=\"float:left !important; margin-right:10px; width: 80% !important; margin-bottom: 20px;\">\r\n<input style=\"border-radius: 8px;  padding: 12px 12px\" type=\"email\" name=\"EMAIL\" placeholder=\"Votre adresse e-mail\" required \/>\r\n<\/div>\r\n\r\n <div style=\"float:left !important; margin-right:10px; width: 20% !important; margin-bottom: 20px;\">\r\n\t<input style=\"background-color: #008bd4 !important; border-radius: 8px; border-color: #008bd4 !important; color: #ffffff !important; font-family: Raleway; font-weight: 600; padding: 12px 22px; font-size: 13px;\" type=\"submit\" value=\"S'inscrire\" \/>\r\n<\/div>\r\n<\/div>\r\n<\/div><label style=\"display: none !important;\">Laissez ce champ vide si vous \u00eates humain\u00a0: <input type=\"text\" name=\"_mc4wp_honeypot\" value=\"\" tabindex=\"-1\" autocomplete=\"off\" \/><\/label><input type=\"hidden\" name=\"_mc4wp_timestamp\" value=\"1775512629\" \/><input type=\"hidden\" name=\"_mc4wp_form_id\" value=\"2991\" \/><input type=\"hidden\" name=\"_mc4wp_form_element_id\" value=\"mc4wp-form-2\" \/><div class=\"mc4wp-response\"><\/div><\/form><!-- \/ Mailchimp for WordPress Plugin -->[\/vc_column_text][\/vc_column_inner][vc_column_inner width=\u00a0\u00bb1\/4&Prime;][\/vc_column_inner][\/vc_row_inner][vc_row_inner row_type=\u00a0\u00bbrow\u00a0\u00bb type=\u00a0\u00bbfull_width\u00a0\u00bb text_align=\u00a0\u00bbleft\u00a0\u00bb css_animation=\u00a0\u00bb\u00a0\u00bb][vc_column_inner][vc_empty_space height=\u00a0\u00bb62px\u00a0\u00bb][\/vc_column_inner][\/vc_row_inner][\/vc_column][\/vc_row]<\/p>\n<\/div>","protected":false},"excerpt":{"rendered":"<p>[vc_row css_animation=\u00a0\u00bb\u00a0\u00bb row_type=\u00a0\u00bbrow\u00a0\u00bb use_row_as_full_screen_section=\u00a0\u00bbno\u00a0\u00bb type=\u00a0\u00bbgrid\u00a0\u00bb angled_section=\u00a0\u00bbno\u00a0\u00bb text_align=\u00a0\u00bbleft\u00a0\u00bb background_image_as_pattern=\u00a0\u00bbwithout_pattern\u00a0\u00bb z_index=\u00a0\u00bb\u00a0\u00bb css=\u00a0\u00bb.vc_custom_1725962007653{background-color: #F8FAFC !important;}\u00a0\u00bb][vc_column width=\u00a0\u00bb2\/3&Prime;][vc_empty_space][vc_column_text css=\u00a0\u00bb\u00a0\u00bb] Nous contacter [\/vc_column_text][vc_empty_space height=\u00a0\u00bb4px\u00a0\u00bb][vc_column_text css=\u00a0\u00bb\u00a0\u00bb] \u00c0 votre \u00e9coute [\/vc_column_text][vc_empty_space height=\u00a0\u00bb8px\u00a0\u00bb][\/vc_column][vc_column width=\u00a0\u00bb1\/3&Prime;][\/vc_column][\/vc_row][vc_row css_animation=\u00a0\u00bb\u00a0\u00bb row_type=\u00a0\u00bbrow\u00a0\u00bb use_row_as_full_screen_section=\u00a0\u00bbno\u00a0\u00bb type=\u00a0\u00bbgrid\u00a0\u00bb angled_section=\u00a0\u00bbno\u00a0\u00bb text_align=\u00a0\u00bbleft\u00a0\u00bb background_image_as_pattern=\u00a0\u00bbwithout_pattern\u00a0\u00bb z_index=\u00a0\u00bb\u00a0\u00bb css=\u00a0\u00bb.vc_custom_1725962019222{background-color: #F8FAFC !important;}\u00a0\u00bb][vc_column][vc_row_inner row_type=\u00a0\u00bbrow\u00a0\u00bb type=\u00a0\u00bbfull_width\u00a0\u00bb text_align=\u00a0\u00bbleft\u00a0\u00bb css_animation=\u00a0\u00bb\u00a0\u00bb][vc_column_inner width=\u00a0\u00bb1\/2&Prime;][vc_column_text css=\u00a0\u00bb\u00a0\u00bb]Vous avez des questions&#8230;<\/p>\n","protected":false},"author":2,"featured_media":0,"parent":0,"menu_order":0,"comment_status":"closed","ping_status":"closed","template":"full_width.php","meta":{"_monsterinsights_skip_tracking":false,"_monsterinsights_sitenote_active":false,"_monsterinsights_sitenote_note":"","_monsterinsights_sitenote_category":0,"footnotes":""},"class_list":["post-102","page","type-page","status-publish","hentry"],"yoast_head":"<!-- This site is optimized with the Yoast SEO plugin v26.9 - https:\/\/yoast.com\/product\/yoast-seo-wordpress\/ -->\n<title>Contact - InventoZen - Logiciel pour Catalogues Raisonn\u00e9s<\/title>\n<meta name=\"description\" content=\"Prenez contact avec le logiciel InventoZen pour cr\u00e9er votre Catalogue Raisonn\u00e9 ligne de fa\u00e7on simple et efficace.\" \/>\n<meta name=\"robots\" content=\"index, follow, max-snippet:-1, max-image-preview:large, max-video-preview:-1\" \/>\n<link rel=\"canonical\" href=\"https:\/\/inventozen.com\/index.php\/contact\/\" \/>\n<meta property=\"og:locale\" content=\"fr_FR\" \/>\n<meta property=\"og:type\" content=\"article\" \/>\n<meta property=\"og:title\" content=\"Contact - InventoZen - Logiciel pour Catalogues Raisonn\u00e9s\" \/>\n<meta property=\"og:description\" content=\"Prenez contact avec le logiciel InventoZen pour cr\u00e9er votre Catalogue Raisonn\u00e9 ligne de fa\u00e7on simple et efficace.\" \/>\n<meta property=\"og:url\" content=\"https:\/\/inventozen.com\/index.php\/contact\/\" \/>\n<meta property=\"og:site_name\" content=\"InventoZen\" \/>\n<meta property=\"article:modified_time\" content=\"2025-07-21T12:10:58+00:00\" \/>\n<meta name=\"twitter:card\" content=\"summary_large_image\" \/>\n<meta name=\"twitter:label1\" content=\"Dur\u00e9e de lecture estim\u00e9e\" \/>\n\t<meta name=\"twitter:data1\" content=\"2 minutes\" \/>\n<script type=\"application\/ld+json\" class=\"yoast-schema-graph\">{\"@context\":\"https:\/\/schema.org\",\"@graph\":[{\"@type\":\"WebPage\",\"@id\":\"https:\/\/inventozen.com\/index.php\/contact\/\",\"url\":\"https:\/\/inventozen.com\/index.php\/contact\/\",\"name\":\"Contact - InventoZen - Logiciel pour Catalogues Raisonn\u00e9s\",\"isPartOf\":{\"@id\":\"https:\/\/inventozen.com\/#website\"},\"datePublished\":\"2023-02-20T19:25:36+00:00\",\"dateModified\":\"2025-07-21T12:10:58+00:00\",\"description\":\"Prenez contact avec le logiciel InventoZen pour cr\u00e9er votre Catalogue Raisonn\u00e9 ligne de fa\u00e7on simple et efficace.\",\"breadcrumb\":{\"@id\":\"https:\/\/inventozen.com\/index.php\/contact\/#breadcrumb\"},\"inLanguage\":\"fr-FR\",\"potentialAction\":[{\"@type\":\"ReadAction\",\"target\":[\"https:\/\/inventozen.com\/index.php\/contact\/\"]}]},{\"@type\":\"BreadcrumbList\",\"@id\":\"https:\/\/inventozen.com\/index.php\/contact\/#breadcrumb\",\"itemListElement\":[{\"@type\":\"ListItem\",\"position\":1,\"name\":\"Accueil\",\"item\":\"https:\/\/inventozen.com\/\"},{\"@type\":\"ListItem\",\"position\":2,\"name\":\"Contact\"}]},{\"@type\":\"WebSite\",\"@id\":\"https:\/\/inventozen.com\/#website\",\"url\":\"https:\/\/inventozen.com\/\",\"name\":\"InventoZen\",\"description\":\"La technologie au service de l&#039;art\",\"potentialAction\":[{\"@type\":\"SearchAction\",\"target\":{\"@type\":\"EntryPoint\",\"urlTemplate\":\"https:\/\/inventozen.com\/?s={search_term_string}\"},\"query-input\":{\"@type\":\"PropertyValueSpecification\",\"valueRequired\":true,\"valueName\":\"search_term_string\"}}],\"inLanguage\":\"fr-FR\"}]}<\/script>\n<!-- \/ Yoast SEO plugin. -->","yoast_head_json":{"title":"Contact - InventoZen - Logiciel pour Catalogues Raisonn\u00e9s","description":"Prenez contact avec le logiciel InventoZen pour cr\u00e9er votre Catalogue Raisonn\u00e9 ligne de fa\u00e7on simple et efficace.","robots":{"index":"index","follow":"follow","max-snippet":"max-snippet:-1","max-image-preview":"max-image-preview:large","max-video-preview":"max-video-preview:-1"},"canonical":"https:\/\/inventozen.com\/index.php\/contact\/","og_locale":"fr_FR","og_type":"article","og_title":"Contact - InventoZen - Logiciel pour Catalogues Raisonn\u00e9s","og_description":"Prenez contact avec le logiciel InventoZen pour cr\u00e9er votre Catalogue Raisonn\u00e9 ligne de fa\u00e7on simple et efficace.","og_url":"https:\/\/inventozen.com\/index.php\/contact\/","og_site_name":"InventoZen","article_modified_time":"2025-07-21T12:10:58+00:00","twitter_card":"summary_large_image","twitter_misc":{"Dur\u00e9e de lecture estim\u00e9e":"2 minutes"},"schema":{"@context":"https:\/\/schema.org","@graph":[{"@type":"WebPage","@id":"https:\/\/inventozen.com\/index.php\/contact\/","url":"https:\/\/inventozen.com\/index.php\/contact\/","name":"Contact - InventoZen - Logiciel pour Catalogues Raisonn\u00e9s","isPartOf":{"@id":"https:\/\/inventozen.com\/#website"},"datePublished":"2023-02-20T19:25:36+00:00","dateModified":"2025-07-21T12:10:58+00:00","description":"Prenez contact avec le logiciel InventoZen pour cr\u00e9er votre Catalogue Raisonn\u00e9 ligne de fa\u00e7on simple et efficace.","breadcrumb":{"@id":"https:\/\/inventozen.com\/index.php\/contact\/#breadcrumb"},"inLanguage":"fr-FR","potentialAction":[{"@type":"ReadAction","target":["https:\/\/inventozen.com\/index.php\/contact\/"]}]},{"@type":"BreadcrumbList","@id":"https:\/\/inventozen.com\/index.php\/contact\/#breadcrumb","itemListElement":[{"@type":"ListItem","position":1,"name":"Accueil","item":"https:\/\/inventozen.com\/"},{"@type":"ListItem","position":2,"name":"Contact"}]},{"@type":"WebSite","@id":"https:\/\/inventozen.com\/#website","url":"https:\/\/inventozen.com\/","name":"InventoZen","description":"La technologie au service de l&#039;art","potentialAction":[{"@type":"SearchAction","target":{"@type":"EntryPoint","urlTemplate":"https:\/\/inventozen.com\/?s={search_term_string}"},"query-input":{"@type":"PropertyValueSpecification","valueRequired":true,"valueName":"search_term_string"}}],"inLanguage":"fr-FR"}]}},"_links":{"self":[{"href":"https:\/\/inventozen.com\/index.php\/wp-json\/wp\/v2\/pages\/102","targetHints":{"allow":["GET"]}}],"collection":[{"href":"https:\/\/inventozen.com\/index.php\/wp-json\/wp\/v2\/pages"}],"about":[{"href":"https:\/\/inventozen.com\/index.php\/wp-json\/wp\/v2\/types\/page"}],"author":[{"embeddable":true,"href":"https:\/\/inventozen.com\/index.php\/wp-json\/wp\/v2\/users\/2"}],"replies":[{"embeddable":true,"href":"https:\/\/inventozen.com\/index.php\/wp-json\/wp\/v2\/comments?post=102"}],"version-history":[{"count":138,"href":"https:\/\/inventozen.com\/index.php\/wp-json\/wp\/v2\/pages\/102\/revisions"}],"predecessor-version":[{"id":5911,"href":"https:\/\/inventozen.com\/index.php\/wp-json\/wp\/v2\/pages\/102\/revisions\/5911"}],"wp:attachment":[{"href":"https:\/\/inventozen.com\/index.php\/wp-json\/wp\/v2\/media?parent=102"}],"curies":[{"name":"wp","href":"https:\/\/api.w.org\/{rel}","templated":true}]}}