{"id":1690,"date":"2024-06-03T16:18:41","date_gmt":"2024-06-03T14:18:41","guid":{"rendered":"https:\/\/inventozen.com\/?page_id=1690"},"modified":"2025-04-03T17:12:20","modified_gmt":"2025-04-03T15:12:20","slug":"gerard-schneider-oeuvres-en-vente","status":"publish","type":"page","link":"https:\/\/inventozen.com\/index.php\/les-catalogues-raisonnes\/gerard-schneider-oeuvres-en-vente\/","title":{"rendered":"G\u00e9rard Schneider \u0153uvres en vente"},"content":{"rendered":"<div class=\"wpb-content-wrapper\"><p>[vc_row css_animation=\u00a0\u00bb\u00a0\u00bb row_type=\u00a0\u00bbrow\u00a0\u00bb use_row_as_full_screen_section=\u00a0\u00bbno\u00a0\u00bb type=\u00a0\u00bbgrid\u00a0\u00bb angled_section=\u00a0\u00bbno\u00a0\u00bb text_align=\u00a0\u00bbleft\u00a0\u00bb background_image_as_pattern=\u00a0\u00bbwithout_pattern\u00a0\u00bb z_index=\u00a0\u00bb\u00a0\u00bb][vc_column][vc_empty_space height=\u00a0\u00bb30px\u00a0\u00bb][vc_column_text css=\u00a0\u00bb\u00a0\u00bb]<\/p>\n<h1 style=\"text-align: left; font-size: 34px; line-height: 38px; color: #01acee; text-transform: uppercase; font-weight: 300;\"><strong>G\u00c9RARD SCHNEIDER<\/strong><\/h1>\n<h1 style=\"text-align: left; font-size: 34px; line-height: 38px; color: #01acee; text-transform: uppercase; font-weight: 300;\">\u0152UVRES EN VENTE<\/h1>\n<p>[\/vc_column_text][vc_empty_space height=\u00a0\u00bb30px\u00a0\u00bb][\/vc_column][\/vc_row][vc_row css_animation=\u00a0\u00bb\u00a0\u00bb row_type=\u00a0\u00bbrow\u00a0\u00bb use_row_as_full_screen_section=\u00a0\u00bbno\u00a0\u00bb type=\u00a0\u00bbgrid\u00a0\u00bb angled_section=\u00a0\u00bbno\u00a0\u00bb text_align=\u00a0\u00bbleft\u00a0\u00bb background_image_as_pattern=\u00a0\u00bbwithout_pattern\u00a0\u00bb z_index=\u00a0\u00bb\u00a0\u00bb][vc_column width=\u00a0\u00bb1\/4&Prime;][vc_row_inner row_type=\u00a0\u00bbrow\u00a0\u00bb type=\u00a0\u00bbfull_width\u00a0\u00bb text_align=\u00a0\u00bbleft\u00a0\u00bb css_animation=\u00a0\u00bb\u00a0\u00bb][vc_column_inner][vc_single_image image=\u00a0\u00bb4062&Prime; img_size=\u00a0\u00bbfull\u00a0\u00bb onclick=\u00a0\u00bbcustom_link\u00a0\u00bb img_link_target=\u00a0\u00bb_blank\u00a0\u00bb css=\u00a0\u00bb\u00a0\u00bb qode_css_animation=\u00a0\u00bb\u00a0\u00bb link=\u00a0\u00bbhttps:\/\/dianedepolignac.com\/home-fr\/artistes-fr\/00-gerard-schneider-fr\/\u00a0\u00bb][vc_empty_space height=\u00a0\u00bb10px\u00a0\u00bb][vc_column_text css=\u00a0\u00bb\u00a0\u00bb]<\/p>\n<p style=\"text-align: left;\"><span style=\"font-size: 15px;\"><strong>Galerie Diane de Polignac<br \/>\nParis<\/strong><\/span><\/p>\n<p style=\"text-align: left;\"><span style=\"font-size: 15px;\"><strong><em>Opus 347<\/em>\u00a0\u2013 1947<\/strong><\/span><\/p>\n<p style=\"text-align: left;\"><span style=\"font-size: 15px;\">Huile sur contreplaqu\u00e9<br \/>\n50 x 61 cm<br \/>\nSign\u00e9 et dat\u00e9 en bas \u00e0 droite<\/span><\/p>\n<p style=\"text-align: left;\"><span style=\"font-size: 15px;\">Lettre d\u2019inclusion au Catalogue raisonne\u0301<\/span><\/p>\n<p style=\"text-align: left;\"><strong><span style=\"font-size: 15px;\">Prix sur demande<\/span><\/strong><\/p>\n<p>[\/vc_column_text][vc_single_image image=\u00a0\u00bb4013&Prime; img_size=\u00a0\u00bbmedium\u00a0\u00bb css=\u00a0\u00bb\u00a0\u00bb qode_css_animation=\u00a0\u00bb\u00a0\u00bb][vc_empty_space height=\u00a0\u00bb10px\u00a0\u00bb][vc_separator type=\u00a0\u00bbnormal\u00a0\u00bb color=\u00a0\u00bb#CFCFCF\u00a0\u00bb thickness=\u00a0\u00bb1&Prime;][vc_empty_space height=\u00a0\u00bb40px\u00a0\u00bb][\/vc_column_inner][\/vc_row_inner][\/vc_column][vc_column width=\u00a0\u00bb1\/4&Prime;][vc_row_inner row_type=\u00a0\u00bbrow\u00a0\u00bb type=\u00a0\u00bbfull_width\u00a0\u00bb text_align=\u00a0\u00bbleft\u00a0\u00bb css_animation=\u00a0\u00bb\u00a0\u00bb][vc_column_inner][vc_single_image image=\u00a0\u00bb4072&Prime; img_size=\u00a0\u00bbfull\u00a0\u00bb onclick=\u00a0\u00bbcustom_link\u00a0\u00bb img_link_target=\u00a0\u00bb_blank\u00a0\u00bb css=\u00a0\u00bb\u00a0\u00bb qode_css_animation=\u00a0\u00bb\u00a0\u00bb link=\u00a0\u00bbhttps:\/\/dianedepolignac.com\/home-fr\/artistes-fr\/00-gerard-schneider-fr\/\u00a0\u00bb][vc_empty_space height=\u00a0\u00bb10px\u00a0\u00bb][vc_column_text css=\u00a0\u00bb\u00a0\u00bb]<\/p>\n<p style=\"text-align: left;\"><span style=\"font-size: 15px;\"><strong>Galerie Diane de Polignac<br \/>\nParis<\/strong><\/span><\/p>\n<p style=\"text-align: left;\"><span style=\"font-size: 15px;\"><strong><em>Opus 6 E <\/em>\u2013 1960<br \/>\n<\/strong><\/span><\/p>\n<p style=\"text-align: left;\"><span style=\"font-size: 15px;\">Huile sur toile<br \/>\n100 x 81 cm<br \/>\nSign\u00e9 et dat\u00e9 en bas \u00e0 droite<\/span><\/p>\n<p style=\"text-align: left;\"><span style=\"font-size: 15px;\">Lettre d\u2019inclusion au Catalogue raisonn\u00e9<\/span><\/p>\n<p style=\"text-align: left;\"><strong><span style=\"font-size: 15px;\">Prix sur demande<\/span><\/strong><\/p>\n<p>[\/vc_column_text][vc_single_image image=\u00a0\u00bb4013&Prime; img_size=\u00a0\u00bbmedium\u00a0\u00bb css=\u00a0\u00bb\u00a0\u00bb qode_css_animation=\u00a0\u00bb\u00a0\u00bb][vc_empty_space height=\u00a0\u00bb10px\u00a0\u00bb][vc_separator type=\u00a0\u00bbnormal\u00a0\u00bb color=\u00a0\u00bb#CFCFCF\u00a0\u00bb thickness=\u00a0\u00bb1&Prime;][vc_empty_space height=\u00a0\u00bb40px\u00a0\u00bb][\/vc_column_inner][\/vc_row_inner][\/vc_column][vc_column width=\u00a0\u00bb1\/4&Prime;][vc_row_inner row_type=\u00a0\u00bbrow\u00a0\u00bb type=\u00a0\u00bbfull_width\u00a0\u00bb text_align=\u00a0\u00bbleft\u00a0\u00bb css_animation=\u00a0\u00bb\u00a0\u00bb][vc_column_inner][vc_single_image image=\u00a0\u00bb4073&Prime; img_size=\u00a0\u00bbfull\u00a0\u00bb onclick=\u00a0\u00bbcustom_link\u00a0\u00bb img_link_target=\u00a0\u00bb_blank\u00a0\u00bb css=\u00a0\u00bb\u00a0\u00bb qode_css_animation=\u00a0\u00bb\u00a0\u00bb link=\u00a0\u00bbhttps:\/\/dianedepolignac.com\/home-fr\/artistes-fr\/00-gerard-schneider-fr\/\u00a0\u00bb][vc_empty_space height=\u00a0\u00bb10px\u00a0\u00bb][vc_column_text css=\u00a0\u00bb\u00a0\u00bb]<\/p>\n<p style=\"text-align: left;\"><strong><span style=\"font-size: 15px;\">Galerie Diane de Polignac<br \/>\nParis<\/span><\/strong><\/p>\n<p style=\"text-align: left;\"><span style=\"font-size: 15px;\"><strong><em>Opus 109 J <\/em>\u2013 1970 ca.<br \/>\n<\/strong><\/span><\/p>\n<p style=\"text-align: left;\"><span style=\"font-size: 15px;\">Acrylique sur toile<br \/>\n92 x 73 cm<br \/>\nTitr\u00e9 au dos<\/span><\/p>\n<p style=\"text-align: left;\"><span style=\"font-size: 15px;\">Lettre d\u2019inclusion au Catalogue raisonn\u00e9<\/span><\/p>\n<p style=\"text-align: left;\"><strong><span style=\"font-size: 15px;\">Prix sur demande<\/span><\/strong><\/p>\n<p>[\/vc_column_text][vc_single_image image=\u00a0\u00bb4013&Prime; img_size=\u00a0\u00bbmedium\u00a0\u00bb css=\u00a0\u00bb\u00a0\u00bb qode_css_animation=\u00a0\u00bb\u00a0\u00bb][vc_empty_space height=\u00a0\u00bb10px\u00a0\u00bb][vc_separator type=\u00a0\u00bbnormal\u00a0\u00bb color=\u00a0\u00bb#CFCFCF\u00a0\u00bb thickness=\u00a0\u00bb1&Prime;][vc_empty_space height=\u00a0\u00bb40px\u00a0\u00bb][\/vc_column_inner][\/vc_row_inner][\/vc_column][vc_column width=\u00a0\u00bb1\/4&Prime;][vc_row_inner row_type=\u00a0\u00bbrow\u00a0\u00bb type=\u00a0\u00bbfull_width\u00a0\u00bb text_align=\u00a0\u00bbleft\u00a0\u00bb css_animation=\u00a0\u00bb\u00a0\u00bb][vc_column_inner][vc_single_image image=\u00a0\u00bb4074&Prime; img_size=\u00a0\u00bbfull\u00a0\u00bb onclick=\u00a0\u00bbcustom_link\u00a0\u00bb img_link_target=\u00a0\u00bb_blank\u00a0\u00bb css=\u00a0\u00bb\u00a0\u00bb qode_css_animation=\u00a0\u00bb\u00a0\u00bb link=\u00a0\u00bbhttps:\/\/dianedepolignac.com\/home-fr\/artistes-fr\/00-gerard-schneider-fr\/\u00a0\u00bb][vc_empty_space height=\u00a0\u00bb10px\u00a0\u00bb][vc_column_text css=\u00a0\u00bb\u00a0\u00bb]<\/p>\n<p style=\"text-align: left;\"><strong><span style=\"font-size: 15px;\">Galerie Diane de Polignac<br \/>\nParis<\/span><\/strong><\/p>\n<p style=\"text-align: left;\"><span style=\"font-size: 15px;\"><strong><em>Sans titre <\/em>\u2013 1974<br \/>\n<\/strong><\/span><\/p>\n<p style=\"text-align: left;\"><span style=\"font-size: 15px;\">Acrylique sur papier mont\u00e9 sur carton<br \/>\n74,2 x 107,7 cm<br \/>\nSign\u00e9 et dat\u00e9 en bas \u00e0 droite<\/span><\/p>\n<p style=\"text-align: left;\"><span style=\"font-size: 15px;\">Lettre d\u2019inclusion au Catalogue raisonn\u00e9<\/span><\/p>\n<p style=\"text-align: left;\"><strong><span style=\"font-size: 15px;\">Prix sur demande<\/span><\/strong><\/p>\n<p>[\/vc_column_text][vc_single_image image=\u00a0\u00bb4013&Prime; img_size=\u00a0\u00bbmedium\u00a0\u00bb css=\u00a0\u00bb\u00a0\u00bb qode_css_animation=\u00a0\u00bb\u00a0\u00bb][vc_empty_space height=\u00a0\u00bb10px\u00a0\u00bb][vc_separator type=\u00a0\u00bbnormal\u00a0\u00bb color=\u00a0\u00bb#CFCFCF\u00a0\u00bb thickness=\u00a0\u00bb1&Prime;][vc_empty_space height=\u00a0\u00bb40px\u00a0\u00bb][\/vc_column_inner][\/vc_row_inner][\/vc_column][\/vc_row][vc_row css_animation=\u00a0\u00bb\u00a0\u00bb row_type=\u00a0\u00bbrow\u00a0\u00bb use_row_as_full_screen_section=\u00a0\u00bbno\u00a0\u00bb type=\u00a0\u00bbgrid\u00a0\u00bb angled_section=\u00a0\u00bbno\u00a0\u00bb text_align=\u00a0\u00bbleft\u00a0\u00bb background_image_as_pattern=\u00a0\u00bbwithout_pattern\u00a0\u00bb z_index=\u00a0\u00bb\u00a0\u00bb][vc_column][vc_row_inner row_type=\u00a0\u00bbrow\u00a0\u00bb type=\u00a0\u00bbfull_width\u00a0\u00bb text_align=\u00a0\u00bbleft\u00a0\u00bb css_animation=\u00a0\u00bb\u00a0\u00bb][vc_column_inner width=\u00a0\u00bb1\/3&Prime;]<a  itemprop=\"url\" href=\"https:\/\/www.gerardschneider.net\/\" target=\"_blank\"  class=\"qbutton  medium left default\" style=\"color: #FFFFFF; border-color: #008BD4; border-radius: 4px;-moz-border-radius: 4px;-webkit-border-radius: 4px; background-color: #008BD4;\">Catalogue Raisonn\u00e9<\/a>[vc_empty_space height=\u00a0\u00bb40px\u00a0\u00bb][\/vc_column_inner][vc_column_inner width=\u00a0\u00bb1\/3&Prime;][\/vc_column_inner][vc_column_inner width=\u00a0\u00bb1\/3&Prime;][\/vc_column_inner][\/vc_row_inner][\/vc_column][\/vc_row][vc_row css_animation=\u00a0\u00bb\u00a0\u00bb row_type=\u00a0\u00bbrow\u00a0\u00bb use_row_as_full_screen_section=\u00a0\u00bbno\u00a0\u00bb type=\u00a0\u00bbgrid\u00a0\u00bb angled_section=\u00a0\u00bbno\u00a0\u00bb text_align=\u00a0\u00bbleft\u00a0\u00bb background_image_as_pattern=\u00a0\u00bbwithout_pattern\u00a0\u00bb z_index=\u00a0\u00bb\u00a0\u00bb][vc_column][vc_empty_space height=\u00a0\u00bb40px\u00a0\u00bb][vc_column_text css=\u00a0\u00bb\u00a0\u00bb]<\/p>\n<h6 style=\"text-align: center;\"><span><span><a href=\"https:\/\/inventozen.com\/\">Accueil<\/a><\/span><\/span><\/h6>\n<p>[\/vc_column_text][vc_empty_space height=\u00a0\u00bb82px\u00a0\u00bb][\/vc_column][\/vc_row]<\/p>\n<\/div>","protected":false},"excerpt":{"rendered":"<p>[vc_row css_animation=\u00a0\u00bb\u00a0\u00bb row_type=\u00a0\u00bbrow\u00a0\u00bb use_row_as_full_screen_section=\u00a0\u00bbno\u00a0\u00bb type=\u00a0\u00bbgrid\u00a0\u00bb angled_section=\u00a0\u00bbno\u00a0\u00bb text_align=\u00a0\u00bbleft\u00a0\u00bb background_image_as_pattern=\u00a0\u00bbwithout_pattern\u00a0\u00bb z_index=\u00a0\u00bb\u00a0\u00bb][vc_column][vc_empty_space height=\u00a0\u00bb30px\u00a0\u00bb][vc_column_text css=\u00a0\u00bb\u00a0\u00bb] G\u00c9RARD SCHNEIDER \u0152UVRES EN VENTE [\/vc_column_text][vc_empty_space height=\u00a0\u00bb30px\u00a0\u00bb][\/vc_column][\/vc_row][vc_row css_animation=\u00a0\u00bb\u00a0\u00bb row_type=\u00a0\u00bbrow\u00a0\u00bb use_row_as_full_screen_section=\u00a0\u00bbno\u00a0\u00bb type=\u00a0\u00bbgrid\u00a0\u00bb angled_section=\u00a0\u00bbno\u00a0\u00bb text_align=\u00a0\u00bbleft\u00a0\u00bb background_image_as_pattern=\u00a0\u00bbwithout_pattern\u00a0\u00bb z_index=\u00a0\u00bb\u00a0\u00bb][vc_column width=\u00a0\u00bb1\/4&Prime;][vc_row_inner row_type=\u00a0\u00bbrow\u00a0\u00bb type=\u00a0\u00bbfull_width\u00a0\u00bb text_align=\u00a0\u00bbleft\u00a0\u00bb css_animation=\u00a0\u00bb\u00a0\u00bb][vc_column_inner][vc_single_image image=\u00a0\u00bb4062&Prime; img_size=\u00a0\u00bbfull\u00a0\u00bb onclick=\u00a0\u00bbcustom_link\u00a0\u00bb img_link_target=\u00a0\u00bb_blank\u00a0\u00bb css=\u00a0\u00bb\u00a0\u00bb qode_css_animation=\u00a0\u00bb\u00a0\u00bb link=\u00a0\u00bbhttps:\/\/dianedepolignac.com\/home-fr\/artistes-fr\/00-gerard-schneider-fr\/\u00a0\u00bb][vc_empty_space height=\u00a0\u00bb10px\u00a0\u00bb][vc_column_text css=\u00a0\u00bb\u00a0\u00bb] Galerie Diane de Polignac Paris&#8230;<\/p>\n","protected":false},"author":1,"featured_media":0,"parent":1547,"menu_order":0,"comment_status":"closed","ping_status":"closed","template":"","meta":{"_monsterinsights_skip_tracking":false,"_monsterinsights_sitenote_active":false,"_monsterinsights_sitenote_note":"","_monsterinsights_sitenote_category":0,"footnotes":""},"class_list":["post-1690","page","type-page","status-publish","hentry"],"yoast_head":"<!-- This site is optimized with the Yoast SEO plugin v26.9 - https:\/\/yoast.com\/product\/yoast-seo-wordpress\/ -->\n<title>G\u00e9rard Schneider - Galerie Diane de Polignac - InventoZen<\/title>\n<meta name=\"description\" content=\"D\u00e9couvrez les \u0153uvres en vente de l&#039;artiste peintre G\u00e9rard Schneider \u00e0 la Galerie Diane de Polignac sur InventoZen\" \/>\n<meta name=\"robots\" content=\"index, follow, max-snippet:-1, max-image-preview:large, max-video-preview:-1\" \/>\n<link rel=\"canonical\" href=\"https:\/\/inventozen.com\/index.php\/les-catalogues-raisonnes\/gerard-schneider-oeuvres-en-vente\/\" \/>\n<meta property=\"og:locale\" content=\"fr_FR\" \/>\n<meta property=\"og:type\" content=\"article\" \/>\n<meta property=\"og:title\" content=\"G\u00e9rard Schneider - Galerie Diane de Polignac - InventoZen\" \/>\n<meta property=\"og:description\" content=\"D\u00e9couvrez les \u0153uvres en vente de l&#039;artiste peintre G\u00e9rard Schneider \u00e0 la Galerie Diane de Polignac sur InventoZen\" \/>\n<meta property=\"og:url\" content=\"https:\/\/inventozen.com\/index.php\/les-catalogues-raisonnes\/gerard-schneider-oeuvres-en-vente\/\" \/>\n<meta property=\"og:site_name\" content=\"InventoZen\" \/>\n<meta property=\"article:modified_time\" content=\"2025-04-03T15:12:20+00:00\" \/>\n<meta name=\"twitter:card\" content=\"summary_large_image\" \/>\n<meta name=\"twitter:label1\" content=\"Dur\u00e9e de lecture estim\u00e9e\" \/>\n\t<meta name=\"twitter:data1\" content=\"2 minutes\" \/>\n<script type=\"application\/ld+json\" class=\"yoast-schema-graph\">{\"@context\":\"https:\/\/schema.org\",\"@graph\":[{\"@type\":\"WebPage\",\"@id\":\"https:\/\/inventozen.com\/index.php\/les-catalogues-raisonnes\/gerard-schneider-oeuvres-en-vente\/\",\"url\":\"https:\/\/inventozen.com\/index.php\/les-catalogues-raisonnes\/gerard-schneider-oeuvres-en-vente\/\",\"name\":\"G\u00e9rard Schneider - Galerie Diane de Polignac - InventoZen\",\"isPartOf\":{\"@id\":\"https:\/\/inventozen.com\/#website\"},\"datePublished\":\"2024-06-03T14:18:41+00:00\",\"dateModified\":\"2025-04-03T15:12:20+00:00\",\"description\":\"D\u00e9couvrez les \u0153uvres en vente de l'artiste peintre G\u00e9rard Schneider \u00e0 la Galerie Diane de Polignac sur InventoZen\",\"breadcrumb\":{\"@id\":\"https:\/\/inventozen.com\/index.php\/les-catalogues-raisonnes\/gerard-schneider-oeuvres-en-vente\/#breadcrumb\"},\"inLanguage\":\"fr-FR\",\"potentialAction\":[{\"@type\":\"ReadAction\",\"target\":[\"https:\/\/inventozen.com\/index.php\/les-catalogues-raisonnes\/gerard-schneider-oeuvres-en-vente\/\"]}]},{\"@type\":\"BreadcrumbList\",\"@id\":\"https:\/\/inventozen.com\/index.php\/les-catalogues-raisonnes\/gerard-schneider-oeuvres-en-vente\/#breadcrumb\",\"itemListElement\":[{\"@type\":\"ListItem\",\"position\":1,\"name\":\"Accueil\",\"item\":\"https:\/\/inventozen.com\/\"},{\"@type\":\"ListItem\",\"position\":2,\"name\":\"Artistes\",\"item\":\"https:\/\/inventozen.com\/index.php\/les-catalogues-raisonnes\/\"},{\"@type\":\"ListItem\",\"position\":3,\"name\":\"G\u00e9rard Schneider \u0153uvres en vente\"}]},{\"@type\":\"WebSite\",\"@id\":\"https:\/\/inventozen.com\/#website\",\"url\":\"https:\/\/inventozen.com\/\",\"name\":\"InventoZen\",\"description\":\"La technologie au service de l&#039;art\",\"potentialAction\":[{\"@type\":\"SearchAction\",\"target\":{\"@type\":\"EntryPoint\",\"urlTemplate\":\"https:\/\/inventozen.com\/?s={search_term_string}\"},\"query-input\":{\"@type\":\"PropertyValueSpecification\",\"valueRequired\":true,\"valueName\":\"search_term_string\"}}],\"inLanguage\":\"fr-FR\"}]}<\/script>\n<!-- \/ Yoast SEO plugin. -->","yoast_head_json":{"title":"G\u00e9rard Schneider - Galerie Diane de Polignac - InventoZen","description":"D\u00e9couvrez les \u0153uvres en vente de l'artiste peintre G\u00e9rard Schneider \u00e0 la Galerie Diane de Polignac sur InventoZen","robots":{"index":"index","follow":"follow","max-snippet":"max-snippet:-1","max-image-preview":"max-image-preview:large","max-video-preview":"max-video-preview:-1"},"canonical":"https:\/\/inventozen.com\/index.php\/les-catalogues-raisonnes\/gerard-schneider-oeuvres-en-vente\/","og_locale":"fr_FR","og_type":"article","og_title":"G\u00e9rard Schneider - Galerie Diane de Polignac - InventoZen","og_description":"D\u00e9couvrez les \u0153uvres en vente de l'artiste peintre G\u00e9rard Schneider \u00e0 la Galerie Diane de Polignac sur InventoZen","og_url":"https:\/\/inventozen.com\/index.php\/les-catalogues-raisonnes\/gerard-schneider-oeuvres-en-vente\/","og_site_name":"InventoZen","article_modified_time":"2025-04-03T15:12:20+00:00","twitter_card":"summary_large_image","twitter_misc":{"Dur\u00e9e de lecture estim\u00e9e":"2 minutes"},"schema":{"@context":"https:\/\/schema.org","@graph":[{"@type":"WebPage","@id":"https:\/\/inventozen.com\/index.php\/les-catalogues-raisonnes\/gerard-schneider-oeuvres-en-vente\/","url":"https:\/\/inventozen.com\/index.php\/les-catalogues-raisonnes\/gerard-schneider-oeuvres-en-vente\/","name":"G\u00e9rard Schneider - Galerie Diane de Polignac - InventoZen","isPartOf":{"@id":"https:\/\/inventozen.com\/#website"},"datePublished":"2024-06-03T14:18:41+00:00","dateModified":"2025-04-03T15:12:20+00:00","description":"D\u00e9couvrez les \u0153uvres en vente de l'artiste peintre G\u00e9rard Schneider \u00e0 la Galerie Diane de Polignac sur InventoZen","breadcrumb":{"@id":"https:\/\/inventozen.com\/index.php\/les-catalogues-raisonnes\/gerard-schneider-oeuvres-en-vente\/#breadcrumb"},"inLanguage":"fr-FR","potentialAction":[{"@type":"ReadAction","target":["https:\/\/inventozen.com\/index.php\/les-catalogues-raisonnes\/gerard-schneider-oeuvres-en-vente\/"]}]},{"@type":"BreadcrumbList","@id":"https:\/\/inventozen.com\/index.php\/les-catalogues-raisonnes\/gerard-schneider-oeuvres-en-vente\/#breadcrumb","itemListElement":[{"@type":"ListItem","position":1,"name":"Accueil","item":"https:\/\/inventozen.com\/"},{"@type":"ListItem","position":2,"name":"Artistes","item":"https:\/\/inventozen.com\/index.php\/les-catalogues-raisonnes\/"},{"@type":"ListItem","position":3,"name":"G\u00e9rard Schneider \u0153uvres en vente"}]},{"@type":"WebSite","@id":"https:\/\/inventozen.com\/#website","url":"https:\/\/inventozen.com\/","name":"InventoZen","description":"La technologie au service de l&#039;art","potentialAction":[{"@type":"SearchAction","target":{"@type":"EntryPoint","urlTemplate":"https:\/\/inventozen.com\/?s={search_term_string}"},"query-input":{"@type":"PropertyValueSpecification","valueRequired":true,"valueName":"search_term_string"}}],"inLanguage":"fr-FR"}]}},"_links":{"self":[{"href":"https:\/\/inventozen.com\/index.php\/wp-json\/wp\/v2\/pages\/1690","targetHints":{"allow":["GET"]}}],"collection":[{"href":"https:\/\/inventozen.com\/index.php\/wp-json\/wp\/v2\/pages"}],"about":[{"href":"https:\/\/inventozen.com\/index.php\/wp-json\/wp\/v2\/types\/page"}],"author":[{"embeddable":true,"href":"https:\/\/inventozen.com\/index.php\/wp-json\/wp\/v2\/users\/1"}],"replies":[{"embeddable":true,"href":"https:\/\/inventozen.com\/index.php\/wp-json\/wp\/v2\/comments?post=1690"}],"version-history":[{"count":33,"href":"https:\/\/inventozen.com\/index.php\/wp-json\/wp\/v2\/pages\/1690\/revisions"}],"predecessor-version":[{"id":4531,"href":"https:\/\/inventozen.com\/index.php\/wp-json\/wp\/v2\/pages\/1690\/revisions\/4531"}],"up":[{"embeddable":true,"href":"https:\/\/inventozen.com\/index.php\/wp-json\/wp\/v2\/pages\/1547"}],"wp:attachment":[{"href":"https:\/\/inventozen.com\/index.php\/wp-json\/wp\/v2\/media?parent=1690"}],"curies":[{"name":"wp","href":"https:\/\/api.w.org\/{rel}","templated":true}]}}