{"id":2348,"date":"2024-09-10T17:03:20","date_gmt":"2024-09-10T15:03:20","guid":{"rendered":"https:\/\/inventozen.com\/?page_id=2348"},"modified":"2025-10-16T14:58:32","modified_gmt":"2025-10-16T12:58:32","slug":"conferences-des-auteurs","status":"publish","type":"page","link":"https:\/\/inventozen.com\/index.php\/conferences-des-auteurs\/","title":{"rendered":"Conf\u00e9rences des Auteurs"},"content":{"rendered":"<div class=\"wpb-content-wrapper\"><p>[vc_row css_animation=\u00a0\u00bb\u00a0\u00bb row_type=\u00a0\u00bbrow\u00a0\u00bb use_row_as_full_screen_section=\u00a0\u00bbno\u00a0\u00bb type=\u00a0\u00bbgrid\u00a0\u00bb angled_section=\u00a0\u00bbno\u00a0\u00bb text_align=\u00a0\u00bbleft\u00a0\u00bb background_image_as_pattern=\u00a0\u00bbwithout_pattern\u00a0\u00bb z_index=\u00a0\u00bb\u00a0\u00bb el_class=\u00a0\u00bbimage_repeat_230_gris\u00a0\u00bb css=\u00a0\u00bb.vc_custom_1760012927071{background-color: #F8FAFC !important;border-color: #EEEEEE !important;}\u00a0\u00bb][vc_column][vc_empty_space][vc_video link=\u00a0\u00bbhttps:\/\/youtu.be\/Pi-y9i9AMkM?si=hPJknolonYnddU6p\u00a0\u00bb css=\u00a0\u00bb\u00a0\u00bb][\/vc_column][\/vc_row][vc_row css_animation=\u00a0\u00bb\u00a0\u00bb row_type=\u00a0\u00bbrow\u00a0\u00bb use_row_as_full_screen_section=\u00a0\u00bbno\u00a0\u00bb type=\u00a0\u00bbgrid\u00a0\u00bb angled_section=\u00a0\u00bbno\u00a0\u00bb text_align=\u00a0\u00bbleft\u00a0\u00bb background_image_as_pattern=\u00a0\u00bbwithout_pattern\u00a0\u00bb z_index=\u00a0\u00bb\u00a0\u00bb css=\u00a0\u00bb.vc_custom_1726067055468{background-color: #F8FAFC !important;}\u00a0\u00bb][vc_column width=\u00a0\u00bb2\/3&Prime;][vc_empty_space][vc_column_text css=\u00a0\u00bb\u00a0\u00bb]<\/p>\n<h1 style=\"color: #006eab; text-transform: uppercase; font-weight: 500; font-size: 14px; line-height: 18px;\">conf\u00e9rence DES AUTEURS<\/h1>\n<p>[\/vc_column_text][vc_empty_space height=\u00a0\u00bb4px\u00a0\u00bb][vc_column_text css=\u00a0\u00bb\u00a0\u00bb]<\/p>\n<h2>La Conf\u00e9rence des Auteurs de Catalogues Raisonn\u00e9s<\/h2>\n<p>[\/vc_column_text][vc_empty_space height=\u00a0\u00bb28px\u00a0\u00bb][\/vc_column][vc_column width=\u00a0\u00bb1\/3&Prime;][\/vc_column][\/vc_row][vc_row css_animation=\u00a0\u00bb\u00a0\u00bb row_type=\u00a0\u00bbrow\u00a0\u00bb use_row_as_full_screen_section=\u00a0\u00bbno\u00a0\u00bb type=\u00a0\u00bbgrid\u00a0\u00bb angled_section=\u00a0\u00bbno\u00a0\u00bb text_align=\u00a0\u00bbleft\u00a0\u00bb background_image_as_pattern=\u00a0\u00bbwithout_pattern\u00a0\u00bb z_index=\u00a0\u00bb\u00a0\u00bb css=\u00a0\u00bb.vc_custom_1725962019222{background-color: #F8FAFC !important;}\u00a0\u00bb][vc_column][vc_row_inner row_type=\u00a0\u00bbrow\u00a0\u00bb type=\u00a0\u00bbfull_width\u00a0\u00bb text_align=\u00a0\u00bbleft\u00a0\u00bb css_animation=\u00a0\u00bb\u00a0\u00bb][vc_column_inner width=\u00a0\u00bb2\/3&Prime;]<div class='q_icon_with_title tiny custom_icon_image '><div class=\"icon_holder \" style=\" \"><img decoding=\"async\" itemprop=\"image\" style=\"\" src=\"https:\/\/inventozen.com\/wp-content\/uploads\/2024\/09\/inventozen-club-des-auteurs.svg\" alt=\"\"><\/div><div class=\"icon_text_holder\" style=\"\"><div class=\"icon_text_inner\" style=\"\"><h5 class=\"icon_title\" style=\"\"><\/h5><p style=''>La Conf\u00e9rence des Auteurs de Catalogues Raisonn\u00e9s a pour mission de r\u00e9unir une fois par an \u00e0 Paris, des personnes directement impliqu\u00e9es dans la cr\u00e9ation et la gestion de Catalogues raisonn\u00e9s.<\/p><\/div><\/div><\/div>[vc_column_text css=\u00a0\u00bb\u00a0\u00bb]<\/p>\n<div style=\"margin-left: 51px; margin-bottom: 18px;\">\n<p>Cette Conf\u00e9rence des Auteurs de Catalogues Raisonn\u00e9s est \u00e9galement ouvert \u00e0 des membres ayant la charge de la gestion d\u2019archives et de fonds qui travaillent dans l\u2019optique de constituer un Catalogue raisonn\u00e9 \u00e0 moyen terme.<\/p>\n<\/div>\n<div style=\"margin-left: 51px; margin-bottom: 18px;\">\n<p>La participation \u00e0 la Conf\u00e9rence des Auteurs de Catalogues Raisonn\u00e9s se fait par demande \u00e0 envoyer par e-mail \u00e0 :\u00a0<strong><a href=\"mailto:contact@inventozen.com\" target=\"_blank\" rel=\"noopener\">contact@inventozen.com<\/a><\/strong>. Merci de nous envoyer une pr\u00e9sentation de votre travail de recherche.<\/p>\n<\/div>\n<div style=\"margin-left: 51px; margin-bottom: 18px;\">\n<p>La prochaine conf\u00e9rence des Auteurs de Catalogues Raisonn\u00e9s aura lieu en septembre 2026 \u00e0 Paris, autour d\u2019une table ronde et d\u2019un cocktail de rencontre. Le programme et la date seront communiqu\u00e9s aux membres en mai 2026.<\/p>\n<\/div>\n<p>[\/vc_column_text][vc_empty_space height=\u00a0\u00bb28px\u00a0\u00bb][\/vc_column_inner][vc_column_inner el_class=\u00a0\u00bbmobile_align_left_withicon\u00a0\u00bb width=\u00a0\u00bb1\/3&Prime;]<a  itemprop=\"url\" href=\"https:\/\/inventozen.com\/index.php\/contact\/\" target=\"_self\"  class=\"qbutton  large center default\" style=\"color: #FFFFFF; border-radius: 8px;-moz-border-radius: 8px;-webkit-border-radius: 8px; background-color: #008BD4;\">Demander l'adh\u00e9sion<\/a>[vc_empty_space][\/vc_column_inner][\/vc_row_inner][\/vc_column][\/vc_row][vc_row css_animation=\u00a0\u00bb\u00a0\u00bb row_type=\u00a0\u00bbrow\u00a0\u00bb use_row_as_full_screen_section=\u00a0\u00bbno\u00a0\u00bb type=\u00a0\u00bbgrid\u00a0\u00bb angled_section=\u00a0\u00bbno\u00a0\u00bb text_align=\u00a0\u00bbleft\u00a0\u00bb background_image_as_pattern=\u00a0\u00bbwithout_pattern\u00a0\u00bb z_index=\u00a0\u00bb\u00a0\u00bb el_class=\u00a0\u00bbimage_repeat_230_gris\u00a0\u00bb css=\u00a0\u00bb.vc_custom_1760012927071{background-color: #F8FAFC !important;border-color: #EEEEEE !important;}\u00a0\u00bb][vc_column][vc_empty_space height=\u00a0\u00bb12px\u00a0\u00bb][vc_video link=\u00a0\u00bbhttps:\/\/youtu.be\/m00zLaH66Z0?si=MVWkXHXOZAncLFQW\u00a0\u00bb css=\u00a0\u00bb\u00a0\u00bb][vc_empty_space height=\u00a0\u00bb52px\u00a0\u00bb][\/vc_column][\/vc_row][vc_row css_animation=\u00a0\u00bb\u00a0\u00bb row_type=\u00a0\u00bbrow\u00a0\u00bb use_row_as_full_screen_section=\u00a0\u00bbno\u00a0\u00bb type=\u00a0\u00bbgrid\u00a0\u00bb angled_section=\u00a0\u00bbno\u00a0\u00bb text_align=\u00a0\u00bbleft\u00a0\u00bb background_image_as_pattern=\u00a0\u00bbwithout_pattern\u00a0\u00bb z_index=\u00a0\u00bb\u00a0\u00bb css=\u00a0\u00bb.vc_custom_1760012971816{background-color: #F8FAFC !important;}\u00a0\u00bb][vc_column width=\u00a0\u00bb2\/3&Prime;][vc_column_text css=\u00a0\u00bb\u00a0\u00bb]<\/p>\n<h1 style=\"color: #006eab; text-transform: uppercase; font-weight: 500; font-size: 14px; line-height: 18px;\">Artistes<\/h1>\n<p>[\/vc_column_text][vc_empty_space height=\u00a0\u00bb4px\u00a0\u00bb][vc_column_text css=\u00a0\u00bb\u00a0\u00bb]<\/p>\n<h2>Ils ont choisi InventoZen<\/h2>\n<p>[\/vc_column_text][vc_column_text css=\u00a0\u00bb\u00a0\u00bb]De nombreux artistes contemporains et fonds d\u2019ateliers ont choisi InventoZen.[\/vc_column_text][vc_empty_space height=\u00a0\u00bb28px\u00a0\u00bb][\/vc_column][vc_column width=\u00a0\u00bb1\/3&Prime; el_class=\u00a0\u00bbmobile_align_left\u00a0\u00bb]<a  itemprop=\"url\" href=\"https:\/\/inventozen.com\/index.php\/les-catalogues-raisonnes\/\" target=\"_self\"  class=\"qbutton  large center default\" style=\"color: #FFFFFF; border-radius: 8px;-moz-border-radius: 8px;-webkit-border-radius: 8px; background-color: #008BD4;\">D\u00e9couvrir<\/a>[\/vc_column][\/vc_row][vc_row css_animation=\u00a0\u00bb\u00a0\u00bb row_type=\u00a0\u00bbrow\u00a0\u00bb use_row_as_full_screen_section=\u00a0\u00bbno\u00a0\u00bb type=\u00a0\u00bbgrid\u00a0\u00bb angled_section=\u00a0\u00bbno\u00a0\u00bb text_align=\u00a0\u00bbleft\u00a0\u00bb background_image_as_pattern=\u00a0\u00bbwithout_pattern\u00a0\u00bb z_index=\u00a0\u00bb\u00a0\u00bb css=\u00a0\u00bb.vc_custom_1760012989121{background-color: #F8FAFC !important;}\u00a0\u00bb][vc_column][vc_empty_space height=\u00a0\u00bb28px\u00a0\u00bb]<div class='qode_carousels_holder clearfix'><div class='qode_carousels' data-number-of-visible-items='4'><ul class='slides'><li class='item'><div class=\"carousel_item_holder\"><a itemprop='url' href='https:\/\/www.robertomatta.fr\/' target='_blank'><span class='first_image_holder '><img decoding=\"async\" itemprop=\"image\" src=\"https:\/\/inventozen.com\/wp-content\/uploads\/2024\/09\/roberto-matta.png\" alt=\"carousel image\" \/><\/span><\/a><\/div><\/li><li class='item'><div class=\"carousel_item_holder\"><a itemprop='url' href='https:\/\/www.gerardschneider.net\/' target='_blank'><span class='first_image_holder '><img decoding=\"async\" itemprop=\"image\" src=\"https:\/\/inventozen.com\/wp-content\/uploads\/2024\/09\/gerard-schneider.png\" alt=\"carousel image\" \/><\/span><\/a><\/div><\/li><li class='item'><div class=\"carousel_item_holder\"><a itemprop='url' href='https:\/\/albertbitran-catalogueraisonne.com\/fr\/' target='_blank'><span class='first_image_holder '><img decoding=\"async\" itemprop=\"image\" src=\"https:\/\/inventozen.com\/wp-content\/uploads\/2024\/09\/albert-bitran.png\" alt=\"carousel image\" \/><\/span><\/a><\/div><\/li><li class='item'><div class=\"carousel_item_holder\"><a itemprop='url' href='https:\/\/loisfrederick-catalogueraisonne.com\/fr\/' target='_blank'><span class='first_image_holder '><img decoding=\"async\" itemprop=\"image\" src=\"https:\/\/inventozen.com\/wp-content\/uploads\/2024\/09\/lois-frederick.png\" alt=\"carousel image\" \/><\/span><\/a><\/div><\/li><li class='item'><div class=\"carousel_item_holder\"><a itemprop='url' href='https:\/\/www.guyderougemont.com\/' target='_blank'><span class='first_image_holder '><img decoding=\"async\" itemprop=\"image\" src=\"https:\/\/inventozen.com\/wp-content\/uploads\/2024\/09\/guy-de-rougemont.png\" alt=\"carousel image\" \/><\/span><\/a><\/div><\/li><li class='item'><div class=\"carousel_item_holder\"><a itemprop='url' href='https:\/\/jeanmiotte-catalogueraisonne.com\/' target='_blank'><span class='first_image_holder '><img decoding=\"async\" itemprop=\"image\" src=\"https:\/\/inventozen.com\/wp-content\/uploads\/2024\/09\/jean-miotte.png\" alt=\"carousel image\" \/><\/span><\/a><\/div><\/li><\/ul><\/div><\/div>[vc_empty_space][\/vc_column][\/vc_row][vc_row css_animation=\u00a0\u00bb\u00a0\u00bb row_type=\u00a0\u00bbrow\u00a0\u00bb use_row_as_full_screen_section=\u00a0\u00bbno\u00a0\u00bb type=\u00a0\u00bbgrid\u00a0\u00bb angled_section=\u00a0\u00bbno\u00a0\u00bb text_align=\u00a0\u00bbleft\u00a0\u00bb background_image_as_pattern=\u00a0\u00bbwithout_pattern\u00a0\u00bb z_index=\u00a0\u00bb\u00a0\u00bb css=\u00a0\u00bb.vc_custom_1760013005814{background-color: #F8FAFC !important;}\u00a0\u00bb][vc_column][vc_empty_space][vc_column_text css=\u00a0\u00bb\u00a0\u00bb]<\/p>\n<h6 style=\"text-align: left;\"><span><span><a href=\"https:\/\/inventozen.com\/\">Accueil<\/a><\/span><\/span><\/h6>\n<p>[\/vc_column_text][vc_empty_space height=\u00a0\u00bb22px\u00a0\u00bb][\/vc_column][\/vc_row][vc_row css_animation=\u00a0\u00bb\u00a0\u00bb row_type=\u00a0\u00bbrow\u00a0\u00bb use_row_as_full_screen_section=\u00a0\u00bbno\u00a0\u00bb type=\u00a0\u00bbfull_width\u00a0\u00bb angled_section=\u00a0\u00bbno\u00a0\u00bb text_align=\u00a0\u00bbleft\u00a0\u00bb background_image_as_pattern=\u00a0\u00bbwithout_pattern\u00a0\u00bb z_index=\u00a0\u00bb\u00a0\u00bb css=\u00a0\u00bb.vc_custom_1725713227228{background-color: #F8FAFC !important;}\u00a0\u00bb][vc_column][vc_empty_space height=\u00a0\u00bb62px\u00a0\u00bb][vc_row_inner row_type=\u00a0\u00bbrow\u00a0\u00bb type=\u00a0\u00bbgrid\u00a0\u00bb text_align=\u00a0\u00bbleft\u00a0\u00bb css_animation=\u00a0\u00bb\u00a0\u00bb][vc_column_inner][vc_column_text css=\u00a0\u00bb\u00a0\u00bb]<\/p>\n<p style=\"text-align: center; color: #0f172a; font-family: 'Raleway', sans-serif; font-size: 28px; line-height: 28px; font-style: normal; font-weight: bold; letter-spacing: 0px; text-transform: none;\">S&rsquo;inscrire \u00e0 notre newsletter<\/p>\n<p>[\/vc_column_text][vc_empty_space height=\u00a0\u00bb6px\u00a0\u00bb][vc_column_text css=\u00a0\u00bb\u00a0\u00bb]<\/p>\n<p style=\"text-align: center;\">Pour rester au courant de toute notre actualit\u00e9 et de nos promotions.<\/p>\n<p>[\/vc_column_text][vc_empty_space height=\u00a0\u00bb12px\u00a0\u00bb][\/vc_column_inner][\/vc_row_inner][vc_row_inner row_type=\u00a0\u00bbrow\u00a0\u00bb type=\u00a0\u00bbgrid\u00a0\u00bb text_align=\u00a0\u00bbleft\u00a0\u00bb css_animation=\u00a0\u00bb\u00a0\u00bb el_class=\u00a0\u00bbmobileShow_news\u00a0\u00bb][vc_column_inner width=\u00a0\u00bb1\/4&Prime;][\/vc_column_inner][vc_column_inner width=\u00a0\u00bb1\/2&Prime;][vc_column_text css=\u00a0\u00bb\u00a0\u00bb]<script>(function() {\n\twindow.mc4wp = window.mc4wp || {\n\t\tlisteners: [],\n\t\tforms: {\n\t\t\ton: function(evt, cb) {\n\t\t\t\twindow.mc4wp.listeners.push(\n\t\t\t\t\t{\n\t\t\t\t\t\tevent   : evt,\n\t\t\t\t\t\tcallback: cb\n\t\t\t\t\t}\n\t\t\t\t);\n\t\t\t}\n\t\t}\n\t}\n})();\n<\/script><!-- Mailchimp for WordPress v4.11.1 - https:\/\/wordpress.org\/plugins\/mailchimp-for-wp\/ --><form id=\"mc4wp-form-1\" class=\"mc4wp-form mc4wp-form-2994 mc4wp-form-theme mc4wp-form-theme-light mc4wp-ajax\" method=\"post\" data-id=\"2994\" data-name=\"MC-SITE-ZEN-FR-mobile\" ><div class=\"mc4wp-form-fields\"><div style=\"\">\r\n  <div style=\"margin-right:10px; margin-bottom: 20px;\">\r\n     <input style=\" width: 100%; border-radius: 8px;  padding: 12px 12px\" type=\"text\" name=\"LNAME\" placeholder=\"Nom\" required >\r\n  <\/div> \r\n  <div style=\"margin-right:10px;margin-bottom: 20px;\">\r\n    <input style=\"width: 100%; border-radius: 8px;  padding: 12px 12px\" type=\"text\" name=\"MMERGE6\" placeholder=\"Soci\u00e9t\u00e9\" required>\r\n<\/div><\/div>\r\n\r\n\r\n<div style=\"\">\r\n  <div style=\"margin-right:10px; margin-bottom: 20px;\">\r\n<input style=\"width: 100%; border-radius: 8px;  padding: 12px 12px\" type=\"email\" name=\"EMAIL\" placeholder=\"Votre adresse e-mail\" required \/>\r\n<\/div>\r\n\r\n <div style=\"margin-right:10px; margin-bottom: 20px;\">\r\n\t<input style=\"width: 100%; background-color: #008bd4 !important; border-radius: 8px; border-color: #008bd4 !important; color: #ffffff !important; font-family: Raleway; font-weight: 600; padding: 12px 22px; font-size: 13px;\" type=\"submit\" value=\"S'inscrire\" \/>\r\n<\/div>\r\n<\/div>\r\n<\/div><label style=\"display: none !important;\">Laissez ce champ vide si vous \u00eates humain\u00a0: <input type=\"text\" name=\"_mc4wp_honeypot\" value=\"\" tabindex=\"-1\" autocomplete=\"off\" \/><\/label><input type=\"hidden\" name=\"_mc4wp_timestamp\" value=\"1775512710\" \/><input type=\"hidden\" name=\"_mc4wp_form_id\" value=\"2994\" \/><input type=\"hidden\" name=\"_mc4wp_form_element_id\" value=\"mc4wp-form-1\" \/><div class=\"mc4wp-response\"><\/div><\/form><!-- \/ Mailchimp for WordPress Plugin -->[\/vc_column_text][\/vc_column_inner][vc_column_inner width=\u00a0\u00bb1\/4&Prime;][\/vc_column_inner][\/vc_row_inner][vc_row_inner row_type=\u00a0\u00bbrow\u00a0\u00bb type=\u00a0\u00bbgrid\u00a0\u00bb text_align=\u00a0\u00bbleft\u00a0\u00bb css_animation=\u00a0\u00bb\u00a0\u00bb el_class=\u00a0\u00bbmobileHide_news\u00a0\u00bb][vc_column_inner width=\u00a0\u00bb1\/4&Prime;][\/vc_column_inner][vc_column_inner width=\u00a0\u00bb1\/2&Prime;][vc_column_text css=\u00a0\u00bb\u00a0\u00bb]<script>(function() {\n\twindow.mc4wp = window.mc4wp || {\n\t\tlisteners: [],\n\t\tforms: {\n\t\t\ton: function(evt, cb) {\n\t\t\t\twindow.mc4wp.listeners.push(\n\t\t\t\t\t{\n\t\t\t\t\t\tevent   : evt,\n\t\t\t\t\t\tcallback: cb\n\t\t\t\t\t}\n\t\t\t\t);\n\t\t\t}\n\t\t}\n\t}\n})();\n<\/script><!-- Mailchimp for WordPress v4.11.1 - https:\/\/wordpress.org\/plugins\/mailchimp-for-wp\/ --><form id=\"mc4wp-form-2\" class=\"mc4wp-form mc4wp-form-2991 mc4wp-form-theme mc4wp-form-theme-light mc4wp-ajax\" method=\"post\" data-id=\"2991\" data-name=\"MC-SITE-ZEN-FR-ecran\" ><div class=\"mc4wp-form-fields\"><div style=\"display: flex;\r\n  align-items: center;\r\n  justify-content: center;\">\r\n  <div style=\"float:left !important; margin-right:10px; width: 50% !important; margin-bottom: 20px;\">\r\n     <input style=\"border-radius: 8px;  padding: 12px 12px\" type=\"text\" name=\"LNAME\" placeholder=\"Nom\" required >\r\n  <\/div> \r\n  <div style=\"float:left !important; margin-right:10px; width: 50% !important; margin-bottom: 20px;\">\r\n    <input style=\"border-radius: 8px;  padding: 12px 12px\" type=\"text\" name=\"MMERGE6\" placeholder=\"Soci\u00e9t\u00e9\" required>\r\n<\/div><\/div>\r\n\r\n\r\n<div style=\"display: flex;\r\n  align-items: center;\r\n  justify-content: center;\">\r\n  <div style=\"float:left !important; margin-right:10px; width: 80% !important; margin-bottom: 20px;\">\r\n<input style=\"border-radius: 8px;  padding: 12px 12px\" type=\"email\" name=\"EMAIL\" placeholder=\"Votre adresse e-mail\" required \/>\r\n<\/div>\r\n\r\n <div style=\"float:left !important; margin-right:10px; width: 20% !important; margin-bottom: 20px;\">\r\n\t<input style=\"background-color: #008bd4 !important; border-radius: 8px; border-color: #008bd4 !important; color: #ffffff !important; font-family: Raleway; font-weight: 600; padding: 12px 22px; font-size: 13px;\" type=\"submit\" value=\"S'inscrire\" \/>\r\n<\/div>\r\n<\/div>\r\n<\/div><label style=\"display: none !important;\">Laissez ce champ vide si vous \u00eates humain\u00a0: <input type=\"text\" name=\"_mc4wp_honeypot\" value=\"\" tabindex=\"-1\" autocomplete=\"off\" \/><\/label><input type=\"hidden\" name=\"_mc4wp_timestamp\" value=\"1775512710\" \/><input type=\"hidden\" name=\"_mc4wp_form_id\" value=\"2991\" \/><input type=\"hidden\" name=\"_mc4wp_form_element_id\" value=\"mc4wp-form-2\" \/><div class=\"mc4wp-response\"><\/div><\/form><!-- \/ Mailchimp for WordPress Plugin -->[\/vc_column_text][\/vc_column_inner][vc_column_inner width=\u00a0\u00bb1\/4&Prime;][\/vc_column_inner][\/vc_row_inner][vc_row_inner row_type=\u00a0\u00bbrow\u00a0\u00bb type=\u00a0\u00bbfull_width\u00a0\u00bb text_align=\u00a0\u00bbleft\u00a0\u00bb css_animation=\u00a0\u00bb\u00a0\u00bb][vc_column_inner][vc_empty_space height=\u00a0\u00bb62px\u00a0\u00bb][\/vc_column_inner][\/vc_row_inner][\/vc_column][\/vc_row]<\/p>\n<\/div>","protected":false},"excerpt":{"rendered":"<p>[vc_row css_animation=\u00a0\u00bb\u00a0\u00bb row_type=\u00a0\u00bbrow\u00a0\u00bb use_row_as_full_screen_section=\u00a0\u00bbno\u00a0\u00bb type=\u00a0\u00bbgrid\u00a0\u00bb angled_section=\u00a0\u00bbno\u00a0\u00bb text_align=\u00a0\u00bbleft\u00a0\u00bb background_image_as_pattern=\u00a0\u00bbwithout_pattern\u00a0\u00bb z_index=\u00a0\u00bb\u00a0\u00bb el_class=\u00a0\u00bbimage_repeat_230_gris\u00a0\u00bb css=\u00a0\u00bb.vc_custom_1760012927071{background-color: #F8FAFC !important;border-color: #EEEEEE !important;}\u00a0\u00bb][vc_column][vc_empty_space][vc_video link=\u00a0\u00bbhttps:\/\/youtu.be\/Pi-y9i9AMkM?si=hPJknolonYnddU6p\u00a0\u00bb css=\u00a0\u00bb\u00a0\u00bb][\/vc_column][\/vc_row][vc_row css_animation=\u00a0\u00bb\u00a0\u00bb row_type=\u00a0\u00bbrow\u00a0\u00bb use_row_as_full_screen_section=\u00a0\u00bbno\u00a0\u00bb type=\u00a0\u00bbgrid\u00a0\u00bb angled_section=\u00a0\u00bbno\u00a0\u00bb text_align=\u00a0\u00bbleft\u00a0\u00bb background_image_as_pattern=\u00a0\u00bbwithout_pattern\u00a0\u00bb z_index=\u00a0\u00bb\u00a0\u00bb css=\u00a0\u00bb.vc_custom_1726067055468{background-color: #F8FAFC !important;}\u00a0\u00bb][vc_column width=\u00a0\u00bb2\/3&Prime;][vc_empty_space][vc_column_text css=\u00a0\u00bb\u00a0\u00bb] conf\u00e9rence DES AUTEURS [\/vc_column_text][vc_empty_space height=\u00a0\u00bb4px\u00a0\u00bb][vc_column_text css=\u00a0\u00bb\u00a0\u00bb] La Conf\u00e9rence des Auteurs de Catalogues Raisonn\u00e9s [\/vc_column_text][vc_empty_space height=\u00a0\u00bb28px\u00a0\u00bb][\/vc_column][vc_column&#8230;<\/p>\n","protected":false},"author":2,"featured_media":0,"parent":0,"menu_order":0,"comment_status":"closed","ping_status":"closed","template":"full_width.php","meta":{"_monsterinsights_skip_tracking":false,"_monsterinsights_sitenote_active":false,"_monsterinsights_sitenote_note":"","_monsterinsights_sitenote_category":0,"footnotes":""},"class_list":["post-2348","page","type-page","status-publish","hentry"],"yoast_head":"<!-- This site is optimized with the Yoast SEO plugin v26.9 - https:\/\/yoast.com\/product\/yoast-seo-wordpress\/ -->\n<title>Conf\u00e9rence des Auteurs - InventoZen<\/title>\n<meta name=\"description\" content=\"D\u00e9couvrez la Conf\u00e9rence des Auteurs pour la cr\u00e9ation et la gestion de vos Catalogues raisonn\u00e9s sur InventoZen, logiciel de Catalogues raisonn\u00e9s.\" \/>\n<meta name=\"robots\" content=\"index, follow, max-snippet:-1, max-image-preview:large, max-video-preview:-1\" \/>\n<link rel=\"canonical\" href=\"https:\/\/inventozen.com\/index.php\/conferences-des-auteurs\/\" \/>\n<meta property=\"og:locale\" content=\"fr_FR\" \/>\n<meta property=\"og:type\" content=\"article\" \/>\n<meta property=\"og:title\" content=\"Conf\u00e9rence des Auteurs - InventoZen\" \/>\n<meta property=\"og:description\" content=\"D\u00e9couvrez la Conf\u00e9rence des Auteurs pour la cr\u00e9ation et la gestion de vos Catalogues raisonn\u00e9s sur InventoZen, logiciel de Catalogues raisonn\u00e9s.\" \/>\n<meta property=\"og:url\" content=\"https:\/\/inventozen.com\/index.php\/conferences-des-auteurs\/\" \/>\n<meta property=\"og:site_name\" content=\"InventoZen\" \/>\n<meta property=\"article:modified_time\" content=\"2025-10-16T12:58:32+00:00\" \/>\n<meta name=\"twitter:card\" content=\"summary_large_image\" \/>\n<meta name=\"twitter:label1\" content=\"Dur\u00e9e de lecture estim\u00e9e\" \/>\n\t<meta name=\"twitter:data1\" content=\"3 minutes\" \/>\n<script type=\"application\/ld+json\" class=\"yoast-schema-graph\">{\"@context\":\"https:\/\/schema.org\",\"@graph\":[{\"@type\":\"WebPage\",\"@id\":\"https:\/\/inventozen.com\/index.php\/conferences-des-auteurs\/\",\"url\":\"https:\/\/inventozen.com\/index.php\/conferences-des-auteurs\/\",\"name\":\"Conf\u00e9rence des Auteurs - InventoZen\",\"isPartOf\":{\"@id\":\"https:\/\/inventozen.com\/#website\"},\"datePublished\":\"2024-09-10T15:03:20+00:00\",\"dateModified\":\"2025-10-16T12:58:32+00:00\",\"description\":\"D\u00e9couvrez la Conf\u00e9rence des Auteurs pour la cr\u00e9ation et la gestion de vos Catalogues raisonn\u00e9s sur InventoZen, logiciel de Catalogues raisonn\u00e9s.\",\"breadcrumb\":{\"@id\":\"https:\/\/inventozen.com\/index.php\/conferences-des-auteurs\/#breadcrumb\"},\"inLanguage\":\"fr-FR\",\"potentialAction\":[{\"@type\":\"ReadAction\",\"target\":[\"https:\/\/inventozen.com\/index.php\/conferences-des-auteurs\/\"]}]},{\"@type\":\"BreadcrumbList\",\"@id\":\"https:\/\/inventozen.com\/index.php\/conferences-des-auteurs\/#breadcrumb\",\"itemListElement\":[{\"@type\":\"ListItem\",\"position\":1,\"name\":\"Accueil\",\"item\":\"https:\/\/inventozen.com\/\"},{\"@type\":\"ListItem\",\"position\":2,\"name\":\"Conf\u00e9rences des Auteurs\"}]},{\"@type\":\"WebSite\",\"@id\":\"https:\/\/inventozen.com\/#website\",\"url\":\"https:\/\/inventozen.com\/\",\"name\":\"InventoZen\",\"description\":\"La technologie au service de l&#039;art\",\"potentialAction\":[{\"@type\":\"SearchAction\",\"target\":{\"@type\":\"EntryPoint\",\"urlTemplate\":\"https:\/\/inventozen.com\/?s={search_term_string}\"},\"query-input\":{\"@type\":\"PropertyValueSpecification\",\"valueRequired\":true,\"valueName\":\"search_term_string\"}}],\"inLanguage\":\"fr-FR\"}]}<\/script>\n<!-- \/ Yoast SEO plugin. -->","yoast_head_json":{"title":"Conf\u00e9rence des Auteurs - InventoZen","description":"D\u00e9couvrez la Conf\u00e9rence des Auteurs pour la cr\u00e9ation et la gestion de vos Catalogues raisonn\u00e9s sur InventoZen, logiciel de Catalogues raisonn\u00e9s.","robots":{"index":"index","follow":"follow","max-snippet":"max-snippet:-1","max-image-preview":"max-image-preview:large","max-video-preview":"max-video-preview:-1"},"canonical":"https:\/\/inventozen.com\/index.php\/conferences-des-auteurs\/","og_locale":"fr_FR","og_type":"article","og_title":"Conf\u00e9rence des Auteurs - InventoZen","og_description":"D\u00e9couvrez la Conf\u00e9rence des Auteurs pour la cr\u00e9ation et la gestion de vos Catalogues raisonn\u00e9s sur InventoZen, logiciel de Catalogues raisonn\u00e9s.","og_url":"https:\/\/inventozen.com\/index.php\/conferences-des-auteurs\/","og_site_name":"InventoZen","article_modified_time":"2025-10-16T12:58:32+00:00","twitter_card":"summary_large_image","twitter_misc":{"Dur\u00e9e de lecture estim\u00e9e":"3 minutes"},"schema":{"@context":"https:\/\/schema.org","@graph":[{"@type":"WebPage","@id":"https:\/\/inventozen.com\/index.php\/conferences-des-auteurs\/","url":"https:\/\/inventozen.com\/index.php\/conferences-des-auteurs\/","name":"Conf\u00e9rence des Auteurs - InventoZen","isPartOf":{"@id":"https:\/\/inventozen.com\/#website"},"datePublished":"2024-09-10T15:03:20+00:00","dateModified":"2025-10-16T12:58:32+00:00","description":"D\u00e9couvrez la Conf\u00e9rence des Auteurs pour la cr\u00e9ation et la gestion de vos Catalogues raisonn\u00e9s sur InventoZen, logiciel de Catalogues raisonn\u00e9s.","breadcrumb":{"@id":"https:\/\/inventozen.com\/index.php\/conferences-des-auteurs\/#breadcrumb"},"inLanguage":"fr-FR","potentialAction":[{"@type":"ReadAction","target":["https:\/\/inventozen.com\/index.php\/conferences-des-auteurs\/"]}]},{"@type":"BreadcrumbList","@id":"https:\/\/inventozen.com\/index.php\/conferences-des-auteurs\/#breadcrumb","itemListElement":[{"@type":"ListItem","position":1,"name":"Accueil","item":"https:\/\/inventozen.com\/"},{"@type":"ListItem","position":2,"name":"Conf\u00e9rences des Auteurs"}]},{"@type":"WebSite","@id":"https:\/\/inventozen.com\/#website","url":"https:\/\/inventozen.com\/","name":"InventoZen","description":"La technologie au service de l&#039;art","potentialAction":[{"@type":"SearchAction","target":{"@type":"EntryPoint","urlTemplate":"https:\/\/inventozen.com\/?s={search_term_string}"},"query-input":{"@type":"PropertyValueSpecification","valueRequired":true,"valueName":"search_term_string"}}],"inLanguage":"fr-FR"}]}},"_links":{"self":[{"href":"https:\/\/inventozen.com\/index.php\/wp-json\/wp\/v2\/pages\/2348","targetHints":{"allow":["GET"]}}],"collection":[{"href":"https:\/\/inventozen.com\/index.php\/wp-json\/wp\/v2\/pages"}],"about":[{"href":"https:\/\/inventozen.com\/index.php\/wp-json\/wp\/v2\/types\/page"}],"author":[{"embeddable":true,"href":"https:\/\/inventozen.com\/index.php\/wp-json\/wp\/v2\/users\/2"}],"replies":[{"embeddable":true,"href":"https:\/\/inventozen.com\/index.php\/wp-json\/wp\/v2\/comments?post=2348"}],"version-history":[{"count":72,"href":"https:\/\/inventozen.com\/index.php\/wp-json\/wp\/v2\/pages\/2348\/revisions"}],"predecessor-version":[{"id":6295,"href":"https:\/\/inventozen.com\/index.php\/wp-json\/wp\/v2\/pages\/2348\/revisions\/6295"}],"wp:attachment":[{"href":"https:\/\/inventozen.com\/index.php\/wp-json\/wp\/v2\/media?parent=2348"}],"curies":[{"name":"wp","href":"https:\/\/api.w.org\/{rel}","templated":true}]}}