{"id":388,"date":"2023-03-08T16:18:24","date_gmt":"2023-03-08T15:18:24","guid":{"rendered":"https:\/\/inventozen.com\/?page_id=388"},"modified":"2024-09-20T14:20:44","modified_gmt":"2024-09-20T12:20:44","slug":"credits","status":"publish","type":"page","link":"https:\/\/inventozen.com\/index.php\/credits\/","title":{"rendered":"Cr\u00e9dits &#8211; InventoZen &#8211; Logiciel pour Catalogues raisonn\u00e9s"},"content":{"rendered":"<div class=\"wpb-content-wrapper\"><p>[vc_row css_animation=\u00a0\u00bb\u00a0\u00bb row_type=\u00a0\u00bbrow\u00a0\u00bb use_row_as_full_screen_section=\u00a0\u00bbno\u00a0\u00bb type=\u00a0\u00bbfull_width\u00a0\u00bb angled_section=\u00a0\u00bbno\u00a0\u00bb text_align=\u00a0\u00bbleft\u00a0\u00bb background_image_as_pattern=\u00a0\u00bbwithout_pattern\u00a0\u00bb][vc_column][vc_column_text css=\u00a0\u00bb\u00a0\u00bb]<\/p>\n<h2>Mentions l\u00e9gales<\/h2>\n<p>[\/vc_column_text][vc_empty_space][vc_column_text]<\/p>\n<h4>CE SITE EST \u00c9DIT\u00c9 PAR\u00a0:<\/h4>\n<p>[\/vc_column_text][vc_empty_space height=\u00a0\u00bb12px\u00a0\u00bb][vc_column_text]<\/p>\n<p style=\"text-align: left;\">INVENTOZEN (SAS au capital de 1 000 euros)<br \/>\n2 bis, rue de Gribeauval<br \/>\n75007 Paris<br \/>\nFrance<\/p>\n<p>[\/vc_column_text][vc_empty_space height=\u00a0\u00bb12px\u00a0\u00bb][vc_column_text]<\/p>\n<p style=\"text-align: left;\">E-mail : contact@inventozen.com<br \/>\nSite internet\u00a0: https:\/\/inventozen.com<br \/>\nN\u00b0 SIRET\u00a0: RCS Paris 981 189 608<br \/>\nN\u00b0 TVA intra-communautaire : FR 46981189608<br \/>\nDirectrice de la publication : Madame Diane de Polignac<\/p>\n<p>[\/vc_column_text][vc_empty_space height=\u00a0\u00bb6px\u00a0\u00bb][vc_column_text]<\/p>\n<p style=\"text-align: left;\">T\u00e9l.\u00a0: + 33 (0) 6 14 74 77 05 (du lundi au vendredi de 9h \u00e0 18h \u2013 jours ouvr\u00e9s)<\/p>\n<p>[\/vc_column_text][vc_empty_space height=\u00a0\u00bb12px\u00a0\u00bb][vc_column_text]<\/p>\n<p style=\"text-align: left;\"><strong>H\u00e9bergement<\/strong><br \/>\nOVHcloud<br \/>\n2 Rue Kellermann<br \/>\n59100 Roubaix<br \/>\nFrance<\/p>\n<p>[\/vc_column_text][vc_empty_space height=\u00a0\u00bb12px\u00a0\u00bb][vc_column_text]<\/p>\n<p style=\"text-align: left;\"><strong>Webdesign<\/strong><br \/>\nAnna Gorokhova<\/p>\n<p>[\/vc_column_text][\/vc_column][\/vc_row][vc_row css_animation=\u00a0\u00bb\u00a0\u00bb row_type=\u00a0\u00bbrow\u00a0\u00bb use_row_as_full_screen_section=\u00a0\u00bbno\u00a0\u00bb type=\u00a0\u00bbfull_width\u00a0\u00bb angled_section=\u00a0\u00bbno\u00a0\u00bb text_align=\u00a0\u00bbleft\u00a0\u00bb background_image_as_pattern=\u00a0\u00bbwithout_pattern\u00a0\u00bb][vc_column][vc_empty_space height=\u00a0\u00bb102px\u00a0\u00bb][\/vc_column][\/vc_row]<\/p>\n<\/div>","protected":false},"excerpt":{"rendered":"<p>[vc_row css_animation=\u00a0\u00bb\u00a0\u00bb row_type=\u00a0\u00bbrow\u00a0\u00bb use_row_as_full_screen_section=\u00a0\u00bbno\u00a0\u00bb type=\u00a0\u00bbfull_width\u00a0\u00bb angled_section=\u00a0\u00bbno\u00a0\u00bb text_align=\u00a0\u00bbleft\u00a0\u00bb background_image_as_pattern=\u00a0\u00bbwithout_pattern\u00a0\u00bb][vc_column][vc_column_text css=\u00a0\u00bb\u00a0\u00bb] Mentions l\u00e9gales [\/vc_column_text][vc_empty_space][vc_column_text] CE SITE EST \u00c9DIT\u00c9 PAR\u00a0: [\/vc_column_text][vc_empty_space height=\u00a0\u00bb12px\u00a0\u00bb][vc_column_text] INVENTOZEN (SAS au capital de 1 000 euros) 2 bis, rue de Gribeauval 75007 Paris France [\/vc_column_text][vc_empty_space height=\u00a0\u00bb12px\u00a0\u00bb][vc_column_text] E-mail : contact@inventozen.com Site internet\u00a0: https:\/\/inventozen.com N\u00b0 SIRET\u00a0:&#8230;<\/p>\n","protected":false},"author":2,"featured_media":0,"parent":0,"menu_order":0,"comment_status":"closed","ping_status":"closed","template":"","meta":{"_monsterinsights_skip_tracking":false,"_monsterinsights_sitenote_active":false,"_monsterinsights_sitenote_note":"","_monsterinsights_sitenote_category":0,"footnotes":""},"class_list":["post-388","page","type-page","status-publish","hentry"],"yoast_head":"<!-- This site is optimized with the Yoast SEO plugin v26.9 - https:\/\/yoast.com\/product\/yoast-seo-wordpress\/ -->\n<title>Cr\u00e9dits - InventoZen - Logiciel pour Catalogues Raisonn\u00e9s<\/title>\n<meta name=\"description\" content=\"Retrouvez toutes les informations du Logiciel InventoZen Catalogues Raisonn\u00e9s sur la page Cr\u00e9dits, h\u00e9bergement et webdesign.\" \/>\n<meta name=\"robots\" content=\"index, follow, max-snippet:-1, max-image-preview:large, max-video-preview:-1\" \/>\n<link rel=\"canonical\" href=\"https:\/\/inventozen.com\/index.php\/credits\/\" \/>\n<meta property=\"og:locale\" content=\"fr_FR\" \/>\n<meta property=\"og:type\" content=\"article\" \/>\n<meta property=\"og:title\" content=\"Cr\u00e9dits - InventoZen - Logiciel pour Catalogues Raisonn\u00e9s\" \/>\n<meta property=\"og:description\" content=\"Retrouvez toutes les informations du Logiciel InventoZen Catalogues Raisonn\u00e9s sur la page Cr\u00e9dits, h\u00e9bergement et webdesign.\" \/>\n<meta property=\"og:url\" content=\"https:\/\/inventozen.com\/index.php\/credits\/\" \/>\n<meta property=\"og:site_name\" content=\"InventoZen\" \/>\n<meta property=\"article:modified_time\" content=\"2024-09-20T12:20:44+00:00\" \/>\n<meta name=\"twitter:card\" content=\"summary_large_image\" \/>\n<meta name=\"twitter:label1\" content=\"Dur\u00e9e de lecture estim\u00e9e\" \/>\n\t<meta name=\"twitter:data1\" content=\"1 minute\" \/>\n<script type=\"application\/ld+json\" class=\"yoast-schema-graph\">{\"@context\":\"https:\/\/schema.org\",\"@graph\":[{\"@type\":\"WebPage\",\"@id\":\"https:\/\/inventozen.com\/index.php\/credits\/\",\"url\":\"https:\/\/inventozen.com\/index.php\/credits\/\",\"name\":\"Cr\u00e9dits - InventoZen - Logiciel pour Catalogues Raisonn\u00e9s\",\"isPartOf\":{\"@id\":\"https:\/\/inventozen.com\/#website\"},\"datePublished\":\"2023-03-08T15:18:24+00:00\",\"dateModified\":\"2024-09-20T12:20:44+00:00\",\"description\":\"Retrouvez toutes les informations du Logiciel InventoZen Catalogues Raisonn\u00e9s sur la page Cr\u00e9dits, h\u00e9bergement et webdesign.\",\"breadcrumb\":{\"@id\":\"https:\/\/inventozen.com\/index.php\/credits\/#breadcrumb\"},\"inLanguage\":\"fr-FR\",\"potentialAction\":[{\"@type\":\"ReadAction\",\"target\":[\"https:\/\/inventozen.com\/index.php\/credits\/\"]}]},{\"@type\":\"BreadcrumbList\",\"@id\":\"https:\/\/inventozen.com\/index.php\/credits\/#breadcrumb\",\"itemListElement\":[{\"@type\":\"ListItem\",\"position\":1,\"name\":\"Accueil\",\"item\":\"https:\/\/inventozen.com\/\"},{\"@type\":\"ListItem\",\"position\":2,\"name\":\"Cr\u00e9dits &#8211; InventoZen &#8211; Logiciel pour Catalogues raisonn\u00e9s\"}]},{\"@type\":\"WebSite\",\"@id\":\"https:\/\/inventozen.com\/#website\",\"url\":\"https:\/\/inventozen.com\/\",\"name\":\"InventoZen\",\"description\":\"La technologie au service de l&#039;art\",\"potentialAction\":[{\"@type\":\"SearchAction\",\"target\":{\"@type\":\"EntryPoint\",\"urlTemplate\":\"https:\/\/inventozen.com\/?s={search_term_string}\"},\"query-input\":{\"@type\":\"PropertyValueSpecification\",\"valueRequired\":true,\"valueName\":\"search_term_string\"}}],\"inLanguage\":\"fr-FR\"}]}<\/script>\n<!-- \/ Yoast SEO plugin. -->","yoast_head_json":{"title":"Cr\u00e9dits - InventoZen - Logiciel pour Catalogues Raisonn\u00e9s","description":"Retrouvez toutes les informations du Logiciel InventoZen Catalogues Raisonn\u00e9s sur la page Cr\u00e9dits, h\u00e9bergement et webdesign.","robots":{"index":"index","follow":"follow","max-snippet":"max-snippet:-1","max-image-preview":"max-image-preview:large","max-video-preview":"max-video-preview:-1"},"canonical":"https:\/\/inventozen.com\/index.php\/credits\/","og_locale":"fr_FR","og_type":"article","og_title":"Cr\u00e9dits - InventoZen - Logiciel pour Catalogues Raisonn\u00e9s","og_description":"Retrouvez toutes les informations du Logiciel InventoZen Catalogues Raisonn\u00e9s sur la page Cr\u00e9dits, h\u00e9bergement et webdesign.","og_url":"https:\/\/inventozen.com\/index.php\/credits\/","og_site_name":"InventoZen","article_modified_time":"2024-09-20T12:20:44+00:00","twitter_card":"summary_large_image","twitter_misc":{"Dur\u00e9e de lecture estim\u00e9e":"1 minute"},"schema":{"@context":"https:\/\/schema.org","@graph":[{"@type":"WebPage","@id":"https:\/\/inventozen.com\/index.php\/credits\/","url":"https:\/\/inventozen.com\/index.php\/credits\/","name":"Cr\u00e9dits - InventoZen - Logiciel pour Catalogues Raisonn\u00e9s","isPartOf":{"@id":"https:\/\/inventozen.com\/#website"},"datePublished":"2023-03-08T15:18:24+00:00","dateModified":"2024-09-20T12:20:44+00:00","description":"Retrouvez toutes les informations du Logiciel InventoZen Catalogues Raisonn\u00e9s sur la page Cr\u00e9dits, h\u00e9bergement et webdesign.","breadcrumb":{"@id":"https:\/\/inventozen.com\/index.php\/credits\/#breadcrumb"},"inLanguage":"fr-FR","potentialAction":[{"@type":"ReadAction","target":["https:\/\/inventozen.com\/index.php\/credits\/"]}]},{"@type":"BreadcrumbList","@id":"https:\/\/inventozen.com\/index.php\/credits\/#breadcrumb","itemListElement":[{"@type":"ListItem","position":1,"name":"Accueil","item":"https:\/\/inventozen.com\/"},{"@type":"ListItem","position":2,"name":"Cr\u00e9dits &#8211; InventoZen &#8211; Logiciel pour Catalogues raisonn\u00e9s"}]},{"@type":"WebSite","@id":"https:\/\/inventozen.com\/#website","url":"https:\/\/inventozen.com\/","name":"InventoZen","description":"La technologie au service de l&#039;art","potentialAction":[{"@type":"SearchAction","target":{"@type":"EntryPoint","urlTemplate":"https:\/\/inventozen.com\/?s={search_term_string}"},"query-input":{"@type":"PropertyValueSpecification","valueRequired":true,"valueName":"search_term_string"}}],"inLanguage":"fr-FR"}]}},"_links":{"self":[{"href":"https:\/\/inventozen.com\/index.php\/wp-json\/wp\/v2\/pages\/388","targetHints":{"allow":["GET"]}}],"collection":[{"href":"https:\/\/inventozen.com\/index.php\/wp-json\/wp\/v2\/pages"}],"about":[{"href":"https:\/\/inventozen.com\/index.php\/wp-json\/wp\/v2\/types\/page"}],"author":[{"embeddable":true,"href":"https:\/\/inventozen.com\/index.php\/wp-json\/wp\/v2\/users\/2"}],"replies":[{"embeddable":true,"href":"https:\/\/inventozen.com\/index.php\/wp-json\/wp\/v2\/comments?post=388"}],"version-history":[{"count":24,"href":"https:\/\/inventozen.com\/index.php\/wp-json\/wp\/v2\/pages\/388\/revisions"}],"predecessor-version":[{"id":3032,"href":"https:\/\/inventozen.com\/index.php\/wp-json\/wp\/v2\/pages\/388\/revisions\/3032"}],"wp:attachment":[{"href":"https:\/\/inventozen.com\/index.php\/wp-json\/wp\/v2\/media?parent=388"}],"curies":[{"name":"wp","href":"https:\/\/api.w.org\/{rel}","templated":true}]}}