{"id":4236,"date":"2025-04-01T21:13:17","date_gmt":"2025-04-01T19:13:17","guid":{"rendered":"https:\/\/inventozen.com\/?page_id=4236"},"modified":"2025-10-16T14:59:49","modified_gmt":"2025-10-16T12:59:49","slug":"conferencia-de-lors-autores","status":"publish","type":"page","link":"https:\/\/inventozen.com\/index.php\/es\/conferencia-de-lors-autores\/","title":{"rendered":"Conferencia de los Autores"},"content":{"rendered":"<div class=\"wpb-content-wrapper\"><p>[vc_row css_animation=\u00a0\u00bb\u00a0\u00bb row_type=\u00a0\u00bbrow\u00a0\u00bb use_row_as_full_screen_section=\u00a0\u00bbno\u00a0\u00bb type=\u00a0\u00bbgrid\u00a0\u00bb angled_section=\u00a0\u00bbno\u00a0\u00bb text_align=\u00a0\u00bbleft\u00a0\u00bb background_image_as_pattern=\u00a0\u00bbwithout_pattern\u00a0\u00bb z_index=\u00a0\u00bb\u00a0\u00bb el_class=\u00a0\u00bbimage_repeat_230_gris\u00a0\u00bb css=\u00a0\u00bb.vc_custom_1760013139863{background-color: #F8FAFC !important;}\u00a0\u00bb][vc_column][vc_empty_space][vc_video link=\u00a0\u00bbhttps:\/\/youtu.be\/Pi-y9i9AMkM?si=1R_NJ4yFf5ATt7L_\u00a0\u00bb css=\u00a0\u00bb\u00a0\u00bb][\/vc_column][\/vc_row][vc_row css_animation=\u00a0\u00bb\u00a0\u00bb row_type=\u00a0\u00bbrow\u00a0\u00bb use_row_as_full_screen_section=\u00a0\u00bbno\u00a0\u00bb type=\u00a0\u00bbgrid\u00a0\u00bb angled_section=\u00a0\u00bbno\u00a0\u00bb text_align=\u00a0\u00bbleft\u00a0\u00bb background_image_as_pattern=\u00a0\u00bbwithout_pattern\u00a0\u00bb z_index=\u00a0\u00bb\u00a0\u00bb css=\u00a0\u00bb.vc_custom_1726067055468{background-color: #F8FAFC !important;}\u00a0\u00bb][vc_column width=\u00a0\u00bb2\/3&Prime;][vc_empty_space][vc_column_text css=\u00a0\u00bb\u00a0\u00bb]<\/p>\n<h1 style=\"color: #006eab; text-transform: uppercase; font-weight: 500; font-size: 14px; line-height: 18px;\">Conferencia de los Autores<\/h1>\n<p>[\/vc_column_text][vc_empty_space height=\u00a0\u00bb4px\u00a0\u00bb][vc_column_text css=\u00a0\u00bb\u00a0\u00bb]<\/p>\n<h2>Conferencia de los Autores de los Cat\u00e1logos Razonados<\/h2>\n<p>[\/vc_column_text][vc_empty_space height=\u00a0\u00bb28px\u00a0\u00bb][\/vc_column][vc_column width=\u00a0\u00bb1\/3&Prime;][\/vc_column][\/vc_row][vc_row css_animation=\u00a0\u00bb\u00a0\u00bb row_type=\u00a0\u00bbrow\u00a0\u00bb use_row_as_full_screen_section=\u00a0\u00bbno\u00a0\u00bb type=\u00a0\u00bbgrid\u00a0\u00bb angled_section=\u00a0\u00bbno\u00a0\u00bb text_align=\u00a0\u00bbleft\u00a0\u00bb background_image_as_pattern=\u00a0\u00bbwithout_pattern\u00a0\u00bb z_index=\u00a0\u00bb\u00a0\u00bb css=\u00a0\u00bb.vc_custom_1725962019222{background-color: #F8FAFC !important;}\u00a0\u00bb][vc_column][vc_row_inner row_type=\u00a0\u00bbrow\u00a0\u00bb type=\u00a0\u00bbfull_width\u00a0\u00bb text_align=\u00a0\u00bbleft\u00a0\u00bb css_animation=\u00a0\u00bb\u00a0\u00bb][vc_column_inner width=\u00a0\u00bb2\/3&Prime;]<div class='q_icon_with_title tiny custom_icon_image '><div class=\"icon_holder \" style=\" \"><img decoding=\"async\" itemprop=\"image\" style=\"\" src=\"https:\/\/inventozen.com\/wp-content\/uploads\/2024\/09\/inventozen-club-des-auteurs.svg\" alt=\"\"><\/div><div class=\"icon_text_holder\" style=\"\"><div class=\"icon_text_inner\" style=\"\"><h5 class=\"icon_title\" style=\"\"><\/h5><p style=''>La Conferencia de Autores de Cat\u00e1logos Razonados tiene como misi\u00f3n reunir, una vez al a\u00f1o en Par\u00eds, a personas directamente implicadas en la creaci\u00f3n y gesti\u00f3n de cat\u00e1logos razonados.<\/p><\/div><\/div><\/div>[vc_column_text css=\u00a0\u00bb\u00a0\u00bb]<\/p>\n<div style=\"margin-left: 51px; margin-bottom: 18px;\">\n<p>Esta Conferencia de Autores de Cat\u00e1logos Razonados tambi\u00e9n est\u00e1 abierta a miembros encargados de la gesti\u00f3n de archivos y fondos que trabajen con la intenci\u00f3n de elaborar un cat\u00e1logo razonado a medio plazo.<\/p>\n<\/div>\n<div style=\"margin-left: 51px; margin-bottom: 18px;\">\n<p data-start=\"2345\" data-end=\"2590\">La participaci\u00f3n en la Conferencia de Autores de Cat\u00e1logos Razonados se realiza mediante solicitud, que debe enviarse por correo electr\u00f3nico a: <strong><a href=\"mailto:contact@inventozen.com\" target=\"_blank\" rel=\"noopener\">contact@inventozen.com<\/a>.<\/strong> Le agradecemos incluir una presentaci\u00f3n de su trabajo de investigaci\u00f3n.<\/p>\n<\/div>\n<div style=\"margin-left: 51px; margin-bottom: 18px;\">\n<p>La pr\u00f3xima Conferencia de Autores de Cat\u00e1logos Razonados tendr\u00e1 lugar en septiembre de 2026 en Par\u00eds, e incluir\u00e1 una mesa redonda y un c\u00f3ctel de encuentro. El programa y la fecha se comunicar\u00e1n a los miembros en mayo de 2026.<\/p>\n<\/div>\n<p>[\/vc_column_text][vc_empty_space height=\u00a0\u00bb28px\u00a0\u00bb][\/vc_column_inner][vc_column_inner el_class=\u00a0\u00bbmobile_align_left_withicon\u00a0\u00bb width=\u00a0\u00bb1\/3&Prime;]<a  itemprop=\"url\" href=\"https:\/\/inventozen.com\/index.php\/es\/contacto\/\" target=\"_self\"  class=\"qbutton  large center default\" style=\"color: #FFFFFF; border-radius: 8px;-moz-border-radius: 8px;-webkit-border-radius: 8px; background-color: #008BD4;\">Solicitud de adhesi\u00f3n<\/a>[vc_empty_space][\/vc_column_inner][\/vc_row_inner][\/vc_column][\/vc_row][vc_row css_animation=\u00a0\u00bb\u00a0\u00bb row_type=\u00a0\u00bbrow\u00a0\u00bb use_row_as_full_screen_section=\u00a0\u00bbno\u00a0\u00bb type=\u00a0\u00bbgrid\u00a0\u00bb angled_section=\u00a0\u00bbno\u00a0\u00bb text_align=\u00a0\u00bbleft\u00a0\u00bb background_image_as_pattern=\u00a0\u00bbwithout_pattern\u00a0\u00bb z_index=\u00a0\u00bb\u00a0\u00bb el_class=\u00a0\u00bbimage_repeat_230_gris\u00a0\u00bb css=\u00a0\u00bb.vc_custom_1760013139863{background-color: #F8FAFC !important;}\u00a0\u00bb][vc_column][vc_empty_space height=\u00a0\u00bb12px\u00a0\u00bb][vc_video link=\u00a0\u00bbhttps:\/\/youtu.be\/m00zLaH66Z0?si=FYmkohJ2fLMrh0Ey\u00a0\u00bb css=\u00a0\u00bb\u00a0\u00bb][vc_empty_space height=\u00a0\u00bb52px\u00a0\u00bb][\/vc_column][\/vc_row][vc_row css_animation=\u00a0\u00bb\u00a0\u00bb row_type=\u00a0\u00bbrow\u00a0\u00bb use_row_as_full_screen_section=\u00a0\u00bbno\u00a0\u00bb type=\u00a0\u00bbgrid\u00a0\u00bb angled_section=\u00a0\u00bbno\u00a0\u00bb text_align=\u00a0\u00bbleft\u00a0\u00bb background_image_as_pattern=\u00a0\u00bbwithout_pattern\u00a0\u00bb z_index=\u00a0\u00bb\u00a0\u00bb css=\u00a0\u00bb.vc_custom_1760013145944{background-color: #F8FAFC !important;}\u00a0\u00bb][vc_column width=\u00a0\u00bb2\/3&Prime;][vc_column_text css=\u00a0\u00bb\u00a0\u00bb]<\/p>\n<h1 style=\"color: #006eab; text-transform: uppercase; font-weight: 500; font-size: 14px; line-height: 18px;\">ArtistAS<\/h1>\n<p>[\/vc_column_text][vc_empty_space height=\u00a0\u00bb4px\u00a0\u00bb][vc_column_text css=\u00a0\u00bb\u00a0\u00bb]<\/p>\n<h2>Han escogido InventoZen<\/h2>\n<p>[\/vc_column_text][vc_column_text css=\u00a0\u00bb\u00a0\u00bb]Muchos artistas contempor\u00e1neos y gestionarios de legados han elegido InventoZen.[\/vc_column_text][vc_empty_space height=\u00a0\u00bb28px\u00a0\u00bb][\/vc_column][vc_column width=\u00a0\u00bb1\/3&Prime; el_class=\u00a0\u00bbmobile_align_left\u00a0\u00bb]<a  itemprop=\"url\" href=\"https:\/\/inventozen.com\/index.php\/es\/artistas\/\" target=\"_self\"  class=\"qbutton  large center default\" style=\"color: #FFFFFF; border-radius: 8px;-moz-border-radius: 8px;-webkit-border-radius: 8px; background-color: #008BD4;\">Descubrir<\/a>[\/vc_column][\/vc_row][vc_row css_animation=\u00a0\u00bb\u00a0\u00bb row_type=\u00a0\u00bbrow\u00a0\u00bb use_row_as_full_screen_section=\u00a0\u00bbno\u00a0\u00bb type=\u00a0\u00bbgrid\u00a0\u00bb angled_section=\u00a0\u00bbno\u00a0\u00bb text_align=\u00a0\u00bbleft\u00a0\u00bb background_image_as_pattern=\u00a0\u00bbwithout_pattern\u00a0\u00bb z_index=\u00a0\u00bb\u00a0\u00bb css=\u00a0\u00bb.vc_custom_1760013152339{background-color: #F8FAFC !important;}\u00a0\u00bb][vc_column][vc_empty_space height=\u00a0\u00bb28px\u00a0\u00bb]<div class='qode_carousels_holder clearfix'><div class='qode_carousels' data-number-of-visible-items='4'><ul class='slides'><li class='item'><div class=\"carousel_item_holder\"><a itemprop='url' href='https:\/\/www.robertomatta.fr\/' target='_blank'><span class='first_image_holder '><img decoding=\"async\" itemprop=\"image\" src=\"https:\/\/inventozen.com\/wp-content\/uploads\/2024\/09\/roberto-matta.png\" alt=\"carousel image\" \/><\/span><\/a><\/div><\/li><li class='item'><div class=\"carousel_item_holder\"><a itemprop='url' href='https:\/\/www.gerardschneider.net\/' target='_blank'><span class='first_image_holder '><img decoding=\"async\" itemprop=\"image\" src=\"https:\/\/inventozen.com\/wp-content\/uploads\/2024\/09\/gerard-schneider.png\" alt=\"carousel image\" \/><\/span><\/a><\/div><\/li><li class='item'><div class=\"carousel_item_holder\"><a itemprop='url' href='https:\/\/albertbitran-catalogueraisonne.com\/fr\/' target='_blank'><span class='first_image_holder '><img decoding=\"async\" itemprop=\"image\" src=\"https:\/\/inventozen.com\/wp-content\/uploads\/2024\/09\/albert-bitran.png\" alt=\"carousel image\" \/><\/span><\/a><\/div><\/li><li class='item'><div class=\"carousel_item_holder\"><a itemprop='url' href='https:\/\/loisfrederick-catalogueraisonne.com\/fr\/' target='_blank'><span class='first_image_holder '><img decoding=\"async\" itemprop=\"image\" src=\"https:\/\/inventozen.com\/wp-content\/uploads\/2024\/09\/lois-frederick.png\" alt=\"carousel image\" \/><\/span><\/a><\/div><\/li><li class='item'><div class=\"carousel_item_holder\"><a itemprop='url' href='https:\/\/www.guyderougemont.com\/' target='_blank'><span class='first_image_holder '><img decoding=\"async\" itemprop=\"image\" src=\"https:\/\/inventozen.com\/wp-content\/uploads\/2024\/09\/guy-de-rougemont.png\" alt=\"carousel image\" \/><\/span><\/a><\/div><\/li><li class='item'><div class=\"carousel_item_holder\"><a itemprop='url' href='https:\/\/jeanmiotte-catalogueraisonne.com\/' target='_blank'><span class='first_image_holder '><img decoding=\"async\" itemprop=\"image\" src=\"https:\/\/inventozen.com\/wp-content\/uploads\/2024\/09\/jean-miotte.png\" alt=\"carousel image\" \/><\/span><\/a><\/div><\/li><\/ul><\/div><\/div>[vc_empty_space][\/vc_column][\/vc_row][vc_row css_animation=\u00a0\u00bb\u00a0\u00bb row_type=\u00a0\u00bbrow\u00a0\u00bb use_row_as_full_screen_section=\u00a0\u00bbno\u00a0\u00bb type=\u00a0\u00bbgrid\u00a0\u00bb angled_section=\u00a0\u00bbno\u00a0\u00bb text_align=\u00a0\u00bbleft\u00a0\u00bb background_image_as_pattern=\u00a0\u00bbwithout_pattern\u00a0\u00bb z_index=\u00a0\u00bb\u00a0\u00bb css=\u00a0\u00bb.vc_custom_1760013158448{background-color: #F8FAFC !important;}\u00a0\u00bb][vc_column][vc_empty_space][vc_column_text css=\u00a0\u00bb\u00a0\u00bb]<\/p>\n<h6 style=\"text-align: left;\"><span><span><a href=\"https:\/\/inventozen.com\/\">Accueil<\/a><\/span><\/span><\/h6>\n<p>[\/vc_column_text][vc_empty_space height=\u00a0\u00bb22px\u00a0\u00bb][\/vc_column][\/vc_row][vc_row css_animation=\u00a0\u00bb\u00a0\u00bb row_type=\u00a0\u00bbrow\u00a0\u00bb use_row_as_full_screen_section=\u00a0\u00bbno\u00a0\u00bb type=\u00a0\u00bbfull_width\u00a0\u00bb angled_section=\u00a0\u00bbno\u00a0\u00bb text_align=\u00a0\u00bbleft\u00a0\u00bb background_image_as_pattern=\u00a0\u00bbwithout_pattern\u00a0\u00bb z_index=\u00a0\u00bb\u00a0\u00bb css=\u00a0\u00bb.vc_custom_1725713227228{background-color: #F8FAFC !important;}\u00a0\u00bb][vc_column][vc_empty_space height=\u00a0\u00bb62px\u00a0\u00bb][vc_row_inner row_type=\u00a0\u00bbrow\u00a0\u00bb type=\u00a0\u00bbgrid\u00a0\u00bb text_align=\u00a0\u00bbleft\u00a0\u00bb css_animation=\u00a0\u00bb\u00a0\u00bb][vc_column_inner][vc_column_text css=\u00a0\u00bb\u00a0\u00bb]<\/p>\n<p style=\"text-align: center; color: #0f172a; font-family: 'Raleway', sans-serif; font-size: 28px; line-height: 28px; font-style: normal; font-weight: bold; letter-spacing: 0px; text-transform: none;\">Suscr\u00edbase a nuestro bolet\u00edn<\/p>\n<p>[\/vc_column_text][vc_empty_space height=\u00a0\u00bb6px\u00a0\u00bb][vc_column_text css=\u00a0\u00bb\u00a0\u00bb]<\/p>\n<p style=\"text-align: center;\">Mant\u00e9ngase al d\u00eda de todas nuestras novedades y promociones.<\/p>\n<p>[\/vc_column_text][vc_empty_space height=\u00a0\u00bb12px\u00a0\u00bb][\/vc_column_inner][\/vc_row_inner][vc_row_inner row_type=\u00a0\u00bbrow\u00a0\u00bb type=\u00a0\u00bbgrid\u00a0\u00bb text_align=\u00a0\u00bbleft\u00a0\u00bb css_animation=\u00a0\u00bb\u00a0\u00bb el_class=\u00a0\u00bbmobileShow_news\u00a0\u00bb][vc_column_inner width=\u00a0\u00bb1\/4&Prime;][\/vc_column_inner][vc_column_inner width=\u00a0\u00bb1\/2&Prime;][vc_column_text css=\u00a0\u00bb\u00a0\u00bb]<script>(function() {\n\twindow.mc4wp = window.mc4wp || {\n\t\tlisteners: [],\n\t\tforms: {\n\t\t\ton: function(evt, cb) {\n\t\t\t\twindow.mc4wp.listeners.push(\n\t\t\t\t\t{\n\t\t\t\t\t\tevent   : evt,\n\t\t\t\t\t\tcallback: cb\n\t\t\t\t\t}\n\t\t\t\t);\n\t\t\t}\n\t\t}\n\t}\n})();\n<\/script><!-- Mailchimp for WordPress v4.11.1 - https:\/\/wordpress.org\/plugins\/mailchimp-for-wp\/ --><form id=\"mc4wp-form-1\" class=\"mc4wp-form mc4wp-form-4278 mc4wp-form-theme mc4wp-form-theme-light mc4wp-ajax\" method=\"post\" data-id=\"4278\" data-name=\"MC-SITE-ZEN-ES-mobile\" ><div class=\"mc4wp-form-fields\"><div style=\"\">\r\n  <div style=\"margin-right:10px; margin-bottom: 20px;\">\r\n     <input style=\" width: 100%; border-radius: 8px;  padding: 12px 12px\" type=\"text\" name=\"LNAME\" placeholder=\"Nombre\" required >\r\n  <\/div> \r\n  <div style=\"margin-right:10px;margin-bottom: 20px;\">\r\n    <input style=\"width: 100%; border-radius: 8px;  padding: 12px 12px\" type=\"text\" name=\"MMERGE6\" placeholder=\"Empresa\" required>\r\n<\/div><\/div>\r\n\r\n\r\n<div style=\"\">\r\n  <div style=\"margin-right:10px; margin-bottom: 20px;\">\r\n<input style=\"width: 100%; border-radius: 8px;  padding: 12px 12px\" type=\"email\" name=\"EMAIL\" placeholder=\"Su direcci\u00f3n de correo electr\u00f3nico\" required \/>\r\n<\/div>\r\n\r\n <div style=\"margin-right:10px; margin-bottom: 20px;\">\r\n\t<input style=\"width: 100%; background-color: #008bd4 !important; border-radius: 8px; border-color: #008bd4 !important; color: #ffffff !important; font-family: Raleway; font-weight: 600; padding: 12px 22px; font-size: 13px;\" type=\"submit\" value=\"Suscr\u00edbase\" \/>\r\n<\/div>\r\n<\/div>\r\n<\/div><label style=\"display: none !important;\">Laissez ce champ vide si vous \u00eates humain\u00a0: <input type=\"text\" name=\"_mc4wp_honeypot\" value=\"\" tabindex=\"-1\" autocomplete=\"off\" \/><\/label><input type=\"hidden\" name=\"_mc4wp_timestamp\" value=\"1775518940\" \/><input type=\"hidden\" name=\"_mc4wp_form_id\" value=\"4278\" \/><input type=\"hidden\" name=\"_mc4wp_form_element_id\" value=\"mc4wp-form-1\" \/><div class=\"mc4wp-response\"><\/div><\/form><!-- \/ Mailchimp for WordPress Plugin -->[\/vc_column_text][\/vc_column_inner][vc_column_inner width=\u00a0\u00bb1\/4&Prime;][\/vc_column_inner][\/vc_row_inner][vc_row_inner row_type=\u00a0\u00bbrow\u00a0\u00bb type=\u00a0\u00bbgrid\u00a0\u00bb text_align=\u00a0\u00bbleft\u00a0\u00bb css_animation=\u00a0\u00bb\u00a0\u00bb el_class=\u00a0\u00bbmobileHide_news\u00a0\u00bb][vc_column_inner width=\u00a0\u00bb1\/4&Prime;][\/vc_column_inner][vc_column_inner width=\u00a0\u00bb1\/2&Prime;][vc_column_text css=\u00a0\u00bb\u00a0\u00bb]<script>(function() {\n\twindow.mc4wp = window.mc4wp || {\n\t\tlisteners: [],\n\t\tforms: {\n\t\t\ton: function(evt, cb) {\n\t\t\t\twindow.mc4wp.listeners.push(\n\t\t\t\t\t{\n\t\t\t\t\t\tevent   : evt,\n\t\t\t\t\t\tcallback: cb\n\t\t\t\t\t}\n\t\t\t\t);\n\t\t\t}\n\t\t}\n\t}\n})();\n<\/script><!-- Mailchimp for WordPress v4.11.1 - https:\/\/wordpress.org\/plugins\/mailchimp-for-wp\/ --><form id=\"mc4wp-form-2\" class=\"mc4wp-form mc4wp-form-4274 mc4wp-form-theme mc4wp-form-theme-light mc4wp-ajax\" method=\"post\" data-id=\"4274\" data-name=\"MC-SITE-ZEN-ES-ecran\" ><div class=\"mc4wp-form-fields\"><div style=\"display: flex;\r\n  align-items: center;\r\n  justify-content: center;\">\r\n  <div style=\"float:left !important; margin-right:10px; width: 50% !important; margin-bottom: 20px;\">\r\n     <input style=\"border-radius: 8px;  padding: 12px 12px\" type=\"text\" name=\"LNAME\" placeholder=\"Nombre\" required >\r\n  <\/div> \r\n  <div style=\"float:left !important; margin-right:10px; width: 50% !important; margin-bottom: 20px;\">\r\n    <input style=\"border-radius: 8px;  padding: 12px 12px\" type=\"text\" name=\"MMERGE6\" placeholder=\"Empresa\" required>\r\n<\/div><\/div>\r\n\r\n\r\n<div style=\"display: flex;\r\n  align-items: center;\r\n  justify-content: center;\">\r\n  <div style=\"float:left !important; margin-right:10px; width: 80% !important; margin-bottom: 20px;\">\r\n<input style=\"border-radius: 8px;  padding: 12px 12px\" type=\"email\" name=\"EMAIL\" placeholder=\"Su direcci\u00f3n de correo electr\u00f3nico\" required \/>\r\n<\/div>\r\n\r\n <div style=\"float:left !important; margin-right:10px; width: 20% !important; margin-bottom: 20px;\">\r\n\t<input style=\"background-color: #008bd4 !important; border-radius: 8px; border-color: #008bd4 !important; color: #ffffff !important; font-family: Raleway; font-weight: 600; padding: 12px 22px; font-size: 13px;\" type=\"submit\" value=\"Suscr\u00edbase\" \/>\r\n<\/div>\r\n<\/div>\r\n<\/div><label style=\"display: none !important;\">Laissez ce champ vide si vous \u00eates humain\u00a0: <input type=\"text\" name=\"_mc4wp_honeypot\" value=\"\" tabindex=\"-1\" autocomplete=\"off\" \/><\/label><input type=\"hidden\" name=\"_mc4wp_timestamp\" value=\"1775518940\" \/><input type=\"hidden\" name=\"_mc4wp_form_id\" value=\"4274\" \/><input type=\"hidden\" name=\"_mc4wp_form_element_id\" value=\"mc4wp-form-2\" \/><div class=\"mc4wp-response\"><\/div><\/form><!-- \/ Mailchimp for WordPress Plugin -->[\/vc_column_text][\/vc_column_inner][vc_column_inner width=\u00a0\u00bb1\/4&Prime;][\/vc_column_inner][\/vc_row_inner][vc_row_inner row_type=\u00a0\u00bbrow\u00a0\u00bb type=\u00a0\u00bbfull_width\u00a0\u00bb text_align=\u00a0\u00bbleft\u00a0\u00bb css_animation=\u00a0\u00bb\u00a0\u00bb][vc_column_inner][vc_empty_space height=\u00a0\u00bb62px\u00a0\u00bb][\/vc_column_inner][\/vc_row_inner][\/vc_column][\/vc_row]<\/p>\n<\/div>","protected":false},"excerpt":{"rendered":"<p>[vc_row css_animation=\u00a0\u00bb\u00a0\u00bb row_type=\u00a0\u00bbrow\u00a0\u00bb use_row_as_full_screen_section=\u00a0\u00bbno\u00a0\u00bb type=\u00a0\u00bbgrid\u00a0\u00bb angled_section=\u00a0\u00bbno\u00a0\u00bb text_align=\u00a0\u00bbleft\u00a0\u00bb background_image_as_pattern=\u00a0\u00bbwithout_pattern\u00a0\u00bb z_index=\u00a0\u00bb\u00a0\u00bb el_class=\u00a0\u00bbimage_repeat_230_gris\u00a0\u00bb css=\u00a0\u00bb.vc_custom_1760013139863{background-color: #F8FAFC !important;}\u00a0\u00bb][vc_column][vc_empty_space][vc_video link=\u00a0\u00bbhttps:\/\/youtu.be\/Pi-y9i9AMkM?si=1R_NJ4yFf5ATt7L_\u00a0\u00bb css=\u00a0\u00bb\u00a0\u00bb][\/vc_column][\/vc_row][vc_row css_animation=\u00a0\u00bb\u00a0\u00bb row_type=\u00a0\u00bbrow\u00a0\u00bb use_row_as_full_screen_section=\u00a0\u00bbno\u00a0\u00bb type=\u00a0\u00bbgrid\u00a0\u00bb angled_section=\u00a0\u00bbno\u00a0\u00bb text_align=\u00a0\u00bbleft\u00a0\u00bb background_image_as_pattern=\u00a0\u00bbwithout_pattern\u00a0\u00bb z_index=\u00a0\u00bb\u00a0\u00bb css=\u00a0\u00bb.vc_custom_1726067055468{background-color: #F8FAFC !important;}\u00a0\u00bb][vc_column width=\u00a0\u00bb2\/3&Prime;][vc_empty_space][vc_column_text css=\u00a0\u00bb\u00a0\u00bb] Conferencia de los Autores [\/vc_column_text][vc_empty_space height=\u00a0\u00bb4px\u00a0\u00bb][vc_column_text css=\u00a0\u00bb\u00a0\u00bb] Conferencia de los Autores de los Cat\u00e1logos Razonados [\/vc_column_text][vc_empty_space height=\u00a0\u00bb28px\u00a0\u00bb][\/vc_column][vc_column&#8230;<\/p>\n","protected":false},"author":3,"featured_media":0,"parent":0,"menu_order":0,"comment_status":"closed","ping_status":"closed","template":"full_width.php","meta":{"_monsterinsights_skip_tracking":false,"_monsterinsights_sitenote_active":false,"_monsterinsights_sitenote_note":"","_monsterinsights_sitenote_category":0,"footnotes":""},"class_list":["post-4236","page","type-page","status-publish","hentry"],"yoast_head":"<!-- This site is optimized with the Yoast SEO plugin v26.9 - https:\/\/yoast.com\/product\/yoast-seo-wordpress\/ -->\n<title>Conferencia de los Autores - InventoZen<\/title>\n<meta name=\"description\" content=\"Descubra la Conferencia de los Autores para crear y gestionar sus Cat\u00e1logos razonados en InventoZen, software de Cat\u00e1logos razonados.\" \/>\n<meta name=\"robots\" content=\"index, follow, max-snippet:-1, max-image-preview:large, max-video-preview:-1\" \/>\n<link rel=\"canonical\" href=\"https:\/\/inventozen.com\/index.php\/es\/conferencia-de-lors-autores\/\" \/>\n<meta property=\"og:locale\" content=\"fr_FR\" \/>\n<meta property=\"og:type\" content=\"article\" \/>\n<meta property=\"og:title\" content=\"Conferencia de los Autores - InventoZen\" \/>\n<meta property=\"og:description\" content=\"Descubra la Conferencia de los Autores para crear y gestionar sus Cat\u00e1logos razonados en InventoZen, software de Cat\u00e1logos razonados.\" \/>\n<meta property=\"og:url\" content=\"https:\/\/inventozen.com\/index.php\/es\/conferencia-de-lors-autores\/\" \/>\n<meta property=\"og:site_name\" content=\"InventoZen\" \/>\n<meta property=\"article:modified_time\" content=\"2025-10-16T12:59:49+00:00\" \/>\n<meta name=\"twitter:card\" content=\"summary_large_image\" \/>\n<meta name=\"twitter:label1\" content=\"Dur\u00e9e de lecture estim\u00e9e\" \/>\n\t<meta name=\"twitter:data1\" content=\"3 minutes\" \/>\n<script type=\"application\/ld+json\" class=\"yoast-schema-graph\">{\"@context\":\"https:\/\/schema.org\",\"@graph\":[{\"@type\":\"WebPage\",\"@id\":\"https:\/\/inventozen.com\/index.php\/es\/conferencia-de-lors-autores\/\",\"url\":\"https:\/\/inventozen.com\/index.php\/es\/conferencia-de-lors-autores\/\",\"name\":\"Conferencia de los Autores - InventoZen\",\"isPartOf\":{\"@id\":\"https:\/\/inventozen.com\/#website\"},\"datePublished\":\"2025-04-01T19:13:17+00:00\",\"dateModified\":\"2025-10-16T12:59:49+00:00\",\"description\":\"Descubra la Conferencia de los Autores para crear y gestionar sus Cat\u00e1logos razonados en InventoZen, software de Cat\u00e1logos razonados.\",\"breadcrumb\":{\"@id\":\"https:\/\/inventozen.com\/index.php\/es\/conferencia-de-lors-autores\/#breadcrumb\"},\"inLanguage\":\"fr-FR\",\"potentialAction\":[{\"@type\":\"ReadAction\",\"target\":[\"https:\/\/inventozen.com\/index.php\/es\/conferencia-de-lors-autores\/\"]}]},{\"@type\":\"BreadcrumbList\",\"@id\":\"https:\/\/inventozen.com\/index.php\/es\/conferencia-de-lors-autores\/#breadcrumb\",\"itemListElement\":[{\"@type\":\"ListItem\",\"position\":1,\"name\":\"Accueil\",\"item\":\"https:\/\/inventozen.com\/\"},{\"@type\":\"ListItem\",\"position\":2,\"name\":\"Conferencia de los Autores\"}]},{\"@type\":\"WebSite\",\"@id\":\"https:\/\/inventozen.com\/#website\",\"url\":\"https:\/\/inventozen.com\/\",\"name\":\"InventoZen\",\"description\":\"La technologie au service de l&#039;art\",\"potentialAction\":[{\"@type\":\"SearchAction\",\"target\":{\"@type\":\"EntryPoint\",\"urlTemplate\":\"https:\/\/inventozen.com\/?s={search_term_string}\"},\"query-input\":{\"@type\":\"PropertyValueSpecification\",\"valueRequired\":true,\"valueName\":\"search_term_string\"}}],\"inLanguage\":\"fr-FR\"}]}<\/script>\n<!-- \/ Yoast SEO plugin. -->","yoast_head_json":{"title":"Conferencia de los Autores - InventoZen","description":"Descubra la Conferencia de los Autores para crear y gestionar sus Cat\u00e1logos razonados en InventoZen, software de Cat\u00e1logos razonados.","robots":{"index":"index","follow":"follow","max-snippet":"max-snippet:-1","max-image-preview":"max-image-preview:large","max-video-preview":"max-video-preview:-1"},"canonical":"https:\/\/inventozen.com\/index.php\/es\/conferencia-de-lors-autores\/","og_locale":"fr_FR","og_type":"article","og_title":"Conferencia de los Autores - InventoZen","og_description":"Descubra la Conferencia de los Autores para crear y gestionar sus Cat\u00e1logos razonados en InventoZen, software de Cat\u00e1logos razonados.","og_url":"https:\/\/inventozen.com\/index.php\/es\/conferencia-de-lors-autores\/","og_site_name":"InventoZen","article_modified_time":"2025-10-16T12:59:49+00:00","twitter_card":"summary_large_image","twitter_misc":{"Dur\u00e9e de lecture estim\u00e9e":"3 minutes"},"schema":{"@context":"https:\/\/schema.org","@graph":[{"@type":"WebPage","@id":"https:\/\/inventozen.com\/index.php\/es\/conferencia-de-lors-autores\/","url":"https:\/\/inventozen.com\/index.php\/es\/conferencia-de-lors-autores\/","name":"Conferencia de los Autores - InventoZen","isPartOf":{"@id":"https:\/\/inventozen.com\/#website"},"datePublished":"2025-04-01T19:13:17+00:00","dateModified":"2025-10-16T12:59:49+00:00","description":"Descubra la Conferencia de los Autores para crear y gestionar sus Cat\u00e1logos razonados en InventoZen, software de Cat\u00e1logos razonados.","breadcrumb":{"@id":"https:\/\/inventozen.com\/index.php\/es\/conferencia-de-lors-autores\/#breadcrumb"},"inLanguage":"fr-FR","potentialAction":[{"@type":"ReadAction","target":["https:\/\/inventozen.com\/index.php\/es\/conferencia-de-lors-autores\/"]}]},{"@type":"BreadcrumbList","@id":"https:\/\/inventozen.com\/index.php\/es\/conferencia-de-lors-autores\/#breadcrumb","itemListElement":[{"@type":"ListItem","position":1,"name":"Accueil","item":"https:\/\/inventozen.com\/"},{"@type":"ListItem","position":2,"name":"Conferencia de los Autores"}]},{"@type":"WebSite","@id":"https:\/\/inventozen.com\/#website","url":"https:\/\/inventozen.com\/","name":"InventoZen","description":"La technologie au service de l&#039;art","potentialAction":[{"@type":"SearchAction","target":{"@type":"EntryPoint","urlTemplate":"https:\/\/inventozen.com\/?s={search_term_string}"},"query-input":{"@type":"PropertyValueSpecification","valueRequired":true,"valueName":"search_term_string"}}],"inLanguage":"fr-FR"}]}},"_links":{"self":[{"href":"https:\/\/inventozen.com\/index.php\/wp-json\/wp\/v2\/pages\/4236","targetHints":{"allow":["GET"]}}],"collection":[{"href":"https:\/\/inventozen.com\/index.php\/wp-json\/wp\/v2\/pages"}],"about":[{"href":"https:\/\/inventozen.com\/index.php\/wp-json\/wp\/v2\/types\/page"}],"author":[{"embeddable":true,"href":"https:\/\/inventozen.com\/index.php\/wp-json\/wp\/v2\/users\/3"}],"replies":[{"embeddable":true,"href":"https:\/\/inventozen.com\/index.php\/wp-json\/wp\/v2\/comments?post=4236"}],"version-history":[{"count":14,"href":"https:\/\/inventozen.com\/index.php\/wp-json\/wp\/v2\/pages\/4236\/revisions"}],"predecessor-version":[{"id":6297,"href":"https:\/\/inventozen.com\/index.php\/wp-json\/wp\/v2\/pages\/4236\/revisions\/6297"}],"wp:attachment":[{"href":"https:\/\/inventozen.com\/index.php\/wp-json\/wp\/v2\/media?parent=4236"}],"curies":[{"name":"wp","href":"https:\/\/api.w.org\/{rel}","templated":true}]}}