{"id":5640,"date":"2025-07-15T14:58:47","date_gmt":"2025-07-15T12:58:47","guid":{"rendered":"https:\/\/inventozen.com\/?page_id=5640"},"modified":"2025-07-17T15:15:09","modified_gmt":"2025-07-17T13:15:09","slug":"qui-a-cree-le-premier-catalogue-raisonne-de-lhistoire","status":"publish","type":"page","link":"https:\/\/inventozen.com\/index.php\/articles-catalogue-raisonne\/qui-a-cree-le-premier-catalogue-raisonne-de-lhistoire\/","title":{"rendered":"Qui a cr\u00e9\u00e9 le premier Catalogue raisonn\u00e9 de l\u2019Histoire ?"},"content":{"rendered":"<div class=\"wpb-content-wrapper\"><p>[vc_row css_animation=\u00a0\u00bb\u00a0\u00bb row_type=\u00a0\u00bbrow\u00a0\u00bb use_row_as_full_screen_section=\u00a0\u00bbno\u00a0\u00bb type=\u00a0\u00bbgrid\u00a0\u00bb angled_section=\u00a0\u00bbno\u00a0\u00bb text_align=\u00a0\u00bbleft\u00a0\u00bb background_image_as_pattern=\u00a0\u00bbwithout_pattern\u00a0\u00bb z_index=\u00a0\u00bb\u00a0\u00bb css=\u00a0\u00bb.vc_custom_1725962007653{background-color: #F8FAFC !important;}\u00a0\u00bb][vc_column width=\u00a0\u00bb2\/3&Prime;][vc_empty_space][vc_column_text css=\u00a0\u00bb\u00a0\u00bb]<\/p>\n<h1 style=\"color: #006eab; text-transform: uppercase; font-weight: 600; font-size: 25px; line-height: 27px;\">Qui a cr\u00e9\u00e9 le premier Catalogue raisonn\u00e9 de l\u2019Histoire ?<\/h1>\n<p>[\/vc_column_text][vc_empty_space height=\u00a0\u00bb20px\u00a0\u00bb][\/vc_column][vc_column width=\u00a0\u00bb1\/3&Prime;][\/vc_column][\/vc_row][vc_row css_animation=\u00a0\u00bb\u00a0\u00bb row_type=\u00a0\u00bbrow\u00a0\u00bb use_row_as_full_screen_section=\u00a0\u00bbno\u00a0\u00bb type=\u00a0\u00bbgrid\u00a0\u00bb angled_section=\u00a0\u00bbno\u00a0\u00bb text_align=\u00a0\u00bbleft\u00a0\u00bb background_image_as_pattern=\u00a0\u00bbwithout_pattern\u00a0\u00bb z_index=\u00a0\u00bb\u00a0\u00bb css=\u00a0\u00bb.vc_custom_1725962054189{background-color: #F8FAFC !important;}\u00a0\u00bb][vc_column][vc_row_inner row_type=\u00a0\u00bbrow\u00a0\u00bb type=\u00a0\u00bbfull_width\u00a0\u00bb text_align=\u00a0\u00bbleft\u00a0\u00bb css_animation=\u00a0\u00bb\u00a0\u00bb][vc_column_inner width=\u00a0\u00bb2\/3&Prime;][vc_column_text css=\u00a0\u00bb\u00a0\u00bb]Le premier Catalogue raisonn\u00e9 remonte <strong>au milieu du XVIIIe si\u00e8cle<\/strong>, \u00e0 la crois\u00e9e de l\u2019histoire de l\u2019art, du commerce et de la pens\u00e9e encyclop\u00e9dique.<\/p>\n<p>&nbsp;<\/p>\n<p><strong>En 1751<\/strong>, le marchand d\u2019art parisien Edm\u00e9-Fran\u00e7ois Gersaint, principal repr\u00e9sentant de Rembrandt en France, publie \u00e0 titre posthume (gr\u00e2ce \u00e0 ses collaborateurs) le Catalogue raisonn\u00e9 de l\u2019\u0153uvre grav\u00e9 de Rembrandt, intitul\u00e9 \u201cCatalogue raisonn\u00e9 de toutes les pi\u00e8ces qui forment l\u2019\u0153uvre de Rembrandt\u201d.<\/p>\n<p>&nbsp;<\/p>\n<p><strong>Ce document constitue un jalon historique :<\/strong> pour la premi\u00e8re fois, un corpus artistique est pr\u00e9sent\u00e9 de mani\u00e8re syst\u00e9matique, avec descriptions, classifications et crit\u00e8res d\u2019authenticit\u00e9. Chaque estampe y est r\u00e9pertori\u00e9e, analys\u00e9e, parfois compar\u00e9e \u00e0 d&rsquo;autres versions ou \u00e9tats, dans un effort de rigueur scientifique in\u00e9dit pour l&rsquo;\u00e9poque.[\/vc_column_text][vc_empty_space height=\u00a0\u00bb20px\u00a0\u00bb][vc_column_text css=\u00a0\u00bb\u00a0\u00bb]Le terme <strong>\u00ab\u00a0Catalogue raisonn\u00e9\u00a0\u00bb<\/strong> refl\u00e8te bien l\u2019ambition intellectuelle du projet : ordonner le chaos apparent de la cr\u00e9ation \u00e0 travers une m\u00e9thodologie critique. Il ne s\u2019agit pas d\u2019un simple inventaire commercial, mais d\u2019une tentative de fixer la m\u00e9moire de l\u2019\u0153uvre, de mani\u00e8re fiable et durable.<\/p>\n<p>&nbsp;<\/p>\n<p>Ce mod\u00e8le va influencer durablement la mani\u00e8re dont les historiens d\u2019art, collectionneurs et institutions envisagent le travail d\u2019authentification. <strong>Au XIXe si\u00e8cle, le Catalogue raisonn\u00e9 devient un outil courant dans les milieux artistiques<\/strong> europ\u00e9ens, notamment pour les grands ma\u00eetres (Vel\u00e1zquez, Rubens, Ingres\u2026), puis <strong>se d\u00e9veloppe au XXe si\u00e8cle<\/strong> avec rigueur acad\u00e9mique, notamment autour de Picasso, Matisse ou Monet.<\/p>\n<p>&nbsp;<\/p>\n<p>Au fil du temps, <strong>le Catalogue raisonn\u00e9 s\u2019est impos\u00e9 comme la r\u00e9f\u00e9rence absolue<\/strong> pour attribuer, authentifier et documenter l\u2019ensemble des \u0153uvres d\u2019un artiste. Il est aujourd\u2019hui un outil incontournable pour les chercheurs, les collectionneurs, les maisons de vente et les institutions mus\u00e9ales.<\/p>\n<p>&nbsp;<\/p>\n<p>Ce travail de longue haleine exige rigueur, m\u00e9thodologie et impartialit\u00e9. Il engage aussi une responsabilit\u00e9 \u00e9thique : celle de contribuer \u00e0 la transmission d\u2019un patrimoine artistique fiable, coh\u00e9rent et durable.[\/vc_column_text][vc_empty_space height=\u00a0\u00bb20px\u00a0\u00bb][vc_column_text css=\u00a0\u00bb\u00a0\u00bb]<\/p>\n<h3 style=\"font-weight: bold; font-size: 17px; line-height: 20px;\">InventoZen vous accompagne dans ce processus exigeant mais passionnant de cr\u00e9ation de Catalogue raisonn\u00e9.<\/h3>\n<p>&nbsp;<\/p>\n<h3 style=\"font-weight: bold; font-size: 17px; line-height: 20px;\">InventoZen est la solution de r\u00e9f\u00e9rence pour cr\u00e9er, archiver et diffuser des Catalogues raisonn\u00e9s en ligne, en mettant l&rsquo;accent sur la visibilit\u00e9, la structuration et la protection des \u0153uvres d&rsquo;art.<\/h3>\n<p>&nbsp;<\/p>\n<h3 style=\"font-weight: bold; font-size: 17px; line-height: 20px;\">Avec plus de 120 Catalogues raisonn\u00e9s en constructions, InventoZen s\u2019impose comme un acteur de r\u00e9f\u00e9rence dans la protection, la classification et la transmission des \u0153uvres d\u2019art.<\/h3>\n<p>[\/vc_column_text][\/vc_column_inner][vc_column_inner width=\u00a0\u00bb1\/3&Prime;][\/vc_column_inner][\/vc_row_inner][\/vc_column][\/vc_row][vc_row css_animation=\u00a0\u00bb\u00a0\u00bb row_type=\u00a0\u00bbrow\u00a0\u00bb use_row_as_full_screen_section=\u00a0\u00bbno\u00a0\u00bb type=\u00a0\u00bbgrid\u00a0\u00bb angled_section=\u00a0\u00bbno\u00a0\u00bb text_align=\u00a0\u00bbleft\u00a0\u00bb background_image_as_pattern=\u00a0\u00bbwithout_pattern\u00a0\u00bb z_index=\u00a0\u00bb\u00a0\u00bb css=\u00a0\u00bb.vc_custom_1725962054189{background-color: #F8FAFC !important;}\u00a0\u00bb][vc_column][vc_empty_space][vc_row_inner row_type=\u00a0\u00bbrow\u00a0\u00bb type=\u00a0\u00bbfull_width\u00a0\u00bb text_align=\u00a0\u00bbleft\u00a0\u00bb css_animation=\u00a0\u00bb\u00a0\u00bb][vc_column_inner width=\u00a0\u00bb1\/2&Prime;]<a  itemprop=\"url\" href=\"https:\/\/inventozen.com\/index.php\/solution-pour-catalogues-raisonnes-fr\/\" target=\"_self\" data-hover-color='#EEEEEE' class=\"qbutton  large default\" style=\"color: #FFFFFF; margin: 8; background-color: #008BD4;\">D\u00e9couvrir notre Solution Catalogue raisonn\u00e9<\/a>[\/vc_column_inner][vc_column_inner width=\u00a0\u00bb1\/2&Prime;][\/vc_column_inner][\/vc_row_inner][vc_empty_space height=\u00a0\u00bb22px\u00a0\u00bb][\/vc_column][\/vc_row][vc_row css_animation=\u00a0\u00bb\u00a0\u00bb row_type=\u00a0\u00bbrow\u00a0\u00bb use_row_as_full_screen_section=\u00a0\u00bbno\u00a0\u00bb type=\u00a0\u00bbgrid\u00a0\u00bb angled_section=\u00a0\u00bbno\u00a0\u00bb text_align=\u00a0\u00bbleft\u00a0\u00bb background_image_as_pattern=\u00a0\u00bbwithout_pattern\u00a0\u00bb z_index=\u00a0\u00bb\u00a0\u00bb css=\u00a0\u00bb.vc_custom_1725962054189{background-color: #F8FAFC !important;}\u00a0\u00bb][vc_column][vc_empty_space][vc_column_text css=\u00a0\u00bb\u00a0\u00bb]<\/p>\n<h6 style=\"text-align: left;\"><span><span><a href=\"https:\/\/inventozen.com\/\">Accueil<\/a><\/span><\/span><\/h6>\n<p>[\/vc_column_text][vc_empty_space height=\u00a0\u00bb22px\u00a0\u00bb][\/vc_column][\/vc_row][vc_row css_animation=\u00a0\u00bb\u00a0\u00bb row_type=\u00a0\u00bbrow\u00a0\u00bb use_row_as_full_screen_section=\u00a0\u00bbno\u00a0\u00bb type=\u00a0\u00bbfull_width\u00a0\u00bb angled_section=\u00a0\u00bbno\u00a0\u00bb text_align=\u00a0\u00bbleft\u00a0\u00bb background_image_as_pattern=\u00a0\u00bbwithout_pattern\u00a0\u00bb z_index=\u00a0\u00bb\u00a0\u00bb css=\u00a0\u00bb.vc_custom_1725713227228{background-color: #F8FAFC !important;}\u00a0\u00bb][vc_column][vc_empty_space height=\u00a0\u00bb62px\u00a0\u00bb][vc_row_inner row_type=\u00a0\u00bbrow\u00a0\u00bb type=\u00a0\u00bbgrid\u00a0\u00bb text_align=\u00a0\u00bbleft\u00a0\u00bb css_animation=\u00a0\u00bb\u00a0\u00bb][vc_column_inner][vc_column_text css=\u00a0\u00bb\u00a0\u00bb]<\/p>\n<p style=\"text-align: center; color: #0f172a; font-family: 'Raleway', sans-serif; font-size: 28px; line-height: 28px; font-style: normal; font-weight: bold; letter-spacing: 0px; text-transform: none;\">S&rsquo;inscrire \u00e0 notre newsletter<\/p>\n<p>[\/vc_column_text][vc_empty_space height=\u00a0\u00bb6px\u00a0\u00bb][vc_column_text css=\u00a0\u00bb\u00a0\u00bb]<\/p>\n<p style=\"text-align: center;\">Pour rester au courant de toute notre actualit\u00e9 et de nos promotions.<\/p>\n<p>[\/vc_column_text][vc_empty_space height=\u00a0\u00bb12px\u00a0\u00bb][\/vc_column_inner][\/vc_row_inner][vc_row_inner row_type=\u00a0\u00bbrow\u00a0\u00bb type=\u00a0\u00bbgrid\u00a0\u00bb text_align=\u00a0\u00bbleft\u00a0\u00bb css_animation=\u00a0\u00bb\u00a0\u00bb el_class=\u00a0\u00bbmobileShow_news\u00a0\u00bb][vc_column_inner width=\u00a0\u00bb1\/4&Prime;][\/vc_column_inner][vc_column_inner width=\u00a0\u00bb1\/2&Prime;][vc_column_text css=\u00a0\u00bb\u00a0\u00bb]<script>(function() {\n\twindow.mc4wp = window.mc4wp || {\n\t\tlisteners: [],\n\t\tforms: {\n\t\t\ton: function(evt, cb) {\n\t\t\t\twindow.mc4wp.listeners.push(\n\t\t\t\t\t{\n\t\t\t\t\t\tevent   : evt,\n\t\t\t\t\t\tcallback: cb\n\t\t\t\t\t}\n\t\t\t\t);\n\t\t\t}\n\t\t}\n\t}\n})();\n<\/script><!-- Mailchimp for WordPress v4.11.1 - https:\/\/wordpress.org\/plugins\/mailchimp-for-wp\/ --><form id=\"mc4wp-form-1\" class=\"mc4wp-form mc4wp-form-2994 mc4wp-form-theme mc4wp-form-theme-light mc4wp-ajax\" method=\"post\" data-id=\"2994\" data-name=\"MC-SITE-ZEN-FR-mobile\" ><div class=\"mc4wp-form-fields\"><div style=\"\">\r\n  <div style=\"margin-right:10px; margin-bottom: 20px;\">\r\n     <input style=\" width: 100%; border-radius: 8px;  padding: 12px 12px\" type=\"text\" name=\"LNAME\" placeholder=\"Nom\" required >\r\n  <\/div> \r\n  <div style=\"margin-right:10px;margin-bottom: 20px;\">\r\n    <input style=\"width: 100%; border-radius: 8px;  padding: 12px 12px\" type=\"text\" name=\"MMERGE6\" placeholder=\"Soci\u00e9t\u00e9\" required>\r\n<\/div><\/div>\r\n\r\n\r\n<div style=\"\">\r\n  <div style=\"margin-right:10px; margin-bottom: 20px;\">\r\n<input style=\"width: 100%; border-radius: 8px;  padding: 12px 12px\" type=\"email\" name=\"EMAIL\" placeholder=\"Votre adresse e-mail\" required \/>\r\n<\/div>\r\n\r\n <div style=\"margin-right:10px; margin-bottom: 20px;\">\r\n\t<input style=\"width: 100%; background-color: #008bd4 !important; border-radius: 8px; border-color: #008bd4 !important; color: #ffffff !important; font-family: Raleway; font-weight: 600; padding: 12px 22px; font-size: 13px;\" type=\"submit\" value=\"S'inscrire\" \/>\r\n<\/div>\r\n<\/div>\r\n<\/div><label style=\"display: none !important;\">Laissez ce champ vide si vous \u00eates humain\u00a0: <input type=\"text\" name=\"_mc4wp_honeypot\" value=\"\" tabindex=\"-1\" autocomplete=\"off\" \/><\/label><input type=\"hidden\" name=\"_mc4wp_timestamp\" value=\"1775518071\" \/><input type=\"hidden\" name=\"_mc4wp_form_id\" value=\"2994\" \/><input type=\"hidden\" name=\"_mc4wp_form_element_id\" value=\"mc4wp-form-1\" \/><div class=\"mc4wp-response\"><\/div><\/form><!-- \/ Mailchimp for WordPress Plugin -->[\/vc_column_text][\/vc_column_inner][vc_column_inner width=\u00a0\u00bb1\/4&Prime;][\/vc_column_inner][\/vc_row_inner][vc_row_inner row_type=\u00a0\u00bbrow\u00a0\u00bb type=\u00a0\u00bbgrid\u00a0\u00bb text_align=\u00a0\u00bbleft\u00a0\u00bb css_animation=\u00a0\u00bb\u00a0\u00bb el_class=\u00a0\u00bbmobileHide_news\u00a0\u00bb][vc_column_inner width=\u00a0\u00bb1\/4&Prime;][\/vc_column_inner][vc_column_inner width=\u00a0\u00bb1\/2&Prime;][vc_column_text css=\u00a0\u00bb\u00a0\u00bb]<script>(function() {\n\twindow.mc4wp = window.mc4wp || {\n\t\tlisteners: [],\n\t\tforms: {\n\t\t\ton: function(evt, cb) {\n\t\t\t\twindow.mc4wp.listeners.push(\n\t\t\t\t\t{\n\t\t\t\t\t\tevent   : evt,\n\t\t\t\t\t\tcallback: cb\n\t\t\t\t\t}\n\t\t\t\t);\n\t\t\t}\n\t\t}\n\t}\n})();\n<\/script><!-- Mailchimp for WordPress v4.11.1 - https:\/\/wordpress.org\/plugins\/mailchimp-for-wp\/ --><form id=\"mc4wp-form-2\" class=\"mc4wp-form mc4wp-form-2991 mc4wp-form-theme mc4wp-form-theme-light mc4wp-ajax\" method=\"post\" data-id=\"2991\" data-name=\"MC-SITE-ZEN-FR-ecran\" ><div class=\"mc4wp-form-fields\"><div style=\"display: flex;\r\n  align-items: center;\r\n  justify-content: center;\">\r\n  <div style=\"float:left !important; margin-right:10px; width: 50% !important; margin-bottom: 20px;\">\r\n     <input style=\"border-radius: 8px;  padding: 12px 12px\" type=\"text\" name=\"LNAME\" placeholder=\"Nom\" required >\r\n  <\/div> \r\n  <div style=\"float:left !important; margin-right:10px; width: 50% !important; margin-bottom: 20px;\">\r\n    <input style=\"border-radius: 8px;  padding: 12px 12px\" type=\"text\" name=\"MMERGE6\" placeholder=\"Soci\u00e9t\u00e9\" required>\r\n<\/div><\/div>\r\n\r\n\r\n<div style=\"display: flex;\r\n  align-items: center;\r\n  justify-content: center;\">\r\n  <div style=\"float:left !important; margin-right:10px; width: 80% !important; margin-bottom: 20px;\">\r\n<input style=\"border-radius: 8px;  padding: 12px 12px\" type=\"email\" name=\"EMAIL\" placeholder=\"Votre adresse e-mail\" required \/>\r\n<\/div>\r\n\r\n <div style=\"float:left !important; margin-right:10px; width: 20% !important; margin-bottom: 20px;\">\r\n\t<input style=\"background-color: #008bd4 !important; border-radius: 8px; border-color: #008bd4 !important; color: #ffffff !important; font-family: Raleway; font-weight: 600; padding: 12px 22px; font-size: 13px;\" type=\"submit\" value=\"S'inscrire\" \/>\r\n<\/div>\r\n<\/div>\r\n<\/div><label style=\"display: none !important;\">Laissez ce champ vide si vous \u00eates humain\u00a0: <input type=\"text\" name=\"_mc4wp_honeypot\" value=\"\" tabindex=\"-1\" autocomplete=\"off\" \/><\/label><input type=\"hidden\" name=\"_mc4wp_timestamp\" value=\"1775518071\" \/><input type=\"hidden\" name=\"_mc4wp_form_id\" value=\"2991\" \/><input type=\"hidden\" name=\"_mc4wp_form_element_id\" value=\"mc4wp-form-2\" \/><div class=\"mc4wp-response\"><\/div><\/form><!-- \/ Mailchimp for WordPress Plugin -->[\/vc_column_text][\/vc_column_inner][vc_column_inner width=\u00a0\u00bb1\/4&Prime;][\/vc_column_inner][\/vc_row_inner][vc_row_inner row_type=\u00a0\u00bbrow\u00a0\u00bb type=\u00a0\u00bbfull_width\u00a0\u00bb text_align=\u00a0\u00bbleft\u00a0\u00bb css_animation=\u00a0\u00bb\u00a0\u00bb][vc_column_inner][vc_empty_space height=\u00a0\u00bb62px\u00a0\u00bb][\/vc_column_inner][\/vc_row_inner][\/vc_column][\/vc_row]<\/p>\n<\/div>","protected":false},"excerpt":{"rendered":"<p>[vc_row css_animation=\u00a0\u00bb\u00a0\u00bb row_type=\u00a0\u00bbrow\u00a0\u00bb use_row_as_full_screen_section=\u00a0\u00bbno\u00a0\u00bb type=\u00a0\u00bbgrid\u00a0\u00bb angled_section=\u00a0\u00bbno\u00a0\u00bb text_align=\u00a0\u00bbleft\u00a0\u00bb background_image_as_pattern=\u00a0\u00bbwithout_pattern\u00a0\u00bb z_index=\u00a0\u00bb\u00a0\u00bb css=\u00a0\u00bb.vc_custom_1725962007653{background-color: #F8FAFC !important;}\u00a0\u00bb][vc_column width=\u00a0\u00bb2\/3&Prime;][vc_empty_space][vc_column_text css=\u00a0\u00bb\u00a0\u00bb] Qui a cr\u00e9\u00e9 le premier Catalogue raisonn\u00e9 de l\u2019Histoire ? [\/vc_column_text][vc_empty_space height=\u00a0\u00bb20px\u00a0\u00bb][\/vc_column][vc_column width=\u00a0\u00bb1\/3&Prime;][\/vc_column][\/vc_row][vc_row css_animation=\u00a0\u00bb\u00a0\u00bb row_type=\u00a0\u00bbrow\u00a0\u00bb use_row_as_full_screen_section=\u00a0\u00bbno\u00a0\u00bb type=\u00a0\u00bbgrid\u00a0\u00bb angled_section=\u00a0\u00bbno\u00a0\u00bb text_align=\u00a0\u00bbleft\u00a0\u00bb background_image_as_pattern=\u00a0\u00bbwithout_pattern\u00a0\u00bb z_index=\u00a0\u00bb\u00a0\u00bb css=\u00a0\u00bb.vc_custom_1725962054189{background-color: #F8FAFC !important;}\u00a0\u00bb][vc_column][vc_row_inner row_type=\u00a0\u00bbrow\u00a0\u00bb type=\u00a0\u00bbfull_width\u00a0\u00bb text_align=\u00a0\u00bbleft\u00a0\u00bb css_animation=\u00a0\u00bb\u00a0\u00bb][vc_column_inner width=\u00a0\u00bb2\/3&Prime;][vc_column_text css=\u00a0\u00bb\u00a0\u00bb]Le premier&#8230;<\/p>\n","protected":false},"author":3,"featured_media":0,"parent":5675,"menu_order":0,"comment_status":"closed","ping_status":"closed","template":"full_width.php","meta":{"_monsterinsights_skip_tracking":false,"_monsterinsights_sitenote_active":false,"_monsterinsights_sitenote_note":"","_monsterinsights_sitenote_category":0,"footnotes":""},"class_list":["post-5640","page","type-page","status-publish","hentry"],"yoast_head":"<!-- This site is optimized with the Yoast SEO plugin v26.9 - https:\/\/yoast.com\/product\/yoast-seo-wordpress\/ -->\n<title>Histoire du premier catalogue raisonn\u00e9 : qui en est l\u2019auteur ?<\/title>\n<meta name=\"description\" content=\"D\u00e9couvrez qui a cr\u00e9\u00e9 le tout premier catalogue raisonn\u00e9 de l\u2019histoire et comment il a r\u00e9volutionn\u00e9 le monde de l\u2019art.\" \/>\n<meta name=\"robots\" content=\"index, follow, max-snippet:-1, max-image-preview:large, max-video-preview:-1\" \/>\n<link rel=\"canonical\" href=\"https:\/\/inventozen.com\/index.php\/articles-catalogue-raisonne\/qui-a-cree-le-premier-catalogue-raisonne-de-lhistoire\/\" \/>\n<meta property=\"og:locale\" content=\"fr_FR\" \/>\n<meta property=\"og:type\" content=\"article\" \/>\n<meta property=\"og:title\" content=\"Histoire du premier catalogue raisonn\u00e9 : qui en est l\u2019auteur ?\" \/>\n<meta property=\"og:description\" content=\"D\u00e9couvrez qui a cr\u00e9\u00e9 le tout premier catalogue raisonn\u00e9 de l\u2019histoire et comment il a r\u00e9volutionn\u00e9 le monde de l\u2019art.\" \/>\n<meta property=\"og:url\" content=\"https:\/\/inventozen.com\/index.php\/articles-catalogue-raisonne\/qui-a-cree-le-premier-catalogue-raisonne-de-lhistoire\/\" \/>\n<meta property=\"og:site_name\" content=\"InventoZen\" \/>\n<meta property=\"article:modified_time\" content=\"2025-07-17T13:15:09+00:00\" \/>\n<meta name=\"twitter:card\" content=\"summary_large_image\" \/>\n<meta name=\"twitter:label1\" content=\"Dur\u00e9e de lecture estim\u00e9e\" \/>\n\t<meta name=\"twitter:data1\" content=\"3 minutes\" \/>\n<script type=\"application\/ld+json\" class=\"yoast-schema-graph\">{\"@context\":\"https:\/\/schema.org\",\"@graph\":[{\"@type\":\"WebPage\",\"@id\":\"https:\/\/inventozen.com\/index.php\/articles-catalogue-raisonne\/qui-a-cree-le-premier-catalogue-raisonne-de-lhistoire\/\",\"url\":\"https:\/\/inventozen.com\/index.php\/articles-catalogue-raisonne\/qui-a-cree-le-premier-catalogue-raisonne-de-lhistoire\/\",\"name\":\"Histoire du premier catalogue raisonn\u00e9 : qui en est l\u2019auteur ?\",\"isPartOf\":{\"@id\":\"https:\/\/inventozen.com\/#website\"},\"datePublished\":\"2025-07-15T12:58:47+00:00\",\"dateModified\":\"2025-07-17T13:15:09+00:00\",\"description\":\"D\u00e9couvrez qui a cr\u00e9\u00e9 le tout premier catalogue raisonn\u00e9 de l\u2019histoire et comment il a r\u00e9volutionn\u00e9 le monde de l\u2019art.\",\"breadcrumb\":{\"@id\":\"https:\/\/inventozen.com\/index.php\/articles-catalogue-raisonne\/qui-a-cree-le-premier-catalogue-raisonne-de-lhistoire\/#breadcrumb\"},\"inLanguage\":\"fr-FR\",\"potentialAction\":[{\"@type\":\"ReadAction\",\"target\":[\"https:\/\/inventozen.com\/index.php\/articles-catalogue-raisonne\/qui-a-cree-le-premier-catalogue-raisonne-de-lhistoire\/\"]}]},{\"@type\":\"BreadcrumbList\",\"@id\":\"https:\/\/inventozen.com\/index.php\/articles-catalogue-raisonne\/qui-a-cree-le-premier-catalogue-raisonne-de-lhistoire\/#breadcrumb\",\"itemListElement\":[{\"@type\":\"ListItem\",\"position\":1,\"name\":\"Accueil\",\"item\":\"https:\/\/inventozen.com\/\"},{\"@type\":\"ListItem\",\"position\":2,\"name\":\"Articles &#8211; Catalogue raisonn\u00e9\",\"item\":\"https:\/\/inventozen.com\/index.php\/articles-catalogue-raisonne\/\"},{\"@type\":\"ListItem\",\"position\":3,\"name\":\"Qui a cr\u00e9\u00e9 le premier Catalogue raisonn\u00e9 de l\u2019Histoire ?\"}]},{\"@type\":\"WebSite\",\"@id\":\"https:\/\/inventozen.com\/#website\",\"url\":\"https:\/\/inventozen.com\/\",\"name\":\"InventoZen\",\"description\":\"La technologie au service de l&#039;art\",\"potentialAction\":[{\"@type\":\"SearchAction\",\"target\":{\"@type\":\"EntryPoint\",\"urlTemplate\":\"https:\/\/inventozen.com\/?s={search_term_string}\"},\"query-input\":{\"@type\":\"PropertyValueSpecification\",\"valueRequired\":true,\"valueName\":\"search_term_string\"}}],\"inLanguage\":\"fr-FR\"}]}<\/script>\n<!-- \/ Yoast SEO plugin. -->","yoast_head_json":{"title":"Histoire du premier catalogue raisonn\u00e9 : qui en est l\u2019auteur ?","description":"D\u00e9couvrez qui a cr\u00e9\u00e9 le tout premier catalogue raisonn\u00e9 de l\u2019histoire et comment il a r\u00e9volutionn\u00e9 le monde de l\u2019art.","robots":{"index":"index","follow":"follow","max-snippet":"max-snippet:-1","max-image-preview":"max-image-preview:large","max-video-preview":"max-video-preview:-1"},"canonical":"https:\/\/inventozen.com\/index.php\/articles-catalogue-raisonne\/qui-a-cree-le-premier-catalogue-raisonne-de-lhistoire\/","og_locale":"fr_FR","og_type":"article","og_title":"Histoire du premier catalogue raisonn\u00e9 : qui en est l\u2019auteur ?","og_description":"D\u00e9couvrez qui a cr\u00e9\u00e9 le tout premier catalogue raisonn\u00e9 de l\u2019histoire et comment il a r\u00e9volutionn\u00e9 le monde de l\u2019art.","og_url":"https:\/\/inventozen.com\/index.php\/articles-catalogue-raisonne\/qui-a-cree-le-premier-catalogue-raisonne-de-lhistoire\/","og_site_name":"InventoZen","article_modified_time":"2025-07-17T13:15:09+00:00","twitter_card":"summary_large_image","twitter_misc":{"Dur\u00e9e de lecture estim\u00e9e":"3 minutes"},"schema":{"@context":"https:\/\/schema.org","@graph":[{"@type":"WebPage","@id":"https:\/\/inventozen.com\/index.php\/articles-catalogue-raisonne\/qui-a-cree-le-premier-catalogue-raisonne-de-lhistoire\/","url":"https:\/\/inventozen.com\/index.php\/articles-catalogue-raisonne\/qui-a-cree-le-premier-catalogue-raisonne-de-lhistoire\/","name":"Histoire du premier catalogue raisonn\u00e9 : qui en est l\u2019auteur ?","isPartOf":{"@id":"https:\/\/inventozen.com\/#website"},"datePublished":"2025-07-15T12:58:47+00:00","dateModified":"2025-07-17T13:15:09+00:00","description":"D\u00e9couvrez qui a cr\u00e9\u00e9 le tout premier catalogue raisonn\u00e9 de l\u2019histoire et comment il a r\u00e9volutionn\u00e9 le monde de l\u2019art.","breadcrumb":{"@id":"https:\/\/inventozen.com\/index.php\/articles-catalogue-raisonne\/qui-a-cree-le-premier-catalogue-raisonne-de-lhistoire\/#breadcrumb"},"inLanguage":"fr-FR","potentialAction":[{"@type":"ReadAction","target":["https:\/\/inventozen.com\/index.php\/articles-catalogue-raisonne\/qui-a-cree-le-premier-catalogue-raisonne-de-lhistoire\/"]}]},{"@type":"BreadcrumbList","@id":"https:\/\/inventozen.com\/index.php\/articles-catalogue-raisonne\/qui-a-cree-le-premier-catalogue-raisonne-de-lhistoire\/#breadcrumb","itemListElement":[{"@type":"ListItem","position":1,"name":"Accueil","item":"https:\/\/inventozen.com\/"},{"@type":"ListItem","position":2,"name":"Articles &#8211; Catalogue raisonn\u00e9","item":"https:\/\/inventozen.com\/index.php\/articles-catalogue-raisonne\/"},{"@type":"ListItem","position":3,"name":"Qui a cr\u00e9\u00e9 le premier Catalogue raisonn\u00e9 de l\u2019Histoire ?"}]},{"@type":"WebSite","@id":"https:\/\/inventozen.com\/#website","url":"https:\/\/inventozen.com\/","name":"InventoZen","description":"La technologie au service de l&#039;art","potentialAction":[{"@type":"SearchAction","target":{"@type":"EntryPoint","urlTemplate":"https:\/\/inventozen.com\/?s={search_term_string}"},"query-input":{"@type":"PropertyValueSpecification","valueRequired":true,"valueName":"search_term_string"}}],"inLanguage":"fr-FR"}]}},"_links":{"self":[{"href":"https:\/\/inventozen.com\/index.php\/wp-json\/wp\/v2\/pages\/5640","targetHints":{"allow":["GET"]}}],"collection":[{"href":"https:\/\/inventozen.com\/index.php\/wp-json\/wp\/v2\/pages"}],"about":[{"href":"https:\/\/inventozen.com\/index.php\/wp-json\/wp\/v2\/types\/page"}],"author":[{"embeddable":true,"href":"https:\/\/inventozen.com\/index.php\/wp-json\/wp\/v2\/users\/3"}],"replies":[{"embeddable":true,"href":"https:\/\/inventozen.com\/index.php\/wp-json\/wp\/v2\/comments?post=5640"}],"version-history":[{"count":21,"href":"https:\/\/inventozen.com\/index.php\/wp-json\/wp\/v2\/pages\/5640\/revisions"}],"predecessor-version":[{"id":5752,"href":"https:\/\/inventozen.com\/index.php\/wp-json\/wp\/v2\/pages\/5640\/revisions\/5752"}],"up":[{"embeddable":true,"href":"https:\/\/inventozen.com\/index.php\/wp-json\/wp\/v2\/pages\/5675"}],"wp:attachment":[{"href":"https:\/\/inventozen.com\/index.php\/wp-json\/wp\/v2\/media?parent=5640"}],"curies":[{"name":"wp","href":"https:\/\/api.w.org\/{rel}","templated":true}]}}