{"id":5659,"date":"2025-07-15T15:23:06","date_gmt":"2025-07-15T13:23:06","guid":{"rendered":"https:\/\/inventozen.com\/?page_id=5659"},"modified":"2025-07-17T15:15:13","modified_gmt":"2025-07-17T13:15:13","slug":"le-catalogue-raisonne-numerique-base-indispensable-de-la-version-papier","status":"publish","type":"page","link":"https:\/\/inventozen.com\/index.php\/articles-catalogue-raisonne\/le-catalogue-raisonne-numerique-base-indispensable-de-la-version-papier\/","title":{"rendered":"Le Catalogue raisonn\u00e9 num\u00e9rique : base indispensable de la version papier"},"content":{"rendered":"<div class=\"wpb-content-wrapper\"><p>[vc_row css_animation=\u00a0\u00bb\u00a0\u00bb row_type=\u00a0\u00bbrow\u00a0\u00bb use_row_as_full_screen_section=\u00a0\u00bbno\u00a0\u00bb type=\u00a0\u00bbgrid\u00a0\u00bb angled_section=\u00a0\u00bbno\u00a0\u00bb text_align=\u00a0\u00bbleft\u00a0\u00bb background_image_as_pattern=\u00a0\u00bbwithout_pattern\u00a0\u00bb z_index=\u00a0\u00bb\u00a0\u00bb css=\u00a0\u00bb.vc_custom_1725962007653{background-color: #F8FAFC !important;}\u00a0\u00bb][vc_column width=\u00a0\u00bb2\/3&Prime;][vc_empty_space][vc_column_text css=\u00a0\u00bb\u00a0\u00bb]<\/p>\n<h1 style=\"color: #006eab; text-transform: uppercase; font-weight: 600; font-size: 25px; line-height: 27px;\">Le Catalogue raisonn\u00e9 num\u00e9rique : base indispensable de la version papier<\/h1>\n<p>[\/vc_column_text][vc_empty_space height=\u00a0\u00bb20px\u00a0\u00bb][vc_column_text css=\u00a0\u00bb\u00a0\u00bb]<\/p>\n<h2 style=\"font-weight: 500; font-size: 21px; line-height: 23px; text-align: left;\"><strong>La r\u00e9ussite d\u2019un Catalogue raisonn\u00e9 papier repose sur une organisation rigoureuse et une structuration pr\u00e9cise des donn\u00e9es, au sein d\u2019une base num\u00e9rique s\u00e9curis\u00e9e et \u00e9volutive.<\/strong><\/h2>\n<p>[\/vc_column_text][vc_empty_space height=\u00a0\u00bb20px\u00a0\u00bb][\/vc_column][vc_column width=\u00a0\u00bb1\/3&Prime;][\/vc_column][\/vc_row][vc_row css_animation=\u00a0\u00bb\u00a0\u00bb row_type=\u00a0\u00bbrow\u00a0\u00bb use_row_as_full_screen_section=\u00a0\u00bbno\u00a0\u00bb type=\u00a0\u00bbgrid\u00a0\u00bb angled_section=\u00a0\u00bbno\u00a0\u00bb text_align=\u00a0\u00bbleft\u00a0\u00bb background_image_as_pattern=\u00a0\u00bbwithout_pattern\u00a0\u00bb z_index=\u00a0\u00bb\u00a0\u00bb css=\u00a0\u00bb.vc_custom_1725962054189{background-color: #F8FAFC !important;}\u00a0\u00bb][vc_column][vc_row_inner row_type=\u00a0\u00bbrow\u00a0\u00bb type=\u00a0\u00bbfull_width\u00a0\u00bb text_align=\u00a0\u00bbleft\u00a0\u00bb css_animation=\u00a0\u00bb\u00a0\u00bb][vc_column_inner width=\u00a0\u00bb2\/3&Prime;][vc_column_text css=\u00a0\u00bb\u00a0\u00bb]<\/p>\n<h3 style=\"font-weight: bold; font-size: 17px; line-height: 20px;\">Un Catalogue raisonn\u00e9 num\u00e9rique bien con\u00e7u permet non seulement d\u2019archiver, d\u2019organiser et de documenter l\u2019\u0153uvre dans sa globalit\u00e9, mais il offre aussi une base solide, claire et dynamique pour envisager une publication papier par la suite. Voici quelques atouts cl\u00e9s :<\/h3>\n<p>[\/vc_column_text][vc_empty_space height=\u00a0\u00bb20px\u00a0\u00bb][\/vc_column_inner][vc_column_inner el_class=\u00a0\u00bbmobile_align_left_withicon\u00a0\u00bb width=\u00a0\u00bb1\/3&Prime;][\/vc_column_inner][\/vc_row_inner][vc_row_inner row_type=\u00a0\u00bbrow\u00a0\u00bb type=\u00a0\u00bbfull_width\u00a0\u00bb text_align=\u00a0\u00bbleft\u00a0\u00bb css_animation=\u00a0\u00bb\u00a0\u00bb][vc_column_inner width=\u00a0\u00bb2\/3&Prime;]<div class=\"q_icon_list\"><i class=\"qode_icon_font_awesome fa fa-check qode-ili-icon-holder circle\" style=\"font-size: 14px;color: #1E73BE;background-color: #FFFFFF00;border-color:#1E73BE;border-style:solid;border-width:1px;\" ><\/i><p style=\"color:#1E293B;font-size: 17px;font-weight: 300;margin-bottom: 0px;\">Organisation structur\u00e9e des donn\u00e9es : dates, titres, techniques, dimensions, provenance, expositions\u2026 Tout est centralis\u00e9 et facilement modifiable.<\/p><\/div><div class=\"q_icon_list\"><i class=\"qode_icon_font_awesome fa fa-check qode-ili-icon-holder circle\" style=\"font-size: 14px;color: #1E73BE;background-color: #FFFFFF00;border-color:#1E73BE;border-style:solid;border-width:1px;\" ><\/i><p style=\"color:#1E293B;font-size: 17px;font-weight: 300;margin-bottom: 0px;\">Filtrage et s\u00e9lection facilit\u00e9s : choisissez pr\u00e9cis\u00e9ment quelles \u0153uvres inclure dans la version papier, en fonction de crit\u00e8res th\u00e9matiques, chronologiques ou curatoriaux.<\/p><\/div><div class=\"q_icon_list\"><i class=\"qode_icon_font_awesome fa fa-check qode-ili-icon-holder circle\" style=\"font-size: 14px;color: #1E73BE;background-color: #FFFFFF00;border-color:#1E73BE;border-style:solid;border-width:1px;\" ><\/i><p style=\"color:#1E293B;font-size: 17px;font-weight: 300;margin-bottom: 0px;\">\u00c9volutivit\u00e9 : le num\u00e9rique permet d\u2019ajouter ou de corriger des \u00e9l\u00e9ments au fil du temps, ce qui rend la documentation plus fiable avant de figer les informations dans un livre. Apr\u00e8s la publication papier, vous pourrez toujours mettre \u00e0 jour la version num\u00e9rique.<\/p><\/div><div class=\"q_icon_list\"><i class=\"qode_icon_font_awesome fa fa-check qode-ili-icon-holder circle\" style=\"font-size: 14px;color: #1E73BE;background-color: #FFFFFF00;border-color:#1E73BE;border-style:solid;border-width:1px;\" ><\/i><p style=\"color:#1E293B;font-size: 17px;font-weight: 300;margin-bottom: 0px;\">Pr\u00e9visualisation intelligente : certaines plateformes permettent de simuler la mise en page ou d\u2019exporter des sections, ce qui aide consid\u00e9rablement le travail \u00e9ditorial.<\/p><\/div><div class=\"q_icon_list\"><i class=\"qode_icon_font_awesome fa fa-check qode-ili-icon-holder circle\" style=\"font-size: 14px;color: #1E73BE;background-color: #FFFFFF00;border-color:#1E73BE;border-style:solid;border-width:1px;\" ><\/i><p style=\"color:#1E293B;font-size: 17px;font-weight: 300;margin-bottom: 0px;\">Collaboration plus fluide : chercheurs, ayants droit, ayants connaissance et \u00e9diteurs peuvent intervenir \u00e0 distance, avec un historique des modifications. Le catalogue num\u00e9rique, c\u2019est le laboratoire. L'ouvrage papier, c\u2019est le chef-d\u2019\u0153uvre.<\/p><\/div>[\/vc_column_inner][vc_column_inner width=\u00a0\u00bb1\/3&Prime;][\/vc_column_inner][\/vc_row_inner][\/vc_column][\/vc_row][vc_row css_animation=\u00a0\u00bb\u00a0\u00bb row_type=\u00a0\u00bbrow\u00a0\u00bb use_row_as_full_screen_section=\u00a0\u00bbno\u00a0\u00bb type=\u00a0\u00bbgrid\u00a0\u00bb angled_section=\u00a0\u00bbno\u00a0\u00bb text_align=\u00a0\u00bbleft\u00a0\u00bb background_image_as_pattern=\u00a0\u00bbwithout_pattern\u00a0\u00bb z_index=\u00a0\u00bb\u00a0\u00bb css=\u00a0\u00bb.vc_custom_1725962054189{background-color: #F8FAFC !important;}\u00a0\u00bb][vc_column][vc_row_inner row_type=\u00a0\u00bbrow\u00a0\u00bb type=\u00a0\u00bbfull_width\u00a0\u00bb text_align=\u00a0\u00bbleft\u00a0\u00bb css_animation=\u00a0\u00bb\u00a0\u00bb][vc_column_inner width=\u00a0\u00bb2\/3&Prime;][vc_empty_space height=\u00a0\u00bb20px\u00a0\u00bb][vc_column_text css=\u00a0\u00bb\u00a0\u00bb]<\/p>\n<h3 style=\"font-weight: bold; font-size: 17px; line-height: 20px;\">Chez InventoZen, nous croyons que l\u2019un ne va pas sans l\u2019autre : la rigueur du num\u00e9rique permet \u00e0 la version imprim\u00e9e d\u2019\u00eatre plus coh\u00e9rente, plus pertinente et mieux ma\u00eetris\u00e9e.<\/h3>\n<p>&nbsp;<\/p>\n<h3 style=\"font-weight: bold; font-size: 17px; line-height: 20px;\">InventoZen vous accompagne dans votre projet de publication, qu\u2019il soit papier ou digital.<\/h3>\n<p>&nbsp;<\/p>\n<h3 style=\"font-weight: bold; font-size: 17px; line-height: 20px;\">InventoZen est la solution de r\u00e9f\u00e9rence pour cr\u00e9er, archiver et diffuser des Catalogues raisonn\u00e9s en ligne, en mettant l&rsquo;accent sur la visibilit\u00e9, la structuration et la protection des \u0153uvres d&rsquo;art.<\/h3>\n<p>&nbsp;<\/p>\n<h3 style=\"font-weight: bold; font-size: 17px; line-height: 20px;\">Avec plus de 120 Catalogues raisonn\u00e9s en construction, InventoZen s\u2019impose comme un acteur de r\u00e9f\u00e9rence dans la protection, la classification et la transmission des \u0153uvres d\u2019art.<\/h3>\n<p>[\/vc_column_text][\/vc_column_inner][vc_column_inner el_class=\u00a0\u00bbmobile_align_left_withicon\u00a0\u00bb width=\u00a0\u00bb1\/3&Prime;][\/vc_column_inner][\/vc_row_inner][\/vc_column][\/vc_row][vc_row css_animation=\u00a0\u00bb\u00a0\u00bb row_type=\u00a0\u00bbrow\u00a0\u00bb use_row_as_full_screen_section=\u00a0\u00bbno\u00a0\u00bb type=\u00a0\u00bbgrid\u00a0\u00bb angled_section=\u00a0\u00bbno\u00a0\u00bb text_align=\u00a0\u00bbleft\u00a0\u00bb background_image_as_pattern=\u00a0\u00bbwithout_pattern\u00a0\u00bb z_index=\u00a0\u00bb\u00a0\u00bb css=\u00a0\u00bb.vc_custom_1725962054189{background-color: #F8FAFC !important;}\u00a0\u00bb][vc_column][vc_row_inner row_type=\u00a0\u00bbrow\u00a0\u00bb type=\u00a0\u00bbfull_width\u00a0\u00bb text_align=\u00a0\u00bbleft\u00a0\u00bb css_animation=\u00a0\u00bb\u00a0\u00bb][vc_column_inner][vc_empty_space][\/vc_column_inner][\/vc_row_inner][vc_row_inner row_type=\u00a0\u00bbrow\u00a0\u00bb type=\u00a0\u00bbfull_width\u00a0\u00bb text_align=\u00a0\u00bbleft\u00a0\u00bb css_animation=\u00a0\u00bb\u00a0\u00bb][vc_column_inner width=\u00a0\u00bb1\/2&Prime;]<a  itemprop=\"url\" href=\"https:\/\/inventozen.com\/index.php\/solution-pour-catalogues-raisonnes-fr\/\" target=\"_self\" data-hover-color='#EEEEEE' class=\"qbutton  large center default\" style=\"color: #FFFFFF; margin: 8; background-color: #008BD4;\">D\u00e9couvrir notre Solution Catalogue raisonn\u00e9<\/a>[\/vc_column_inner][vc_column_inner el_class=\u00a0\u00bbmobile_align_left_withicon\u00a0\u00bb width=\u00a0\u00bb1\/2&Prime;][\/vc_column_inner][\/vc_row_inner][vc_empty_space][vc_column_text css=\u00a0\u00bb\u00a0\u00bb]<\/p>\n<h6 style=\"text-align: left;\"><span><span><a href=\"https:\/\/inventozen.com\/\">Accueil<\/a><\/span><\/span><\/h6>\n<p>[\/vc_column_text][vc_empty_space height=\u00a0\u00bb22px\u00a0\u00bb][\/vc_column][\/vc_row][vc_row css_animation=\u00a0\u00bb\u00a0\u00bb row_type=\u00a0\u00bbrow\u00a0\u00bb use_row_as_full_screen_section=\u00a0\u00bbno\u00a0\u00bb type=\u00a0\u00bbfull_width\u00a0\u00bb angled_section=\u00a0\u00bbno\u00a0\u00bb text_align=\u00a0\u00bbleft\u00a0\u00bb background_image_as_pattern=\u00a0\u00bbwithout_pattern\u00a0\u00bb z_index=\u00a0\u00bb\u00a0\u00bb css=\u00a0\u00bb.vc_custom_1725713227228{background-color: #F8FAFC !important;}\u00a0\u00bb][vc_column][vc_empty_space height=\u00a0\u00bb62px\u00a0\u00bb][vc_row_inner row_type=\u00a0\u00bbrow\u00a0\u00bb type=\u00a0\u00bbgrid\u00a0\u00bb text_align=\u00a0\u00bbleft\u00a0\u00bb css_animation=\u00a0\u00bb\u00a0\u00bb][vc_column_inner][vc_column_text css=\u00a0\u00bb\u00a0\u00bb]<\/p>\n<p style=\"text-align: center; color: #0f172a; font-family: 'Raleway', sans-serif; font-size: 28px; line-height: 28px; font-style: normal; font-weight: bold; letter-spacing: 0px; text-transform: none;\">S&rsquo;inscrire \u00e0 notre newsletter<\/p>\n<p>[\/vc_column_text][vc_empty_space height=\u00a0\u00bb6px\u00a0\u00bb][vc_column_text css=\u00a0\u00bb\u00a0\u00bb]<\/p>\n<p style=\"text-align: center;\">Pour rester au courant de toute notre actualit\u00e9 et de nos promotions.<\/p>\n<p>[\/vc_column_text][vc_empty_space height=\u00a0\u00bb12px\u00a0\u00bb][\/vc_column_inner][\/vc_row_inner][vc_row_inner row_type=\u00a0\u00bbrow\u00a0\u00bb type=\u00a0\u00bbgrid\u00a0\u00bb text_align=\u00a0\u00bbleft\u00a0\u00bb css_animation=\u00a0\u00bb\u00a0\u00bb el_class=\u00a0\u00bbmobileShow_news\u00a0\u00bb][vc_column_inner width=\u00a0\u00bb1\/4&Prime;][\/vc_column_inner][vc_column_inner width=\u00a0\u00bb1\/2&Prime;][vc_column_text css=\u00a0\u00bb\u00a0\u00bb]<script>(function() {\n\twindow.mc4wp = window.mc4wp || {\n\t\tlisteners: [],\n\t\tforms: {\n\t\t\ton: function(evt, cb) {\n\t\t\t\twindow.mc4wp.listeners.push(\n\t\t\t\t\t{\n\t\t\t\t\t\tevent   : evt,\n\t\t\t\t\t\tcallback: cb\n\t\t\t\t\t}\n\t\t\t\t);\n\t\t\t}\n\t\t}\n\t}\n})();\n<\/script><!-- Mailchimp for WordPress v4.11.1 - https:\/\/wordpress.org\/plugins\/mailchimp-for-wp\/ --><form id=\"mc4wp-form-1\" class=\"mc4wp-form mc4wp-form-2994 mc4wp-form-theme mc4wp-form-theme-light mc4wp-ajax\" method=\"post\" data-id=\"2994\" data-name=\"MC-SITE-ZEN-FR-mobile\" ><div class=\"mc4wp-form-fields\"><div style=\"\">\r\n  <div style=\"margin-right:10px; margin-bottom: 20px;\">\r\n     <input style=\" width: 100%; border-radius: 8px;  padding: 12px 12px\" type=\"text\" name=\"LNAME\" placeholder=\"Nom\" required >\r\n  <\/div> \r\n  <div style=\"margin-right:10px;margin-bottom: 20px;\">\r\n    <input style=\"width: 100%; border-radius: 8px;  padding: 12px 12px\" type=\"text\" name=\"MMERGE6\" placeholder=\"Soci\u00e9t\u00e9\" required>\r\n<\/div><\/div>\r\n\r\n\r\n<div style=\"\">\r\n  <div style=\"margin-right:10px; margin-bottom: 20px;\">\r\n<input style=\"width: 100%; border-radius: 8px;  padding: 12px 12px\" type=\"email\" name=\"EMAIL\" placeholder=\"Votre adresse e-mail\" required \/>\r\n<\/div>\r\n\r\n <div style=\"margin-right:10px; margin-bottom: 20px;\">\r\n\t<input style=\"width: 100%; background-color: #008bd4 !important; border-radius: 8px; border-color: #008bd4 !important; color: #ffffff !important; font-family: Raleway; font-weight: 600; padding: 12px 22px; font-size: 13px;\" type=\"submit\" value=\"S'inscrire\" \/>\r\n<\/div>\r\n<\/div>\r\n<\/div><label style=\"display: none !important;\">Laissez ce champ vide si vous \u00eates humain\u00a0: <input type=\"text\" name=\"_mc4wp_honeypot\" value=\"\" tabindex=\"-1\" autocomplete=\"off\" \/><\/label><input type=\"hidden\" name=\"_mc4wp_timestamp\" value=\"1775518044\" \/><input type=\"hidden\" name=\"_mc4wp_form_id\" value=\"2994\" \/><input type=\"hidden\" name=\"_mc4wp_form_element_id\" value=\"mc4wp-form-1\" \/><div class=\"mc4wp-response\"><\/div><\/form><!-- \/ Mailchimp for WordPress Plugin -->[\/vc_column_text][\/vc_column_inner][vc_column_inner width=\u00a0\u00bb1\/4&Prime;][\/vc_column_inner][\/vc_row_inner][vc_row_inner row_type=\u00a0\u00bbrow\u00a0\u00bb type=\u00a0\u00bbgrid\u00a0\u00bb text_align=\u00a0\u00bbleft\u00a0\u00bb css_animation=\u00a0\u00bb\u00a0\u00bb el_class=\u00a0\u00bbmobileHide_news\u00a0\u00bb][vc_column_inner width=\u00a0\u00bb1\/4&Prime;][\/vc_column_inner][vc_column_inner width=\u00a0\u00bb1\/2&Prime;][vc_column_text css=\u00a0\u00bb\u00a0\u00bb]<script>(function() {\n\twindow.mc4wp = window.mc4wp || {\n\t\tlisteners: [],\n\t\tforms: {\n\t\t\ton: function(evt, cb) {\n\t\t\t\twindow.mc4wp.listeners.push(\n\t\t\t\t\t{\n\t\t\t\t\t\tevent   : evt,\n\t\t\t\t\t\tcallback: cb\n\t\t\t\t\t}\n\t\t\t\t);\n\t\t\t}\n\t\t}\n\t}\n})();\n<\/script><!-- Mailchimp for WordPress v4.11.1 - https:\/\/wordpress.org\/plugins\/mailchimp-for-wp\/ --><form id=\"mc4wp-form-2\" class=\"mc4wp-form mc4wp-form-2991 mc4wp-form-theme mc4wp-form-theme-light mc4wp-ajax\" method=\"post\" data-id=\"2991\" data-name=\"MC-SITE-ZEN-FR-ecran\" ><div class=\"mc4wp-form-fields\"><div style=\"display: flex;\r\n  align-items: center;\r\n  justify-content: center;\">\r\n  <div style=\"float:left !important; margin-right:10px; width: 50% !important; margin-bottom: 20px;\">\r\n     <input style=\"border-radius: 8px;  padding: 12px 12px\" type=\"text\" name=\"LNAME\" placeholder=\"Nom\" required >\r\n  <\/div> \r\n  <div style=\"float:left !important; margin-right:10px; width: 50% !important; margin-bottom: 20px;\">\r\n    <input style=\"border-radius: 8px;  padding: 12px 12px\" type=\"text\" name=\"MMERGE6\" placeholder=\"Soci\u00e9t\u00e9\" required>\r\n<\/div><\/div>\r\n\r\n\r\n<div style=\"display: flex;\r\n  align-items: center;\r\n  justify-content: center;\">\r\n  <div style=\"float:left !important; margin-right:10px; width: 80% !important; margin-bottom: 20px;\">\r\n<input style=\"border-radius: 8px;  padding: 12px 12px\" type=\"email\" name=\"EMAIL\" placeholder=\"Votre adresse e-mail\" required \/>\r\n<\/div>\r\n\r\n <div style=\"float:left !important; margin-right:10px; width: 20% !important; margin-bottom: 20px;\">\r\n\t<input style=\"background-color: #008bd4 !important; border-radius: 8px; border-color: #008bd4 !important; color: #ffffff !important; font-family: Raleway; font-weight: 600; padding: 12px 22px; font-size: 13px;\" type=\"submit\" value=\"S'inscrire\" \/>\r\n<\/div>\r\n<\/div>\r\n<\/div><label style=\"display: none !important;\">Laissez ce champ vide si vous \u00eates humain\u00a0: <input type=\"text\" name=\"_mc4wp_honeypot\" value=\"\" tabindex=\"-1\" autocomplete=\"off\" \/><\/label><input type=\"hidden\" name=\"_mc4wp_timestamp\" value=\"1775518044\" \/><input type=\"hidden\" name=\"_mc4wp_form_id\" value=\"2991\" \/><input type=\"hidden\" name=\"_mc4wp_form_element_id\" value=\"mc4wp-form-2\" \/><div class=\"mc4wp-response\"><\/div><\/form><!-- \/ Mailchimp for WordPress Plugin -->[\/vc_column_text][\/vc_column_inner][vc_column_inner width=\u00a0\u00bb1\/4&Prime;][\/vc_column_inner][\/vc_row_inner][vc_row_inner row_type=\u00a0\u00bbrow\u00a0\u00bb type=\u00a0\u00bbfull_width\u00a0\u00bb text_align=\u00a0\u00bbleft\u00a0\u00bb css_animation=\u00a0\u00bb\u00a0\u00bb][vc_column_inner][vc_empty_space height=\u00a0\u00bb62px\u00a0\u00bb][\/vc_column_inner][\/vc_row_inner][\/vc_column][\/vc_row]<\/p>\n<\/div>","protected":false},"excerpt":{"rendered":"<p>[vc_row css_animation=\u00a0\u00bb\u00a0\u00bb row_type=\u00a0\u00bbrow\u00a0\u00bb use_row_as_full_screen_section=\u00a0\u00bbno\u00a0\u00bb type=\u00a0\u00bbgrid\u00a0\u00bb angled_section=\u00a0\u00bbno\u00a0\u00bb text_align=\u00a0\u00bbleft\u00a0\u00bb background_image_as_pattern=\u00a0\u00bbwithout_pattern\u00a0\u00bb z_index=\u00a0\u00bb\u00a0\u00bb css=\u00a0\u00bb.vc_custom_1725962007653{background-color: #F8FAFC !important;}\u00a0\u00bb][vc_column width=\u00a0\u00bb2\/3&Prime;][vc_empty_space][vc_column_text css=\u00a0\u00bb\u00a0\u00bb] Le Catalogue raisonn\u00e9 num\u00e9rique : base indispensable de la version papier [\/vc_column_text][vc_empty_space height=\u00a0\u00bb20px\u00a0\u00bb][vc_column_text css=\u00a0\u00bb\u00a0\u00bb] La r\u00e9ussite d\u2019un Catalogue raisonn\u00e9 papier repose sur une organisation rigoureuse et une structuration pr\u00e9cise des donn\u00e9es,&#8230;<\/p>\n","protected":false},"author":3,"featured_media":0,"parent":5675,"menu_order":0,"comment_status":"closed","ping_status":"closed","template":"full_width.php","meta":{"_monsterinsights_skip_tracking":false,"_monsterinsights_sitenote_active":false,"_monsterinsights_sitenote_note":"","_monsterinsights_sitenote_category":0,"footnotes":""},"class_list":["post-5659","page","type-page","status-publish","hentry"],"yoast_head":"<!-- This site is optimized with the Yoast SEO plugin v26.9 - https:\/\/yoast.com\/product\/yoast-seo-wordpress\/ -->\n<title>Le r\u00f4le du catalogue raisonn\u00e9 num\u00e9rique pour la version papier<\/title>\n<meta name=\"description\" content=\"D\u00e9couvrez pourquoi le catalogue raisonn\u00e9 num\u00e9rique est une \u00e9tape essentielle avant la publication de la version papier.\" \/>\n<meta name=\"robots\" content=\"index, follow, max-snippet:-1, max-image-preview:large, max-video-preview:-1\" \/>\n<link rel=\"canonical\" href=\"https:\/\/inventozen.com\/index.php\/articles-catalogue-raisonne\/le-catalogue-raisonne-numerique-base-indispensable-de-la-version-papier\/\" \/>\n<meta property=\"og:locale\" content=\"fr_FR\" \/>\n<meta property=\"og:type\" content=\"article\" \/>\n<meta property=\"og:title\" content=\"Le r\u00f4le du catalogue raisonn\u00e9 num\u00e9rique pour la version papier\" \/>\n<meta property=\"og:description\" content=\"D\u00e9couvrez pourquoi le catalogue raisonn\u00e9 num\u00e9rique est une \u00e9tape essentielle avant la publication de la version papier.\" \/>\n<meta property=\"og:url\" content=\"https:\/\/inventozen.com\/index.php\/articles-catalogue-raisonne\/le-catalogue-raisonne-numerique-base-indispensable-de-la-version-papier\/\" \/>\n<meta property=\"og:site_name\" content=\"InventoZen\" \/>\n<meta property=\"article:modified_time\" content=\"2025-07-17T13:15:13+00:00\" \/>\n<meta name=\"twitter:card\" content=\"summary_large_image\" \/>\n<meta name=\"twitter:label1\" content=\"Dur\u00e9e de lecture estim\u00e9e\" \/>\n\t<meta name=\"twitter:data1\" content=\"3 minutes\" \/>\n<script type=\"application\/ld+json\" class=\"yoast-schema-graph\">{\"@context\":\"https:\/\/schema.org\",\"@graph\":[{\"@type\":\"WebPage\",\"@id\":\"https:\/\/inventozen.com\/index.php\/articles-catalogue-raisonne\/le-catalogue-raisonne-numerique-base-indispensable-de-la-version-papier\/\",\"url\":\"https:\/\/inventozen.com\/index.php\/articles-catalogue-raisonne\/le-catalogue-raisonne-numerique-base-indispensable-de-la-version-papier\/\",\"name\":\"Le r\u00f4le du catalogue raisonn\u00e9 num\u00e9rique pour la version papier\",\"isPartOf\":{\"@id\":\"https:\/\/inventozen.com\/#website\"},\"datePublished\":\"2025-07-15T13:23:06+00:00\",\"dateModified\":\"2025-07-17T13:15:13+00:00\",\"description\":\"D\u00e9couvrez pourquoi le catalogue raisonn\u00e9 num\u00e9rique est une \u00e9tape essentielle avant la publication de la version papier.\",\"breadcrumb\":{\"@id\":\"https:\/\/inventozen.com\/index.php\/articles-catalogue-raisonne\/le-catalogue-raisonne-numerique-base-indispensable-de-la-version-papier\/#breadcrumb\"},\"inLanguage\":\"fr-FR\",\"potentialAction\":[{\"@type\":\"ReadAction\",\"target\":[\"https:\/\/inventozen.com\/index.php\/articles-catalogue-raisonne\/le-catalogue-raisonne-numerique-base-indispensable-de-la-version-papier\/\"]}]},{\"@type\":\"BreadcrumbList\",\"@id\":\"https:\/\/inventozen.com\/index.php\/articles-catalogue-raisonne\/le-catalogue-raisonne-numerique-base-indispensable-de-la-version-papier\/#breadcrumb\",\"itemListElement\":[{\"@type\":\"ListItem\",\"position\":1,\"name\":\"Accueil\",\"item\":\"https:\/\/inventozen.com\/\"},{\"@type\":\"ListItem\",\"position\":2,\"name\":\"Articles &#8211; Catalogue raisonn\u00e9\",\"item\":\"https:\/\/inventozen.com\/index.php\/articles-catalogue-raisonne\/\"},{\"@type\":\"ListItem\",\"position\":3,\"name\":\"Le Catalogue raisonn\u00e9 num\u00e9rique : base indispensable de la version papier\"}]},{\"@type\":\"WebSite\",\"@id\":\"https:\/\/inventozen.com\/#website\",\"url\":\"https:\/\/inventozen.com\/\",\"name\":\"InventoZen\",\"description\":\"La technologie au service de l&#039;art\",\"potentialAction\":[{\"@type\":\"SearchAction\",\"target\":{\"@type\":\"EntryPoint\",\"urlTemplate\":\"https:\/\/inventozen.com\/?s={search_term_string}\"},\"query-input\":{\"@type\":\"PropertyValueSpecification\",\"valueRequired\":true,\"valueName\":\"search_term_string\"}}],\"inLanguage\":\"fr-FR\"}]}<\/script>\n<!-- \/ Yoast SEO plugin. -->","yoast_head_json":{"title":"Le r\u00f4le du catalogue raisonn\u00e9 num\u00e9rique pour la version papier","description":"D\u00e9couvrez pourquoi le catalogue raisonn\u00e9 num\u00e9rique est une \u00e9tape essentielle avant la publication de la version papier.","robots":{"index":"index","follow":"follow","max-snippet":"max-snippet:-1","max-image-preview":"max-image-preview:large","max-video-preview":"max-video-preview:-1"},"canonical":"https:\/\/inventozen.com\/index.php\/articles-catalogue-raisonne\/le-catalogue-raisonne-numerique-base-indispensable-de-la-version-papier\/","og_locale":"fr_FR","og_type":"article","og_title":"Le r\u00f4le du catalogue raisonn\u00e9 num\u00e9rique pour la version papier","og_description":"D\u00e9couvrez pourquoi le catalogue raisonn\u00e9 num\u00e9rique est une \u00e9tape essentielle avant la publication de la version papier.","og_url":"https:\/\/inventozen.com\/index.php\/articles-catalogue-raisonne\/le-catalogue-raisonne-numerique-base-indispensable-de-la-version-papier\/","og_site_name":"InventoZen","article_modified_time":"2025-07-17T13:15:13+00:00","twitter_card":"summary_large_image","twitter_misc":{"Dur\u00e9e de lecture estim\u00e9e":"3 minutes"},"schema":{"@context":"https:\/\/schema.org","@graph":[{"@type":"WebPage","@id":"https:\/\/inventozen.com\/index.php\/articles-catalogue-raisonne\/le-catalogue-raisonne-numerique-base-indispensable-de-la-version-papier\/","url":"https:\/\/inventozen.com\/index.php\/articles-catalogue-raisonne\/le-catalogue-raisonne-numerique-base-indispensable-de-la-version-papier\/","name":"Le r\u00f4le du catalogue raisonn\u00e9 num\u00e9rique pour la version papier","isPartOf":{"@id":"https:\/\/inventozen.com\/#website"},"datePublished":"2025-07-15T13:23:06+00:00","dateModified":"2025-07-17T13:15:13+00:00","description":"D\u00e9couvrez pourquoi le catalogue raisonn\u00e9 num\u00e9rique est une \u00e9tape essentielle avant la publication de la version papier.","breadcrumb":{"@id":"https:\/\/inventozen.com\/index.php\/articles-catalogue-raisonne\/le-catalogue-raisonne-numerique-base-indispensable-de-la-version-papier\/#breadcrumb"},"inLanguage":"fr-FR","potentialAction":[{"@type":"ReadAction","target":["https:\/\/inventozen.com\/index.php\/articles-catalogue-raisonne\/le-catalogue-raisonne-numerique-base-indispensable-de-la-version-papier\/"]}]},{"@type":"BreadcrumbList","@id":"https:\/\/inventozen.com\/index.php\/articles-catalogue-raisonne\/le-catalogue-raisonne-numerique-base-indispensable-de-la-version-papier\/#breadcrumb","itemListElement":[{"@type":"ListItem","position":1,"name":"Accueil","item":"https:\/\/inventozen.com\/"},{"@type":"ListItem","position":2,"name":"Articles &#8211; Catalogue raisonn\u00e9","item":"https:\/\/inventozen.com\/index.php\/articles-catalogue-raisonne\/"},{"@type":"ListItem","position":3,"name":"Le Catalogue raisonn\u00e9 num\u00e9rique : base indispensable de la version papier"}]},{"@type":"WebSite","@id":"https:\/\/inventozen.com\/#website","url":"https:\/\/inventozen.com\/","name":"InventoZen","description":"La technologie au service de l&#039;art","potentialAction":[{"@type":"SearchAction","target":{"@type":"EntryPoint","urlTemplate":"https:\/\/inventozen.com\/?s={search_term_string}"},"query-input":{"@type":"PropertyValueSpecification","valueRequired":true,"valueName":"search_term_string"}}],"inLanguage":"fr-FR"}]}},"_links":{"self":[{"href":"https:\/\/inventozen.com\/index.php\/wp-json\/wp\/v2\/pages\/5659","targetHints":{"allow":["GET"]}}],"collection":[{"href":"https:\/\/inventozen.com\/index.php\/wp-json\/wp\/v2\/pages"}],"about":[{"href":"https:\/\/inventozen.com\/index.php\/wp-json\/wp\/v2\/types\/page"}],"author":[{"embeddable":true,"href":"https:\/\/inventozen.com\/index.php\/wp-json\/wp\/v2\/users\/3"}],"replies":[{"embeddable":true,"href":"https:\/\/inventozen.com\/index.php\/wp-json\/wp\/v2\/comments?post=5659"}],"version-history":[{"count":13,"href":"https:\/\/inventozen.com\/index.php\/wp-json\/wp\/v2\/pages\/5659\/revisions"}],"predecessor-version":[{"id":5844,"href":"https:\/\/inventozen.com\/index.php\/wp-json\/wp\/v2\/pages\/5659\/revisions\/5844"}],"up":[{"embeddable":true,"href":"https:\/\/inventozen.com\/index.php\/wp-json\/wp\/v2\/pages\/5675"}],"wp:attachment":[{"href":"https:\/\/inventozen.com\/index.php\/wp-json\/wp\/v2\/media?parent=5659"}],"curies":[{"name":"wp","href":"https:\/\/api.w.org\/{rel}","templated":true}]}}