{"id":5768,"date":"2025-07-16T12:14:53","date_gmt":"2025-07-16T10:14:53","guid":{"rendered":"https:\/\/inventozen.com\/?page_id=5768"},"modified":"2025-07-17T15:13:10","modified_gmt":"2025-07-17T13:13:10","slug":"el-catalogo-razonado-digital-base-indispensable-para-la-version-impresa","status":"publish","type":"page","link":"https:\/\/inventozen.com\/index.php\/es\/aticulo-esencial-catalogo-razonado\/el-catalogo-razonado-digital-base-indispensable-para-la-version-impresa\/","title":{"rendered":"El Cat\u00e1logo Razonado Digital: Base indispensable para la versi\u00f3n impresa"},"content":{"rendered":"<div class=\"wpb-content-wrapper\"><p>[vc_row css_animation=\u00a0\u00bb\u00a0\u00bb row_type=\u00a0\u00bbrow\u00a0\u00bb use_row_as_full_screen_section=\u00a0\u00bbno\u00a0\u00bb type=\u00a0\u00bbgrid\u00a0\u00bb angled_section=\u00a0\u00bbno\u00a0\u00bb text_align=\u00a0\u00bbleft\u00a0\u00bb background_image_as_pattern=\u00a0\u00bbwithout_pattern\u00a0\u00bb z_index=\u00a0\u00bb\u00a0\u00bb css=\u00a0\u00bb.vc_custom_1725962007653{background-color: #F8FAFC !important;}\u00a0\u00bb][vc_column width=\u00a0\u00bb2\/3&Prime;][vc_empty_space][vc_column_text css=\u00a0\u00bb\u00a0\u00bb]<\/p>\n<h1 style=\"color: #006eab; text-transform: uppercase; font-weight: 600; font-size: 25px; line-height: 27px;\">El Cat\u00e1logo Razonado Digital: Base indispensable para la versi\u00f3n impresa<\/h1>\n<p>[\/vc_column_text][vc_empty_space height=\u00a0\u00bb20px\u00a0\u00bb][vc_column_text css=\u00a0\u00bb\u00a0\u00bb]<\/p>\n<h2 style=\"font-weight: 500; font-size: 21px; line-height: 23px; text-align: left;\"><strong>El \u00e9xito de un Cat\u00e1logo razonado en papel depende de una organizaci\u00f3n rigurosa y una estructuraci\u00f3n precisa de los datos dentro de una base digital segura y evolutiva.<\/strong><\/h2>\n<p>[\/vc_column_text][vc_empty_space height=\u00a0\u00bb20px\u00a0\u00bb][\/vc_column][vc_column width=\u00a0\u00bb1\/3&Prime;][\/vc_column][\/vc_row][vc_row css_animation=\u00a0\u00bb\u00a0\u00bb row_type=\u00a0\u00bbrow\u00a0\u00bb use_row_as_full_screen_section=\u00a0\u00bbno\u00a0\u00bb type=\u00a0\u00bbgrid\u00a0\u00bb angled_section=\u00a0\u00bbno\u00a0\u00bb text_align=\u00a0\u00bbleft\u00a0\u00bb background_image_as_pattern=\u00a0\u00bbwithout_pattern\u00a0\u00bb z_index=\u00a0\u00bb\u00a0\u00bb css=\u00a0\u00bb.vc_custom_1725962054189{background-color: #F8FAFC !important;}\u00a0\u00bb][vc_column][vc_row_inner row_type=\u00a0\u00bbrow\u00a0\u00bb type=\u00a0\u00bbfull_width\u00a0\u00bb text_align=\u00a0\u00bbleft\u00a0\u00bb css_animation=\u00a0\u00bb\u00a0\u00bb][vc_column_inner width=\u00a0\u00bb2\/3&Prime;][vc_column_text css=\u00a0\u00bb\u00a0\u00bb]<\/p>\n<h3 style=\"font-weight: bold; font-size: 17px; line-height: 20px;\">Un Cat\u00e1logo razonado digital bien dise\u00f1ado no solo permite archivar, organizar y documentar la obra en su totalidad, sino que tambi\u00e9n constituye una base s\u00f3lida, clara y din\u00e1mica para planificar una futura publicaci\u00f3n impresa. Aqu\u00ed algunos beneficios clave:<\/h3>\n<p>[\/vc_column_text][vc_empty_space height=\u00a0\u00bb20px\u00a0\u00bb][\/vc_column_inner][vc_column_inner el_class=\u00a0\u00bbmobile_align_left_withicon\u00a0\u00bb width=\u00a0\u00bb1\/3&Prime;][\/vc_column_inner][\/vc_row_inner][vc_row_inner row_type=\u00a0\u00bbrow\u00a0\u00bb type=\u00a0\u00bbfull_width\u00a0\u00bb text_align=\u00a0\u00bbleft\u00a0\u00bb css_animation=\u00a0\u00bb\u00a0\u00bb][vc_column_inner width=\u00a0\u00bb2\/3&Prime;]<div class=\"q_icon_list\"><i class=\"qode_icon_font_awesome fa fa-check qode-ili-icon-holder circle\" style=\"font-size: 14px;color: #1E73BE;background-color: #FFFFFF00;border-color:#1E73BE;border-style:solid;border-width:1px;\" ><\/i><p style=\"color:#1E293B;font-size: 17px;font-weight: 300;margin-bottom: 0px;\">Organizaci\u00f3n estructurada de los datos: fechas, t\u00edtulos, t\u00e9cnicas, dimensiones, procedencia, exposiciones... todo est\u00e1 centralizado y se puede modificar f\u00e1cilmente.<\/p><\/div><div class=\"q_icon_list\"><i class=\"qode_icon_font_awesome fa fa-check qode-ili-icon-holder circle\" style=\"font-size: 14px;color: #1E73BE;background-color: #FFFFFF00;border-color:#1E73BE;border-style:solid;border-width:1px;\" ><\/i><p style=\"color:#1E293B;font-size: 17px;font-weight: 300;margin-bottom: 0px;\">Filtrado y selecci\u00f3n simplificados: elige con precisi\u00f3n qu\u00e9 obras incluir en la versi\u00f3n impresa, seg\u00fan criterios tem\u00e1ticos, cronol\u00f3gicos o curatoriales.<\/p><\/div><div class=\"q_icon_list\"><i class=\"qode_icon_font_awesome fa fa-check qode-ili-icon-holder circle\" style=\"font-size: 14px;color: #1E73BE;background-color: #FFFFFF00;border-color:#1E73BE;border-style:solid;border-width:1px;\" ><\/i><p style=\"color:#1E293B;font-size: 17px;font-weight: 300;margin-bottom: 0px;\">Evolutividad: el formato digital permite a\u00f1adir o corregir elementos con el tiempo, haciendo la documentaci\u00f3n m\u00e1s fiable antes de fijar los datos en un libro. Incluso despu\u00e9s de la publicaci\u00f3n impresa, la versi\u00f3n digital puede seguir actualiz\u00e1ndose.<\/p><\/div><div class=\"q_icon_list\"><i class=\"qode_icon_font_awesome fa fa-check qode-ili-icon-holder circle\" style=\"font-size: 14px;color: #1E73BE;background-color: #FFFFFF00;border-color:#1E73BE;border-style:solid;border-width:1px;\" ><\/i><p style=\"color:#1E293B;font-size: 17px;font-weight: 300;margin-bottom: 0px;\">Previsualizaci\u00f3n inteligente: algunas plataformas permiten simular la maquetaci\u00f3n o exportar secciones, lo que facilita enormemente el trabajo editorial.<\/p><\/div><div class=\"q_icon_list\"><i class=\"qode_icon_font_awesome fa fa-check qode-ili-icon-holder circle\" style=\"font-size: 14px;color: #1E73BE;background-color: #FFFFFF00;border-color:#1E73BE;border-style:solid;border-width:1px;\" ><\/i><p style=\"color:#1E293B;font-size: 17px;font-weight: 300;margin-bottom: 0px;\">Colaboraci\u00f3n m\u00e1s fluida: investigadores, herederos, conocedores y editores pueden intervenir a distancia, con un historial de cambios.\u2028El cat\u00e1logo digital es el laboratorio. El libro impreso, la obra maestra.<\/p><\/div>[\/vc_column_inner][vc_column_inner width=\u00a0\u00bb1\/3&Prime;][\/vc_column_inner][\/vc_row_inner][\/vc_column][\/vc_row][vc_row css_animation=\u00a0\u00bb\u00a0\u00bb row_type=\u00a0\u00bbrow\u00a0\u00bb use_row_as_full_screen_section=\u00a0\u00bbno\u00a0\u00bb type=\u00a0\u00bbgrid\u00a0\u00bb angled_section=\u00a0\u00bbno\u00a0\u00bb text_align=\u00a0\u00bbleft\u00a0\u00bb background_image_as_pattern=\u00a0\u00bbwithout_pattern\u00a0\u00bb z_index=\u00a0\u00bb\u00a0\u00bb css=\u00a0\u00bb.vc_custom_1725962054189{background-color: #F8FAFC !important;}\u00a0\u00bb][vc_column][vc_row_inner row_type=\u00a0\u00bbrow\u00a0\u00bb type=\u00a0\u00bbfull_width\u00a0\u00bb text_align=\u00a0\u00bbleft\u00a0\u00bb css_animation=\u00a0\u00bb\u00a0\u00bb][vc_column_inner width=\u00a0\u00bb2\/3&Prime;][vc_empty_space height=\u00a0\u00bb20px\u00a0\u00bb][vc_column_text css=\u00a0\u00bb\u00a0\u00bb]<\/p>\n<h3 style=\"font-weight: bold; font-size: 17px; line-height: 20px;\">En InventoZen, creemos que uno no puede existir sin el otro: la precisi\u00f3n del entorno digital permite que la versi\u00f3n impresa sea m\u00e1s coherente, pertinente y profesionalmente controlada.<\/h3>\n<p>&nbsp;<\/p>\n<h3 style=\"font-weight: bold; font-size: 17px; line-height: 20px;\">InventoZen te acompa\u00f1a en tu proyecto de publicaci\u00f3n, ya sea en papel o digital.<\/h3>\n<p>&nbsp;<\/p>\n<h3 style=\"font-weight: bold; font-size: 17px; line-height: 20px;\">Es la soluci\u00f3n de referencia para crear, archivar y difundir cat\u00e1logos razonados en l\u00ednea, con un enfoque en la visibilidad, la estructuraci\u00f3n y la protecci\u00f3n de las obras de arte.<\/h3>\n<p>&nbsp;<\/p>\n<h3 style=\"font-weight: bold; font-size: 17px; line-height: 20px;\">Con m\u00e1s de 120 Cat\u00e1logos razonados en desarrollo, InventoZen se impone como un referente en la protecci\u00f3n, clasificaci\u00f3n y transmisi\u00f3n del patrimonio art\u00edstico.<\/h3>\n<p>[\/vc_column_text][\/vc_column_inner][vc_column_inner el_class=\u00a0\u00bbmobile_align_left_withicon\u00a0\u00bb width=\u00a0\u00bb1\/3&Prime;][\/vc_column_inner][\/vc_row_inner][\/vc_column][\/vc_row][vc_row css_animation=\u00a0\u00bb\u00a0\u00bb row_type=\u00a0\u00bbrow\u00a0\u00bb use_row_as_full_screen_section=\u00a0\u00bbno\u00a0\u00bb type=\u00a0\u00bbgrid\u00a0\u00bb angled_section=\u00a0\u00bbno\u00a0\u00bb text_align=\u00a0\u00bbleft\u00a0\u00bb background_image_as_pattern=\u00a0\u00bbwithout_pattern\u00a0\u00bb z_index=\u00a0\u00bb\u00a0\u00bb css=\u00a0\u00bb.vc_custom_1725962054189{background-color: #F8FAFC !important;}\u00a0\u00bb][vc_column][vc_empty_space][vc_row_inner row_type=\u00a0\u00bbrow\u00a0\u00bb type=\u00a0\u00bbfull_width\u00a0\u00bb text_align=\u00a0\u00bbleft\u00a0\u00bb css_animation=\u00a0\u00bb\u00a0\u00bb][vc_column_inner width=\u00a0\u00bb1\/2&Prime;]<a  itemprop=\"url\" href=\"https:\/\/inventozen.com\/index.php\/es\/solucion-catalogos-razonados\/\" target=\"_self\" data-hover-color='#EEEEEE' class=\"qbutton  large default\" style=\"color: #FFFFFF; margin: 8; background-color: #008BD4;\">Descubra nuestra soluci\u00f3n Cat\u00e1logo razonado<\/a>[\/vc_column_inner][vc_column_inner width=\u00a0\u00bb1\/2&Prime;][\/vc_column_inner][\/vc_row_inner][vc_empty_space height=\u00a0\u00bb22px\u00a0\u00bb][vc_column_text css=\u00a0\u00bb\u00a0\u00bb]<\/p>\n<h6 style=\"text-align: left;\"><span><span><a href=\"https:\/\/inventozen.com\/\">Accueil<\/a><\/span><\/span><\/h6>\n<p>[\/vc_column_text][vc_empty_space height=\u00a0\u00bb22px\u00a0\u00bb][\/vc_column][\/vc_row][vc_row css_animation=\u00a0\u00bb\u00a0\u00bb row_type=\u00a0\u00bbrow\u00a0\u00bb use_row_as_full_screen_section=\u00a0\u00bbno\u00a0\u00bb type=\u00a0\u00bbfull_width\u00a0\u00bb angled_section=\u00a0\u00bbno\u00a0\u00bb text_align=\u00a0\u00bbleft\u00a0\u00bb background_image_as_pattern=\u00a0\u00bbwithout_pattern\u00a0\u00bb z_index=\u00a0\u00bb\u00a0\u00bb css=\u00a0\u00bb.vc_custom_1725713227228{background-color: #F8FAFC !important;}\u00a0\u00bb][vc_column][vc_empty_space height=\u00a0\u00bb62px\u00a0\u00bb][vc_row_inner row_type=\u00a0\u00bbrow\u00a0\u00bb type=\u00a0\u00bbgrid\u00a0\u00bb text_align=\u00a0\u00bbleft\u00a0\u00bb css_animation=\u00a0\u00bb\u00a0\u00bb][vc_column_inner][vc_column_text css=\u00a0\u00bb\u00a0\u00bb]<\/p>\n<p style=\"text-align: center; color: #0f172a; font-family: 'Raleway', sans-serif; font-size: 28px; line-height: 28px; font-style: normal; font-weight: bold; letter-spacing: 0px; text-transform: none;\">Suscr\u00edbase a nuestro bolet\u00edn<\/p>\n<p>[\/vc_column_text][vc_empty_space height=\u00a0\u00bb6px\u00a0\u00bb][vc_column_text css=\u00a0\u00bb\u00a0\u00bb]<\/p>\n<p style=\"text-align: center;\">Mant\u00e9ngase al d\u00eda de todas nuestras novedades y promociones.<\/p>\n<p>[\/vc_column_text][vc_empty_space height=\u00a0\u00bb12px\u00a0\u00bb][\/vc_column_inner][\/vc_row_inner][vc_row_inner row_type=\u00a0\u00bbrow\u00a0\u00bb type=\u00a0\u00bbgrid\u00a0\u00bb text_align=\u00a0\u00bbleft\u00a0\u00bb css_animation=\u00a0\u00bb\u00a0\u00bb el_class=\u00a0\u00bbmobileShow_news\u00a0\u00bb][vc_column_inner width=\u00a0\u00bb1\/4&Prime;][\/vc_column_inner][vc_column_inner width=\u00a0\u00bb1\/2&Prime;][vc_column_text css=\u00a0\u00bb\u00a0\u00bb]<script>(function() {\n\twindow.mc4wp = window.mc4wp || {\n\t\tlisteners: [],\n\t\tforms: {\n\t\t\ton: function(evt, cb) {\n\t\t\t\twindow.mc4wp.listeners.push(\n\t\t\t\t\t{\n\t\t\t\t\t\tevent   : evt,\n\t\t\t\t\t\tcallback: cb\n\t\t\t\t\t}\n\t\t\t\t);\n\t\t\t}\n\t\t}\n\t}\n})();\n<\/script><!-- Mailchimp for WordPress v4.11.1 - https:\/\/wordpress.org\/plugins\/mailchimp-for-wp\/ --><form id=\"mc4wp-form-1\" class=\"mc4wp-form mc4wp-form-4278 mc4wp-form-theme mc4wp-form-theme-light mc4wp-ajax\" method=\"post\" data-id=\"4278\" data-name=\"MC-SITE-ZEN-ES-mobile\" ><div class=\"mc4wp-form-fields\"><div style=\"\">\r\n  <div style=\"margin-right:10px; margin-bottom: 20px;\">\r\n     <input style=\" width: 100%; border-radius: 8px;  padding: 12px 12px\" type=\"text\" name=\"LNAME\" placeholder=\"Nombre\" required >\r\n  <\/div> \r\n  <div style=\"margin-right:10px;margin-bottom: 20px;\">\r\n    <input style=\"width: 100%; border-radius: 8px;  padding: 12px 12px\" type=\"text\" name=\"MMERGE6\" placeholder=\"Empresa\" required>\r\n<\/div><\/div>\r\n\r\n\r\n<div style=\"\">\r\n  <div style=\"margin-right:10px; margin-bottom: 20px;\">\r\n<input style=\"width: 100%; border-radius: 8px;  padding: 12px 12px\" type=\"email\" name=\"EMAIL\" placeholder=\"Su direcci\u00f3n de correo electr\u00f3nico\" required \/>\r\n<\/div>\r\n\r\n <div style=\"margin-right:10px; margin-bottom: 20px;\">\r\n\t<input style=\"width: 100%; background-color: #008bd4 !important; border-radius: 8px; border-color: #008bd4 !important; color: #ffffff !important; font-family: Raleway; font-weight: 600; padding: 12px 22px; font-size: 13px;\" type=\"submit\" value=\"Suscr\u00edbase\" \/>\r\n<\/div>\r\n<\/div>\r\n<\/div><label style=\"display: none !important;\">Laissez ce champ vide si vous \u00eates humain\u00a0: <input type=\"text\" name=\"_mc4wp_honeypot\" value=\"\" tabindex=\"-1\" autocomplete=\"off\" \/><\/label><input type=\"hidden\" name=\"_mc4wp_timestamp\" value=\"1775523668\" \/><input type=\"hidden\" name=\"_mc4wp_form_id\" value=\"4278\" \/><input type=\"hidden\" name=\"_mc4wp_form_element_id\" value=\"mc4wp-form-1\" \/><div class=\"mc4wp-response\"><\/div><\/form><!-- \/ Mailchimp for WordPress Plugin -->[\/vc_column_text][\/vc_column_inner][vc_column_inner width=\u00a0\u00bb1\/4&Prime;][\/vc_column_inner][\/vc_row_inner][vc_row_inner row_type=\u00a0\u00bbrow\u00a0\u00bb type=\u00a0\u00bbgrid\u00a0\u00bb text_align=\u00a0\u00bbleft\u00a0\u00bb css_animation=\u00a0\u00bb\u00a0\u00bb el_class=\u00a0\u00bbmobileHide_news\u00a0\u00bb][vc_column_inner width=\u00a0\u00bb1\/4&Prime;][\/vc_column_inner][vc_column_inner width=\u00a0\u00bb1\/2&Prime;][vc_column_text css=\u00a0\u00bb\u00a0\u00bb]<script>(function() {\n\twindow.mc4wp = window.mc4wp || {\n\t\tlisteners: [],\n\t\tforms: {\n\t\t\ton: function(evt, cb) {\n\t\t\t\twindow.mc4wp.listeners.push(\n\t\t\t\t\t{\n\t\t\t\t\t\tevent   : evt,\n\t\t\t\t\t\tcallback: cb\n\t\t\t\t\t}\n\t\t\t\t);\n\t\t\t}\n\t\t}\n\t}\n})();\n<\/script><!-- Mailchimp for WordPress v4.11.1 - https:\/\/wordpress.org\/plugins\/mailchimp-for-wp\/ --><form id=\"mc4wp-form-2\" class=\"mc4wp-form mc4wp-form-4274 mc4wp-form-theme mc4wp-form-theme-light mc4wp-ajax\" method=\"post\" data-id=\"4274\" data-name=\"MC-SITE-ZEN-ES-ecran\" ><div class=\"mc4wp-form-fields\"><div style=\"display: flex;\r\n  align-items: center;\r\n  justify-content: center;\">\r\n  <div style=\"float:left !important; margin-right:10px; width: 50% !important; margin-bottom: 20px;\">\r\n     <input style=\"border-radius: 8px;  padding: 12px 12px\" type=\"text\" name=\"LNAME\" placeholder=\"Nombre\" required >\r\n  <\/div> \r\n  <div style=\"float:left !important; margin-right:10px; width: 50% !important; margin-bottom: 20px;\">\r\n    <input style=\"border-radius: 8px;  padding: 12px 12px\" type=\"text\" name=\"MMERGE6\" placeholder=\"Empresa\" required>\r\n<\/div><\/div>\r\n\r\n\r\n<div style=\"display: flex;\r\n  align-items: center;\r\n  justify-content: center;\">\r\n  <div style=\"float:left !important; margin-right:10px; width: 80% !important; margin-bottom: 20px;\">\r\n<input style=\"border-radius: 8px;  padding: 12px 12px\" type=\"email\" name=\"EMAIL\" placeholder=\"Su direcci\u00f3n de correo electr\u00f3nico\" required \/>\r\n<\/div>\r\n\r\n <div style=\"float:left !important; margin-right:10px; width: 20% !important; margin-bottom: 20px;\">\r\n\t<input style=\"background-color: #008bd4 !important; border-radius: 8px; border-color: #008bd4 !important; color: #ffffff !important; font-family: Raleway; font-weight: 600; padding: 12px 22px; font-size: 13px;\" type=\"submit\" value=\"Suscr\u00edbase\" \/>\r\n<\/div>\r\n<\/div>\r\n<\/div><label style=\"display: none !important;\">Laissez ce champ vide si vous \u00eates humain\u00a0: <input type=\"text\" name=\"_mc4wp_honeypot\" value=\"\" tabindex=\"-1\" autocomplete=\"off\" \/><\/label><input type=\"hidden\" name=\"_mc4wp_timestamp\" value=\"1775523668\" \/><input type=\"hidden\" name=\"_mc4wp_form_id\" value=\"4274\" \/><input type=\"hidden\" name=\"_mc4wp_form_element_id\" value=\"mc4wp-form-2\" \/><div class=\"mc4wp-response\"><\/div><\/form><!-- \/ Mailchimp for WordPress Plugin -->[\/vc_column_text][\/vc_column_inner][vc_column_inner width=\u00a0\u00bb1\/4&Prime;][\/vc_column_inner][\/vc_row_inner][vc_row_inner row_type=\u00a0\u00bbrow\u00a0\u00bb type=\u00a0\u00bbfull_width\u00a0\u00bb text_align=\u00a0\u00bbleft\u00a0\u00bb css_animation=\u00a0\u00bb\u00a0\u00bb][vc_column_inner][vc_empty_space height=\u00a0\u00bb62px\u00a0\u00bb][\/vc_column_inner][\/vc_row_inner][\/vc_column][\/vc_row]<\/p>\n<\/div>","protected":false},"excerpt":{"rendered":"<p>[vc_row css_animation=\u00a0\u00bb\u00a0\u00bb row_type=\u00a0\u00bbrow\u00a0\u00bb use_row_as_full_screen_section=\u00a0\u00bbno\u00a0\u00bb type=\u00a0\u00bbgrid\u00a0\u00bb angled_section=\u00a0\u00bbno\u00a0\u00bb text_align=\u00a0\u00bbleft\u00a0\u00bb background_image_as_pattern=\u00a0\u00bbwithout_pattern\u00a0\u00bb z_index=\u00a0\u00bb\u00a0\u00bb css=\u00a0\u00bb.vc_custom_1725962007653{background-color: #F8FAFC !important;}\u00a0\u00bb][vc_column width=\u00a0\u00bb2\/3&Prime;][vc_empty_space][vc_column_text css=\u00a0\u00bb\u00a0\u00bb] El Cat\u00e1logo Razonado Digital: Base indispensable para la versi\u00f3n impresa [\/vc_column_text][vc_empty_space height=\u00a0\u00bb20px\u00a0\u00bb][vc_column_text css=\u00a0\u00bb\u00a0\u00bb] El \u00e9xito de un Cat\u00e1logo razonado en papel depende de una organizaci\u00f3n rigurosa y una estructuraci\u00f3n precisa de&#8230;<\/p>\n","protected":false},"author":3,"featured_media":0,"parent":5884,"menu_order":0,"comment_status":"closed","ping_status":"closed","template":"full_width.php","meta":{"_monsterinsights_skip_tracking":false,"_monsterinsights_sitenote_active":false,"_monsterinsights_sitenote_note":"","_monsterinsights_sitenote_category":0,"footnotes":""},"class_list":["post-5768","page","type-page","status-publish","hentry"],"yoast_head":"<!-- This site is optimized with the Yoast SEO plugin v26.9 - https:\/\/yoast.com\/product\/yoast-seo-wordpress\/ -->\n<title>Cat\u00e1logo Razonado Digital: base esencial para la versi\u00f3n impresa<\/title>\n<meta name=\"description\" content=\"Descubre por qu\u00e9 el cat\u00e1logo razonado digital es fundamental para crear una versi\u00f3n impresa precisa y confiable.\" \/>\n<meta name=\"robots\" content=\"index, follow, max-snippet:-1, max-image-preview:large, max-video-preview:-1\" \/>\n<link rel=\"canonical\" href=\"https:\/\/inventozen.com\/index.php\/es\/aticulo-esencial-catalogo-razonado\/el-catalogo-razonado-digital-base-indispensable-para-la-version-impresa\/\" \/>\n<meta property=\"og:locale\" content=\"fr_FR\" \/>\n<meta property=\"og:type\" content=\"article\" \/>\n<meta property=\"og:title\" content=\"Cat\u00e1logo Razonado Digital: base esencial para la versi\u00f3n impresa\" \/>\n<meta property=\"og:description\" content=\"Descubre por qu\u00e9 el cat\u00e1logo razonado digital es fundamental para crear una versi\u00f3n impresa precisa y confiable.\" \/>\n<meta property=\"og:url\" content=\"https:\/\/inventozen.com\/index.php\/es\/aticulo-esencial-catalogo-razonado\/el-catalogo-razonado-digital-base-indispensable-para-la-version-impresa\/\" \/>\n<meta property=\"og:site_name\" content=\"InventoZen\" \/>\n<meta property=\"article:modified_time\" content=\"2025-07-17T13:13:10+00:00\" \/>\n<meta name=\"twitter:card\" content=\"summary_large_image\" \/>\n<meta name=\"twitter:label1\" content=\"Dur\u00e9e de lecture estim\u00e9e\" \/>\n\t<meta name=\"twitter:data1\" content=\"3 minutes\" \/>\n<script type=\"application\/ld+json\" class=\"yoast-schema-graph\">{\"@context\":\"https:\/\/schema.org\",\"@graph\":[{\"@type\":\"WebPage\",\"@id\":\"https:\/\/inventozen.com\/index.php\/es\/aticulo-esencial-catalogo-razonado\/el-catalogo-razonado-digital-base-indispensable-para-la-version-impresa\/\",\"url\":\"https:\/\/inventozen.com\/index.php\/es\/aticulo-esencial-catalogo-razonado\/el-catalogo-razonado-digital-base-indispensable-para-la-version-impresa\/\",\"name\":\"Cat\u00e1logo Razonado Digital: base esencial para la versi\u00f3n impresa\",\"isPartOf\":{\"@id\":\"https:\/\/inventozen.com\/#website\"},\"datePublished\":\"2025-07-16T10:14:53+00:00\",\"dateModified\":\"2025-07-17T13:13:10+00:00\",\"description\":\"Descubre por qu\u00e9 el cat\u00e1logo razonado digital es fundamental para crear una versi\u00f3n impresa precisa y confiable.\",\"breadcrumb\":{\"@id\":\"https:\/\/inventozen.com\/index.php\/es\/aticulo-esencial-catalogo-razonado\/el-catalogo-razonado-digital-base-indispensable-para-la-version-impresa\/#breadcrumb\"},\"inLanguage\":\"fr-FR\",\"potentialAction\":[{\"@type\":\"ReadAction\",\"target\":[\"https:\/\/inventozen.com\/index.php\/es\/aticulo-esencial-catalogo-razonado\/el-catalogo-razonado-digital-base-indispensable-para-la-version-impresa\/\"]}]},{\"@type\":\"BreadcrumbList\",\"@id\":\"https:\/\/inventozen.com\/index.php\/es\/aticulo-esencial-catalogo-razonado\/el-catalogo-razonado-digital-base-indispensable-para-la-version-impresa\/#breadcrumb\",\"itemListElement\":[{\"@type\":\"ListItem\",\"position\":1,\"name\":\"Accueil\",\"item\":\"https:\/\/inventozen.com\/\"},{\"@type\":\"ListItem\",\"position\":2,\"name\":\"Art\u00edculo esencial \u2013 Cat\u00e1logo razonado\",\"item\":\"https:\/\/inventozen.com\/index.php\/es\/aticulo-esencial-catalogo-razonado\/\"},{\"@type\":\"ListItem\",\"position\":3,\"name\":\"El Cat\u00e1logo Razonado Digital: Base indispensable para la versi\u00f3n impresa\"}]},{\"@type\":\"WebSite\",\"@id\":\"https:\/\/inventozen.com\/#website\",\"url\":\"https:\/\/inventozen.com\/\",\"name\":\"InventoZen\",\"description\":\"La technologie au service de l&#039;art\",\"potentialAction\":[{\"@type\":\"SearchAction\",\"target\":{\"@type\":\"EntryPoint\",\"urlTemplate\":\"https:\/\/inventozen.com\/?s={search_term_string}\"},\"query-input\":{\"@type\":\"PropertyValueSpecification\",\"valueRequired\":true,\"valueName\":\"search_term_string\"}}],\"inLanguage\":\"fr-FR\"}]}<\/script>\n<!-- \/ Yoast SEO plugin. -->","yoast_head_json":{"title":"Cat\u00e1logo Razonado Digital: base esencial para la versi\u00f3n impresa","description":"Descubre por qu\u00e9 el cat\u00e1logo razonado digital es fundamental para crear una versi\u00f3n impresa precisa y confiable.","robots":{"index":"index","follow":"follow","max-snippet":"max-snippet:-1","max-image-preview":"max-image-preview:large","max-video-preview":"max-video-preview:-1"},"canonical":"https:\/\/inventozen.com\/index.php\/es\/aticulo-esencial-catalogo-razonado\/el-catalogo-razonado-digital-base-indispensable-para-la-version-impresa\/","og_locale":"fr_FR","og_type":"article","og_title":"Cat\u00e1logo Razonado Digital: base esencial para la versi\u00f3n impresa","og_description":"Descubre por qu\u00e9 el cat\u00e1logo razonado digital es fundamental para crear una versi\u00f3n impresa precisa y confiable.","og_url":"https:\/\/inventozen.com\/index.php\/es\/aticulo-esencial-catalogo-razonado\/el-catalogo-razonado-digital-base-indispensable-para-la-version-impresa\/","og_site_name":"InventoZen","article_modified_time":"2025-07-17T13:13:10+00:00","twitter_card":"summary_large_image","twitter_misc":{"Dur\u00e9e de lecture estim\u00e9e":"3 minutes"},"schema":{"@context":"https:\/\/schema.org","@graph":[{"@type":"WebPage","@id":"https:\/\/inventozen.com\/index.php\/es\/aticulo-esencial-catalogo-razonado\/el-catalogo-razonado-digital-base-indispensable-para-la-version-impresa\/","url":"https:\/\/inventozen.com\/index.php\/es\/aticulo-esencial-catalogo-razonado\/el-catalogo-razonado-digital-base-indispensable-para-la-version-impresa\/","name":"Cat\u00e1logo Razonado Digital: base esencial para la versi\u00f3n impresa","isPartOf":{"@id":"https:\/\/inventozen.com\/#website"},"datePublished":"2025-07-16T10:14:53+00:00","dateModified":"2025-07-17T13:13:10+00:00","description":"Descubre por qu\u00e9 el cat\u00e1logo razonado digital es fundamental para crear una versi\u00f3n impresa precisa y confiable.","breadcrumb":{"@id":"https:\/\/inventozen.com\/index.php\/es\/aticulo-esencial-catalogo-razonado\/el-catalogo-razonado-digital-base-indispensable-para-la-version-impresa\/#breadcrumb"},"inLanguage":"fr-FR","potentialAction":[{"@type":"ReadAction","target":["https:\/\/inventozen.com\/index.php\/es\/aticulo-esencial-catalogo-razonado\/el-catalogo-razonado-digital-base-indispensable-para-la-version-impresa\/"]}]},{"@type":"BreadcrumbList","@id":"https:\/\/inventozen.com\/index.php\/es\/aticulo-esencial-catalogo-razonado\/el-catalogo-razonado-digital-base-indispensable-para-la-version-impresa\/#breadcrumb","itemListElement":[{"@type":"ListItem","position":1,"name":"Accueil","item":"https:\/\/inventozen.com\/"},{"@type":"ListItem","position":2,"name":"Art\u00edculo esencial \u2013 Cat\u00e1logo razonado","item":"https:\/\/inventozen.com\/index.php\/es\/aticulo-esencial-catalogo-razonado\/"},{"@type":"ListItem","position":3,"name":"El Cat\u00e1logo Razonado Digital: Base indispensable para la versi\u00f3n impresa"}]},{"@type":"WebSite","@id":"https:\/\/inventozen.com\/#website","url":"https:\/\/inventozen.com\/","name":"InventoZen","description":"La technologie au service de l&#039;art","potentialAction":[{"@type":"SearchAction","target":{"@type":"EntryPoint","urlTemplate":"https:\/\/inventozen.com\/?s={search_term_string}"},"query-input":{"@type":"PropertyValueSpecification","valueRequired":true,"valueName":"search_term_string"}}],"inLanguage":"fr-FR"}]}},"_links":{"self":[{"href":"https:\/\/inventozen.com\/index.php\/wp-json\/wp\/v2\/pages\/5768","targetHints":{"allow":["GET"]}}],"collection":[{"href":"https:\/\/inventozen.com\/index.php\/wp-json\/wp\/v2\/pages"}],"about":[{"href":"https:\/\/inventozen.com\/index.php\/wp-json\/wp\/v2\/types\/page"}],"author":[{"embeddable":true,"href":"https:\/\/inventozen.com\/index.php\/wp-json\/wp\/v2\/users\/3"}],"replies":[{"embeddable":true,"href":"https:\/\/inventozen.com\/index.php\/wp-json\/wp\/v2\/comments?post=5768"}],"version-history":[{"count":2,"href":"https:\/\/inventozen.com\/index.php\/wp-json\/wp\/v2\/pages\/5768\/revisions"}],"predecessor-version":[{"id":5773,"href":"https:\/\/inventozen.com\/index.php\/wp-json\/wp\/v2\/pages\/5768\/revisions\/5773"}],"up":[{"embeddable":true,"href":"https:\/\/inventozen.com\/index.php\/wp-json\/wp\/v2\/pages\/5884"}],"wp:attachment":[{"href":"https:\/\/inventozen.com\/index.php\/wp-json\/wp\/v2\/media?parent=5768"}],"curies":[{"name":"wp","href":"https:\/\/api.w.org\/{rel}","templated":true}]}}